{"id":46830,"date":"2021-12-03T00:22:06","date_gmt":"2021-12-02T23:22:06","guid":{"rendered":"https:\/\/lkw-teile-truckmotive.de\/index.php\/produkt\/leuchtmittel-birne-soffitenlampe-24v-10w-roehre-105x41-universal-einsetzbar"},"modified":"2026-04-15T13:12:44","modified_gmt":"2026-04-15T11:12:44","slug":"leuchtmittel-birne-soffitenlampe-24v-10w-roehre-105x41-universal-einsetzbar","status":"publish","type":"product","link":"https:\/\/lkw-teile-truckmotive.de\/index.php\/produkt\/leuchtmittel-birne-soffitenlampe-24v-10w-roehre-105x41-universal-einsetzbar","title":{"rendered":"Leuchtmittel Birne Soffitenlampe 24V\/10W R\u00f6hre 10,5&#215;41 universal einsetzbar"},"content":{"rendered":"<div style=\"font-size:15px\">\n<h4>Leuchtmittel Birne Soffitenlampe 24V\/10W R\u00f6hre 10,5&#215;41 universal einsetzbar<\/h4>\n<div class=\"table_info\">\n<p>Original Hella Gl\u00fchlampe &#8211; Innenraumleuchte\/Kennzeicheleuchte<\/p>\n<table>\n<tr>\n<td>Spannung<\/td>\n<td>24V<\/td>\n<\/tr>\n<tr>\n<td>Nennleistung<\/td>\n<td>10W<\/td>\n<\/tr>\n<tr>\n<td>Lampenart<\/td>\n<td>Soffittenlampe<\/td>\n<\/tr>\n<tr>\n<td>L\u00e4nge<\/td>\n<td>41mm<\/td>\n<\/tr>\n<tr>\n<td>Sockelausf\u00fchrung<\/td>\n<td>SV8,5-8<\/td>\n<\/tr>\n<tr>\n<td>DIN\/ISO<\/td>\n<td>72601<\/td>\n<\/tr>\n<\/table>\n<\/p><\/div>\n<p>                <span style=\"font-size:1px;color:white\">LKW, Nutzfahrzeug, universal, universell, Gl\u00fch, Lampe, Gl\u00fchlampe, Gl\u00fchbirne, Birne, Kolbenform, Sockel, Sockelausf\u00fchrung, Nennleistung, Watt, Volt, W, V, Spannung, Hella, Licht, L\u00e4mpchen, Birnchen, links, rechts, Pr\u00fcfzeichen, Lampenart, Leuchte, Leuchtmittel, ECE, Soffitenlampe, R\u00f6hre, Innenraum, Innenraumleuchte, Kennzeichen, Kennzeichenleuchte, DIN, ISO, 72601<\/span><\/p>\n<h4>OE &amp; OEM Referenznummern:<\/h4>\n<p><a href=\"https:\/\/lkw-teile-truckmotive.de\/products\/910151024000\">910151024000<\/a>, <a href=\"https:\/\/lkw-teile-truckmotive.de\/products\/7400182040\">7400182040<\/a>, <a href=\"https:\/\/lkw-teile-truckmotive.de\/products\/5003097048\">5003097048<\/a>, <a href=\"https:\/\/lkw-teile-truckmotive.de\/products\/0005446394\">0005446394<\/a>, <a href=\"https:\/\/lkw-teile-truckmotive.de\/products\/182040\">182040<\/a>, <a href=\"https:\/\/lkw-teile-truckmotive.de\/products\/072601024121\">072601024121<\/a>, <a href=\"https:\/\/lkw-teile-truckmotive.de\/products\/33927\">33927<\/a>, <a href=\"https:\/\/lkw-teile-truckmotive.de\/products\/1987302521\">1987302521<\/a>, <a href=\"https:\/\/lkw-teile-truckmotive.de\/products\/33927\">33927<\/a>, <a href=\"https:\/\/lkw-teile-truckmotive.de\/products\/072601024121\">072601024121<\/a>, <a href=\"https:\/\/lkw-teile-truckmotive.de\/products\/910151024000\">910151024000<\/a>, <a href=\"https:\/\/lkw-teile-truckmotive.de\/products\/0005446394\">0005446394<\/a>, <a href=\"https:\/\/lkw-teile-truckmotive.de\/products\/5003097048\">5003097048<\/a>, <a href=\"https:\/\/lkw-teile-truckmotive.de\/products\/182040\">182040<\/a>, <a href=\"https:\/\/lkw-teile-truckmotive.de\/products\/7400182040\">7400182040<\/a>, <a href=\"https:\/\/lkw-teile-truckmotive.de\/products\/1987302521\">1987302521<\/a>, <a href=\"https:\/\/lkw-teile-truckmotive.de\/products\/13866CP\">13866CP<\/a>, <a href=\"https:\/\/lkw-teile-truckmotive.de\/products\/\"><\/a><\/p>\n<p><span style=\"font-size:12px\"><b>Hinweis: <\/b><br \/>Alle aufgef\u00fchrten Marken, Referenzen sowie Vergleichsnummern dienen lediglich dem Vergleichszweck.<br \/>\nDie angebotenen Artikel sind, sofern nicht anders angegeben, Nachbauteile in Erstausr\u00fcsterqualit\u00e4t.<\/span><\/p>\n<details>\n<summary style=\"cursor: pointer;color: #06c;font-size: 15px\">Herstellerinformation<\/summary>\n<div class=\"manufacturer-info\" style=\"padding: 10px;border: 1px solid #888;margin-top: 10px;background-color: #f9f9f9\">\n<p><b>HELLA GmbH &amp; Co. KGaA<\/b><br \/>Rixbecker Str. 75<br \/>DE-59552 Lippstadt &#8211; DE<br \/>Tel.: +49 (0) 2941\/38-0<br \/>Mail: info@forvia.com<\/p>\n<\/p><\/div>\n<\/details><\/div>\n","protected":false},"excerpt":{"rendered":"<div style=\"font-size:15px\">\n<p style=\"font-size:17px;color:black\"><b>Lieferumfang:<\/b><\/p>\n<p style=\"padding-top:6px\">1x Hella Soffitenlampe 24V\/10W<\/p>\n<p><\/br><\/p>\n<p style=\"font-size:17px;color:black\"><b>Passend f\u00fcr<\/b><\/p>\n<ul style=\"padding-top:6px\">\n<li>Universal einsetzbar<\/li>\n<\/ul>\n<p><span style=\"font-size:12px\">Das Ersatzteil passt unter anderem f\u00fcr die oben genannten Modelle. Bitte pr\u00fcfen Sie die Ersatzteil-Nummer, um eine Fehlbestellung zu vermeiden. Nicht sicher, ob das Teil passt? Kontaktieren Sie uns!<\/span><\/p>\n<\/div>\n","protected":false},"featured_media":178843,"comment_status":"open","ping_status":"closed","template":"","meta":[],"_links":{"self":[{"href":"https:\/\/lkw-teile-truckmotive.de\/index.php\/wp-json\/wp\/v2\/product\/46830"}],"collection":[{"href":"https:\/\/lkw-teile-truckmotive.de\/index.php\/wp-json\/wp\/v2\/product"}],"about":[{"href":"https:\/\/lkw-teile-truckmotive.de\/index.php\/wp-json\/wp\/v2\/types\/product"}],"replies":[{"embeddable":true,"href":"https:\/\/lkw-teile-truckmotive.de\/index.php\/wp-json\/wp\/v2\/comments?post=46830"}],"wp:featuredmedia":[{"embeddable":true,"href":"https:\/\/lkw-teile-truckmotive.de\/index.php\/wp-json\/wp\/v2\/media\/178843"}],"wp:attachment":[{"href":"https:\/\/lkw-teile-truckmotive.de\/index.php\/wp-json\/wp\/v2\/media?parent=46830"}],"curies":[{"name":"wp","href":"https:\/\/api.w.org\/{rel}","templated":true}]}}