{"id":46843,"date":"2021-12-03T00:22:36","date_gmt":"2021-12-02T23:22:36","guid":{"rendered":"https:\/\/lkw-teile-truckmotive.de\/index.php\/produkt\/leuchtmittel-birne-24v-h4-75-70w-p43-halogen-universal-einsetzbar"},"modified":"2026-02-10T11:16:40","modified_gmt":"2026-02-10T10:16:40","slug":"leuchtmittel-birne-24v-h4-75-70w-p43-halogen-universal-einsetzbar","status":"publish","type":"product","link":"https:\/\/lkw-teile-truckmotive.de\/index.php\/produkt\/leuchtmittel-birne-24v-h4-75-70w-p43-halogen-universal-einsetzbar","title":{"rendered":"Leuchtmittel Birne 24V\/H4 75\/70W P43 Halogen universal einsetzbar"},"content":{"rendered":"<div style=\"font-size:15px\">\n<h4>Leuchtmittel Birne 24V\/H4 75\/70W P43 Halogen universal einsetzbar<\/h4>\n<div class=\"table_info\">\n<p>Original Hella Gl\u00fchlampe<\/p>\n<table>\n<tr>\n<td>Lampenart<\/td>\n<td>H4<\/td>\n<\/tr>\n<tr>\n<td>Nennleistung<\/td>\n<td>70\/75W<\/td>\n<\/tr>\n<tr>\n<td>Sockelausf\u00fchrung<\/td>\n<td>P43 t-38<\/td>\n<\/tr>\n<tr>\n<td>Spannung<\/td>\n<td>24V<\/td>\n<\/tr>\n<tr>\n<td>Pr\u00fcfzeichen<\/td>\n<td>ECE<\/td>\n<\/tr>\n<tr>\n<td>Leuchten-Bauart<\/td>\n<td>Halogen<\/td>\n<\/tr>\n<\/table>\n<\/p><\/div>\n<p>                <span style=\"font-size:1px;color:white\">LKW, Nutzfahrzeug, universal, universell, Gl\u00fch, Lampe, Gl\u00fchlampe, Gl\u00fchbirne, Birne, Kolbenform, Sockel, Sockelausf\u00fchrung, Nennleistung, Watt, Volt, W, V, Spannung, Hella, Licht, L\u00e4mpchen, Birnchen, links, rechts, Pr\u00fcfzeichen, Lampenart, Leuchte, Leuchtmittel, Halogen, ECE, H4, P43T-38<\/span><\/p>\n<h4>OE &amp; OEM Referenznummern:<\/h4>\n<p><a href=\"https:\/\/lkw-teile-truckmotive.de\/products\/8GJ+002+525-251\">8GJ 002 525-251<\/a>, <a href=\"https:\/\/lkw-teile-truckmotive.de\/products\/8GJ002525251\">8GJ002525251<\/a>, <a href=\"https:\/\/lkw-teile-truckmotive.de\/products\/8GJ002525-251\">8GJ002525-251<\/a>, <a href=\"https:\/\/lkw-teile-truckmotive.de\/products\/3600933\">3600933<\/a>, <a href=\"https:\/\/lkw-teile-truckmotive.de\/products\/3402650\">3402650<\/a>, <a href=\"https:\/\/lkw-teile-truckmotive.de\/products\/200847810\">200847810<\/a>, <a href=\"https:\/\/lkw-teile-truckmotive.de\/products\/011028723\">011028723<\/a>, <a href=\"https:\/\/lkw-teile-truckmotive.de\/products\/277855\">277855<\/a>, <a href=\"https:\/\/lkw-teile-truckmotive.de\/products\/964763\">964763<\/a>, <a href=\"https:\/\/lkw-teile-truckmotive.de\/products\/617013\">617013<\/a>, <a href=\"https:\/\/lkw-teile-truckmotive.de\/products\/607023414\">607023414<\/a>, <a href=\"https:\/\/lkw-teile-truckmotive.de\/products\/151001200\">151001200<\/a>, <a href=\"https:\/\/lkw-teile-truckmotive.de\/products\/1354889\">1354889<\/a>, <a href=\"https:\/\/lkw-teile-truckmotive.de\/products\/81259010083\">81259010083<\/a>, <a href=\"https:\/\/lkw-teile-truckmotive.de\/products\/0617013\">0617013<\/a>, <a href=\"https:\/\/lkw-teile-truckmotive.de\/products\/5350660912\">5350660912<\/a>, <a href=\"https:\/\/lkw-teile-truckmotive.de\/products\/5003097058\">5003097058<\/a>, <a href=\"https:\/\/lkw-teile-truckmotive.de\/products\/072601024802\">072601024802<\/a>, <a href=\"https:\/\/lkw-teile-truckmotive.de\/products\/07260102480264\">07260102480264<\/a>, <a href=\"https:\/\/lkw-teile-truckmotive.de\/products\/246855\">246855<\/a>, <a href=\"https:\/\/lkw-teile-truckmotive.de\/products\/81259010055\">81259010055<\/a>, <a href=\"https:\/\/lkw-teile-truckmotive.de\/products\/01171261\">01171261<\/a>, <a href=\"https:\/\/lkw-teile-truckmotive.de\/products\/281855\">281855<\/a>, <a href=\"https:\/\/lkw-teile-truckmotive.de\/products\/6201140\">6201140<\/a>, <a href=\"https:\/\/lkw-teile-truckmotive.de\/products\/607023408\">607023408<\/a>, <a href=\"https:\/\/lkw-teile-truckmotive.de\/products\/6070234\">6070234<\/a>, <a href=\"https:\/\/lkw-teile-truckmotive.de\/products\/061381\">061381<\/a>, <a href=\"https:\/\/lkw-teile-truckmotive.de\/products\/\"><\/a>, <a href=\"https:\/\/lkw-teile-truckmotive.de\/products\/1987302441\">1987302441<\/a><\/p>\n<p><span style=\"font-size:12px\"><b>Hinweis: <\/b><br \/>Alle aufgef\u00fchrten Marken, Referenzen sowie Vergleichsnummern dienen lediglich dem Vergleichszweck.<br \/>\nDie angebotenen Artikel sind, sofern nicht anders angegeben, Nachbauteile in Erstausr\u00fcsterqualit\u00e4t.<\/span><\/p>\n<details>\n<summary style=\"cursor: pointer;color: #06c;font-size: 15px\">Herstellerinformation<\/summary>\n<div class=\"manufacturer-info\" style=\"padding: 10px;border: 1px solid #888;margin-top: 10px;background-color: #f9f9f9\">\n<p><b>HELLA GmbH &amp; Co. KGaA<\/b><br \/>Rixbecker Str. 75<br \/>DE-59552 Lippstadt &#8211; DE<br \/>Tel.: +49 (0) 2941\/38-0<br \/>Mail: info@forvia.com<\/p>\n<\/p><\/div>\n<\/details><\/div>\n","protected":false},"excerpt":{"rendered":"<div style=\"font-size:15px\">\n<p style=\"font-size:17px;color:black\"><b>Lieferumfang:<\/b><\/p>\n<p style=\"padding-top:6px\">1x Gl\u00fchlampe<\/p>\n<p><\/br><\/p>\n<p style=\"font-size:17px;color:black\"><b>Passend f\u00fcr<\/b><\/p>\n<ul style=\"padding-top:6px\">\n<li>universal einsetzbar\n\t\t\t\t<\/ul>\n<p><span style=\"font-size:12px\">Das Ersatzteil passt unter anderem f\u00fcr die oben genannten Modelle. Bitte pr\u00fcfen Sie die Ersatzteil-Nummer, um eine Fehlbestellung zu vermeiden. Nicht sicher, ob das Teil passt? Kontaktieren Sie uns!<\/span><\/p>\n<\/div>\n","protected":false},"featured_media":174419,"comment_status":"open","ping_status":"closed","template":"","meta":[],"_links":{"self":[{"href":"https:\/\/lkw-teile-truckmotive.de\/index.php\/wp-json\/wp\/v2\/product\/46843"}],"collection":[{"href":"https:\/\/lkw-teile-truckmotive.de\/index.php\/wp-json\/wp\/v2\/product"}],"about":[{"href":"https:\/\/lkw-teile-truckmotive.de\/index.php\/wp-json\/wp\/v2\/types\/product"}],"replies":[{"embeddable":true,"href":"https:\/\/lkw-teile-truckmotive.de\/index.php\/wp-json\/wp\/v2\/comments?post=46843"}],"wp:featuredmedia":[{"embeddable":true,"href":"https:\/\/lkw-teile-truckmotive.de\/index.php\/wp-json\/wp\/v2\/media\/174419"}],"wp:attachment":[{"href":"https:\/\/lkw-teile-truckmotive.de\/index.php\/wp-json\/wp\/v2\/media?parent=46843"}],"curies":[{"name":"wp","href":"https:\/\/api.w.org\/{rel}","templated":true}]}}