{"id":46872,"date":"2021-12-03T00:23:53","date_gmt":"2021-12-02T23:23:53","guid":{"rendered":"https:\/\/lkw-teile-truckmotive.de\/index.php\/produkt\/leuchtmittel-birne-24v-1-2w-sockelgluehlampe-mit-fassung-universal-einsetzbar"},"modified":"2026-02-09T13:01:11","modified_gmt":"2026-02-09T12:01:11","slug":"leuchtmittel-birne-24v-1-2w-sockelgluehlampe-mit-fassung-universal-einsetzbar","status":"publish","type":"product","link":"https:\/\/lkw-teile-truckmotive.de\/index.php\/produkt\/leuchtmittel-birne-24v-1-2w-sockelgluehlampe-mit-fassung-universal-einsetzbar","title":{"rendered":"Leuchtmittel Birne 24V\/1.2W Sockelgl\u00fchlampe mit Fassung universal einsetzbar"},"content":{"rendered":"<div style=\"font-size:15px\">\n<h4>Leuchtmittel Birne 24V\/1.2W Sockelgl\u00fchlampe mit Fassung universal einsetzbar<\/h4>\n<div class=\"table_info\">\n<p>Original Hella Gl\u00fchlampe<\/p>\n<table>\n<tr>\n<td>Lampenart<\/td>\n<td>Sockelgl\u00fchlampe<\/td>\n<\/tr>\n<tr>\n<td>Nennleistung<\/td>\n<td>1,2W<\/td>\n<\/tr>\n<tr>\n<td>Sockelausf\u00fchrung<\/td>\n<td>B 8,5 d<\/td>\n<\/tr>\n<tr>\n<td>Spannung<\/td>\n<td>24V<\/td>\n<\/tr>\n<tr>\n<td>Farbe<\/td>\n<td>grau<\/td>\n<\/tr>\n<\/table>\n<\/p><\/div>\n<p>                <span style=\"font-size:1px;color:white\">LKW, Nutzfahrzeug, universal, universell, Gl\u00fch, Lampe, Gl\u00fchlampe, Gl\u00fchbirne, Birne, Kolbenform, Sockel, Sockelausf\u00fchrung, Nennleistung, Watt, Volt, W, V, Spannung, Hella, Licht, L\u00e4mpchen, Birnchen, links, rechts, Pr\u00fcfzeichen, Lampenart, Leuchte, Leuchtmittel, ECE, <\/span><\/p>\n<h4>OE &amp; OEM Referenznummern:<\/h4>\n<p><a href=\"https:\/\/lkw-teile-truckmotive.de\/products\/8GA+007+997-071\">8GA 007 997-071<\/a>, <a href=\"https:\/\/lkw-teile-truckmotive.de\/products\/8GA007997-071\">8GA007997-071<\/a>, <a href=\"https:\/\/lkw-teile-truckmotive.de\/products\/8GA007997071\">8GA007997071<\/a>, <a href=\"https:\/\/lkw-teile-truckmotive.de\/products\/966+327\">966 327<\/a>, <a href=\"https:\/\/lkw-teile-truckmotive.de\/products\/966327\">966327<\/a>, <a href=\"https:\/\/lkw-teile-truckmotive.de\/products\/81259010086\">81259010086<\/a>, <a href=\"https:\/\/lkw-teile-truckmotive.de\/products\/2670-035-000\">2670-035-000<\/a>, <a href=\"https:\/\/lkw-teile-truckmotive.de\/products\/981189\">981189<\/a>, <a href=\"https:\/\/lkw-teile-truckmotive.de\/products\/308780\">308780<\/a>, <a href=\"https:\/\/lkw-teile-truckmotive.de\/products\/966327\">966327<\/a>, <a href=\"https:\/\/lkw-teile-truckmotive.de\/products\/977708\">977708<\/a>, <a href=\"https:\/\/lkw-teile-truckmotive.de\/products\/81259010086\">81259010086<\/a>, <a href=\"https:\/\/lkw-teile-truckmotive.de\/products\/0025443594\">0025443594<\/a>, <a href=\"https:\/\/lkw-teile-truckmotive.de\/products\/1987302514\">1987302514<\/a>, <a href=\"https:\/\/lkw-teile-truckmotive.de\/products\/13598CP\">13598CP<\/a><\/p>\n<p><span style=\"font-size:12px\"><b>Hinweis: <\/b><br \/>Alle aufgef\u00fchrten Marken, Referenzen sowie Vergleichsnummern dienen lediglich dem Vergleichszweck.<br \/>\nDie angebotenen Artikel sind, sofern nicht anders angegeben, Nachbauteile in Erstausr\u00fcsterqualit\u00e4t.<\/span><\/p>\n<details>\n<summary style=\"cursor: pointer;color: #06c;font-size: 15px\">Herstellerinformation<\/summary>\n<div class=\"manufacturer-info\" style=\"padding: 10px;border: 1px solid #888;margin-top: 10px;background-color: #f9f9f9\">\n<p><b>HELLA GmbH &amp; Co. KGaA<\/b><br \/>Rixbecker Str. 75<br \/>DE-59552 Lippstadt &#8211; DE<br \/>Tel.: +49 (0) 2941\/38-0<br \/>Mail: info@forvia.com<\/p>\n<\/p><\/div>\n<\/details><\/div>\n","protected":false},"excerpt":{"rendered":"<div style=\"font-size:15px\">\n<p style=\"font-size:17px;color:black\"><b>Lieferumfang:<\/b><\/p>\n<p style=\"padding-top:6px\">1x Gl\u00fchlampe<\/p>\n<p><\/br><\/p>\n<p style=\"font-size:17px;color:black\"><b>Passend f\u00fcr<\/b><\/p>\n<ul style=\"padding-top:6px\">\n<li>universal einsetzbar<\/li>\n<\/ul>\n<p><span style=\"font-size:12px\">Das Ersatzteil passt unter anderem f\u00fcr die oben genannten Modelle. Bitte pr\u00fcfen Sie die Ersatzteil-Nummer, um eine Fehlbestellung zu vermeiden. Nicht sicher, ob das Teil passt? Kontaktieren Sie uns!<\/span><\/p>\n<\/div>\n","protected":false},"featured_media":174351,"comment_status":"open","ping_status":"closed","template":"","meta":[],"_links":{"self":[{"href":"https:\/\/lkw-teile-truckmotive.de\/index.php\/wp-json\/wp\/v2\/product\/46872"}],"collection":[{"href":"https:\/\/lkw-teile-truckmotive.de\/index.php\/wp-json\/wp\/v2\/product"}],"about":[{"href":"https:\/\/lkw-teile-truckmotive.de\/index.php\/wp-json\/wp\/v2\/types\/product"}],"replies":[{"embeddable":true,"href":"https:\/\/lkw-teile-truckmotive.de\/index.php\/wp-json\/wp\/v2\/comments?post=46872"}],"wp:featuredmedia":[{"embeddable":true,"href":"https:\/\/lkw-teile-truckmotive.de\/index.php\/wp-json\/wp\/v2\/media\/174351"}],"wp:attachment":[{"href":"https:\/\/lkw-teile-truckmotive.de\/index.php\/wp-json\/wp\/v2\/media?parent=46872"}],"curies":[{"name":"wp","href":"https:\/\/api.w.org\/{rel}","templated":true}]}}