{"id":46881,"date":"2021-12-03T00:24:17","date_gmt":"2021-12-02T23:24:17","guid":{"rendered":"https:\/\/lkw-teile-truckmotive.de\/index.php\/produkt\/leuchtmittel-birne-24v-h21w-halogen-blinklicht-passend-fuer-volvo-fh12"},"modified":"2025-07-10T19:01:10","modified_gmt":"2025-07-10T17:01:10","slug":"leuchtmittel-birne-24v-h21w-halogen-blinklicht-passend-fuer-volvo-fh12","status":"publish","type":"product","link":"https:\/\/lkw-teile-truckmotive.de\/index.php\/produkt\/leuchtmittel-birne-24v-h21w-halogen-blinklicht-passend-fuer-volvo-fh12","title":{"rendered":"Leuchtmittel Birne 24V\/H21W Halogen Blinklicht passend f\u00fcr Volvo FH12, MAN, Scania"},"content":{"rendered":"<div style=\"font-size:15px\">\n<h4>Leuchtmittel Birne 24V\/H21W Halogen Blinklicht passend f\u00fcr Volvo FH12, MAN, Scania<\/h4>\n<div class=\"table_info\">\n<p>Original Hella Gl\u00fchlampe<\/p>\n<table>\n<tr>\n<td>Lampenart<\/td>\n<td>H21W<\/td>\n<\/tr>\n<tr>\n<td>Nennleistung<\/td>\n<td>21W<\/td>\n<\/tr>\n<tr>\n<td>Sockelausf\u00fchrung<\/td>\n<td>BAY9s<\/td>\n<\/tr>\n<tr>\n<td>Spannung<\/td>\n<td>24V<\/td>\n<\/tr>\n<tr>\n<td>Leuchten Bauart<\/td>\n<td>Gl\u00fchlampe<\/td>\n<\/tr>\n<\/table>\n<\/p><\/div>\n<p>                <span style=\"font-size:1px;color:white\">LKW, Nutzfahrzeug, universal, universell, Gl\u00fch, Lampe, Gl\u00fchlampe, Gl\u00fchbirne, Birne, Kolbenform, Sockel, Sockelausf\u00fchrung, Nennleistung, Watt, Volt, W, V, Spannung, Hella, Licht, L\u00e4mpchen, Birnchen, links, rechts, Pr\u00fcfzeichen, Lampenart, Leuchte, Leuchtmittel, ECE, Volvo, BAY9S, H21W, Blinker, Blinklicht, Fahrtrichtungsanzeige<\/span><\/p>\n<h4>OE &amp; OEM Referenznummern:<\/h4>\n<p><a href=\"https:\/\/lkw-teile-truckmotive.de\/products\/8GH+008+417-012\">8GH 008 417-012<\/a>, <a href=\"https:\/\/lkw-teile-truckmotive.de\/products\/8GH008417-012\">8GH008417-012<\/a>, <a href=\"https:\/\/lkw-teile-truckmotive.de\/products\/8GH008417012\">8GH008417012<\/a>, <a href=\"https:\/\/lkw-teile-truckmotive.de\/products\/5001836979\">5001836979<\/a>, <a href=\"https:\/\/lkw-teile-truckmotive.de\/products\/000000007541\">000000007541<\/a>, <a href=\"https:\/\/lkw-teile-truckmotive.de\/products\/983353\">983353<\/a>, <a href=\"https:\/\/lkw-teile-truckmotive.de\/products\/1372698\">1372698<\/a>, <a href=\"https:\/\/lkw-teile-truckmotive.de\/products\/1987302533\">1987302533<\/a><\/p>\n<p><span style=\"font-size:12px\"><b>Hinweis: <\/b><br \/>Alle aufgef\u00fchrten Marken, Referenzen sowie Vergleichsnummern dienen lediglich dem Vergleichszweck.<br \/>\nDie angebotenen Artikel sind, sofern nicht anders angegeben, Nachbauteile in Erstausr\u00fcsterqualit\u00e4t.<\/span><\/p>\n<details>\n<summary style=\"cursor: pointer;color: #06c;font-size: 15px\">Herstellerinformation<\/summary>\n<div class=\"manufacturer-info\" style=\"padding: 10px;border: 1px solid #888;margin-top: 10px;background-color: #f9f9f9\">\n<p><b>HELLA GmbH &amp; Co. KGaA<\/b><br \/>Rixbecker Str. 75<br \/>DE-59552 Lippstadt &#8211; DE<br \/>Tel.: +49 (0) 2941\/38-0<br \/>Mail: info@forvia.com<\/p>\n<\/p><\/div>\n<\/details><\/div>\n","protected":false},"excerpt":{"rendered":"<div style=\"font-size:15px\">\n<p style=\"font-size:17px;color:black\"><b>Lieferumfang:<\/b><\/p>\n<p style=\"padding-top:6px\">1x Gl\u00fchlampe<\/p>\n<p><\/br><\/p>\n<p style=\"font-size:17px;color:black\"><b>Passend f\u00fcr<\/b><\/p>\n<ul style=\"padding-top:6px\">\n<li>Volvo FH12<\/li>\n<li>MAN<\/li>\n<\/ul>\n<p><span style=\"font-size:12px\">Das Ersatzteil passt unter anderem f\u00fcr die oben genannten Modelle. Bitte pr\u00fcfen Sie die Ersatzteil-Nummer, um eine Fehlbestellung zu vermeiden. Nicht sicher, ob das Teil passt? Kontaktieren Sie uns!<\/span><\/p>\n<\/div>\n","protected":false},"featured_media":157073,"comment_status":"open","ping_status":"closed","template":"","meta":[],"_links":{"self":[{"href":"https:\/\/lkw-teile-truckmotive.de\/index.php\/wp-json\/wp\/v2\/product\/46881"}],"collection":[{"href":"https:\/\/lkw-teile-truckmotive.de\/index.php\/wp-json\/wp\/v2\/product"}],"about":[{"href":"https:\/\/lkw-teile-truckmotive.de\/index.php\/wp-json\/wp\/v2\/types\/product"}],"replies":[{"embeddable":true,"href":"https:\/\/lkw-teile-truckmotive.de\/index.php\/wp-json\/wp\/v2\/comments?post=46881"}],"wp:featuredmedia":[{"embeddable":true,"href":"https:\/\/lkw-teile-truckmotive.de\/index.php\/wp-json\/wp\/v2\/media\/157073"}],"wp:attachment":[{"href":"https:\/\/lkw-teile-truckmotive.de\/index.php\/wp-json\/wp\/v2\/media?parent=46881"}],"curies":[{"name":"wp","href":"https:\/\/api.w.org\/{rel}","templated":true}]}}