{"id":46907,"date":"2021-12-03T00:25:16","date_gmt":"2021-12-02T23:25:16","guid":{"rendered":"https:\/\/lkw-teile-truckmotive.de\/index.php\/produkt\/lichtscheibe-rueckleuchte-rechts-passend-fuer-mercedes-benz-actros-1-2-3"},"modified":"2026-05-12T17:46:09","modified_gmt":"2026-05-12T15:46:09","slug":"lichtscheibe-rueckleuchte-rechts-passend-fuer-mercedes-benz-actros-1-2-3","status":"publish","type":"product","link":"https:\/\/lkw-teile-truckmotive.de\/index.php\/produkt\/lichtscheibe-rueckleuchte-rechts-passend-fuer-mercedes-benz-actros-1-2-3","title":{"rendered":"Lichtscheibe R\u00fcckleuchte rechts passend f\u00fcr Mercedes Benz Actros 1, 2, 3"},"content":{"rendered":"<div style=\"font-size:15px\">\n<h4>Lichtscheibe R\u00fcckleuchte rechts passend f\u00fcr Mercedes Benz Actros 1, 2, 3<\/h4>\n<div class=\"table_info\">\n<p>Lichtscheibe f\u00fcr R\u00fcckleuchte<br \/>\nQualitativ hochwertiger Nachbauartikel<\/p>\n<table>\n<tr>\n<td>Einbauseite<\/td>\n<td>rechts<\/td>\n<\/tr>\n<tr>\n<td>Bauart<\/td>\n<td>7-Kammerleuchte<\/td>\n<\/tr>\n<tr>\n<td>Breite<\/td>\n<td>525mm<\/td>\n<\/tr>\n<tr>\n<td>H\u00f6he<\/td>\n<td>139mm<\/td>\n<\/tr>\n<tr>\n<td>Montageart<\/td>\n<td>geschraubt<\/td>\n<\/tr>\n<tr>\n<td>Farbe<\/td>\n<td>rot, wei\u00df, gelb<\/td>\n<\/tr>\n<\/table>\n<\/p><\/div>\n<p>                <span style=\"font-size:1px;color:white\">LKW, NFZ, Nutzfahrzeug, Licht, Scheibe, Lichtscheibe, Leuchte, Heck, Heckleuchte, rechts, links, Schlusslicht, R\u00fccklicht, Schlussleuchte, Glas, R\u00fcckleuchtenglas, Scheinwerferglas, hinten, Mehrkammerleuchte, Lampenschirm, R\u00fccklichtblende<\/span><\/p>\n<h4>OE &amp; OEM Referenznummern:<\/h4>\n<p><a href=\"https:\/\/lkw-teile-truckmotive.de\/products\/0025441690\">0025441690<\/a>, <a href=\"https:\/\/lkw-teile-truckmotive.de\/products\/0025440790\">0025440790<\/a>, <a href=\"https:\/\/lkw-teile-truckmotive.de\/products\/4040018\">4040018<\/a>, <a href=\"https:\/\/lkw-teile-truckmotive.de\/products\/0025443790\">0025443790<\/a>, <a href=\"https:\/\/lkw-teile-truckmotive.de\/products\/0025443590\">0025443590<\/a>, <a href=\"https:\/\/lkw-teile-truckmotive.de\/products\/0025441390\">0025441390<\/a>, <a href=\"https:\/\/lkw-teile-truckmotive.de\/products\/879143\">879143<\/a>, <a href=\"https:\/\/lkw-teile-truckmotive.de\/products\/9EL134296-051\">9EL134296-051<\/a>, <a href=\"https:\/\/lkw-teile-truckmotive.de\/products\/672391\">672391<\/a><\/p>\n<p><span style=\"font-size:12px\"><b>Hinweis: <\/b><br \/>Alle aufgef\u00fchrten Marken, Referenzen sowie Vergleichsnummern dienen lediglich dem Vergleichszweck.<br \/>\nDie angebotenen Artikel sind, sofern nicht anders angegeben, Nachbauteile in Erstausr\u00fcsterqualit\u00e4t.<\/span><\/p>\n<details>\n<summary style=\"cursor: pointer;color: #06c;font-size: 15px\">Herstellerinformation<\/summary>\n<div class=\"manufacturer-info\" style=\"padding: 10px;border: 1px solid #888;margin-top: 10px;background-color: #f9f9f9\">\n<p><b>Truckmotive GmbH<\/b><br \/>Welschenkamp 18<br \/>DE-47138 Duisburg &#8211; DE<br \/>Tel.: <br \/>Mail: hallo@truckmotive.de<\/p>\n<\/p><\/div>\n<\/details><\/div>\n","protected":false},"excerpt":{"rendered":"<div style=\"font-size:15px\">\n<p style=\"font-size:17px;color:black\"><b>Lieferumfang:<\/b><\/p>\n<p style=\"padding-top:6px\">1x Lichtscheibe Heckleuchte<\/p>\n<p><\/br><\/p>\n<p style=\"font-size:17px;color:black\"><b>Passend f\u00fcr<\/b><\/p>\n<ul style=\"padding-top:6px\">\n<li>Mercedes Benz Actros 1, 2, 3<\/li>\n<\/ul>\n<p><span style=\"font-size:12px\">Das Ersatzteil passt unter anderem f\u00fcr die oben genannten Modelle. Bitte pr\u00fcfen Sie die Ersatzteil-Nummer, um eine Fehlbestellung zu vermeiden. Nicht sicher, ob das Teil passt? Kontaktieren Sie uns!<\/span><\/p>\n<\/div>\n","protected":false},"featured_media":180815,"comment_status":"open","ping_status":"closed","template":"","meta":[],"_links":{"self":[{"href":"https:\/\/lkw-teile-truckmotive.de\/index.php\/wp-json\/wp\/v2\/product\/46907"}],"collection":[{"href":"https:\/\/lkw-teile-truckmotive.de\/index.php\/wp-json\/wp\/v2\/product"}],"about":[{"href":"https:\/\/lkw-teile-truckmotive.de\/index.php\/wp-json\/wp\/v2\/types\/product"}],"replies":[{"embeddable":true,"href":"https:\/\/lkw-teile-truckmotive.de\/index.php\/wp-json\/wp\/v2\/comments?post=46907"}],"wp:featuredmedia":[{"embeddable":true,"href":"https:\/\/lkw-teile-truckmotive.de\/index.php\/wp-json\/wp\/v2\/media\/180815"}],"wp:attachment":[{"href":"https:\/\/lkw-teile-truckmotive.de\/index.php\/wp-json\/wp\/v2\/media?parent=46907"}],"curies":[{"name":"wp","href":"https:\/\/api.w.org\/{rel}","templated":true}]}}