{"id":46934,"date":"2021-12-03T00:26:33","date_gmt":"2021-12-02T23:26:33","guid":{"rendered":"https:\/\/lkw-teile-truckmotive.de\/index.php\/produkt\/rueckleuchte-links-2vp-340-931-171-passend-fuer-koegel-daf-krone"},"modified":"2025-05-11T17:58:13","modified_gmt":"2025-05-11T15:58:13","slug":"rueckleuchte-links-2vp-340-931-171-passend-fuer-koegel-daf-krone","status":"publish","type":"product","link":"https:\/\/lkw-teile-truckmotive.de\/index.php\/produkt\/rueckleuchte-links-2vp-340-931-171-passend-fuer-koegel-daf-krone","title":{"rendered":"R\u00fcckleuchte links 2VP 340 931-171 passend f\u00fcr K\u00f6gel, DAF, Krone"},"content":{"rendered":"<div style=\"font-size:15px\">\n<h4>R\u00fcckleuchte links 2VP 340 931-171 passend f\u00fcr K\u00f6gel, DAF, Krone<\/h4>\n<div class=\"table_info\">\n<p>Original Hella Heckleuchte<\/p>\n<table>\n<tr>\n<td>Einbauseite<\/td>\n<td>links<\/td>\n<\/tr>\n<tr>\n<td>Anbau<\/td>\n<td>f\u00fcr Anh\u00e4nger<\/td>\n<\/tr>\n<tr>\n<td>Lampenart<\/td>\n<td>LED<\/td>\n<\/tr>\n<tr>\n<td>Pr\u00fcfzeichen<\/td>\n<td>ECE, ADR\/GGVS<\/td>\n<\/tr>\n<tr>\n<td>Spannung<\/td>\n<td>24V<\/td>\n<\/tr>\n<tr>\n<td>Leuchtenanzahl<\/td>\n<td>7<\/td>\n<\/tr>\n<tr>\n<td>Leuchtefunktionen<\/td>\n<td>Blinklicht<br \/>Bremslicht<br \/>Nebelschlusslicht<br \/>R\u00fcckfahrlicht<br \/>R\u00fcckstrahler (dreieckig)<br \/>Schlusslicht<br \/>Umrisslicht<\/td>\n<\/tr>\n<\/table>\n<\/p><\/div>\n<p>                <span style=\"font-size:1px;color:white\">LKW, NFZ, Nutzfahrzeug, Ersatzteil, Reparatur, Austausch, Wartung, LED, links, Anh\u00e4nger, Trailer, Auflieger, Sattelzug, Tieflader, Heckleuchte, R\u00fccklicht, Anbau, ECE, ADR, GGVS, 7-Kammerleuchte, Blinklicht, Bremslicht, Nebelschlusslicht, R\u00fcckfahrlicht, R\u00fcckstrahler, Schlusslicht, Umrisslicht, Hella<\/span><\/p>\n<h4>OE &amp; OEM Referenznummern:<\/h4>\n<p><a href=\"https:\/\/lkw-teile-truckmotive.de\/products\/1525204\">1525204<\/a>, <a href=\"https:\/\/lkw-teile-truckmotive.de\/products\/1964041\">1964041<\/a>, <a href=\"https:\/\/lkw-teile-truckmotive.de\/products\/58190710\">58190710<\/a>, <a href=\"https:\/\/lkw-teile-truckmotive.de\/products\/6609000\">6609000<\/a>, <a href=\"https:\/\/lkw-teile-truckmotive.de\/products\/E410211\">E410211<\/a>, <a href=\"https:\/\/lkw-teile-truckmotive.de\/products\/EasyConn\">EasyConn<\/a>, <a href=\"https:\/\/lkw-teile-truckmotive.de\/products\/2VP340931177\">2VP340931177<\/a>, <a href=\"https:\/\/lkw-teile-truckmotive.de\/products\/2VP+340+931-177\">2VP 340 931-177<\/a>, <a href=\"https:\/\/lkw-teile-truckmotive.de\/products\/2VP+340+931-171\">2VP 340 931-171<\/a>, <a href=\"https:\/\/lkw-teile-truckmotive.de\/products\/2VP340931171\">2VP340931171<\/a><\/p>\n<p><span style=\"font-size:12px\"><b>Hinweis: <\/b><br \/>Alle aufgef\u00fchrten Marken, Referenzen sowie Vergleichsnummern dienen lediglich dem Vergleichszweck.<br \/>\nDie angebotenen Artikel sind, sofern nicht anders angegeben, Nachbauteile in Erstausr\u00fcsterqualit\u00e4t.<\/span><\/p>\n<details>\n<summary style=\"cursor: pointer;color: #06c;font-size: 15px\">Herstellerinformation<\/summary>\n<div class=\"manufacturer-info\" style=\"padding: 10px;border: 1px solid #888;margin-top: 10px;background-color: #f9f9f9\">\n<p><b>HELLA GmbH &amp; Co. KGaA<\/b><br \/>Rixbecker Str. 75<br \/>DE-59552 Lippstadt &#8211; DE<br \/>Tel.: +49 (0) 2941\/38-0<br \/>Mail: info@forvia.com<\/p>\n<\/p><\/div>\n<\/details><\/div>\n","protected":false},"excerpt":{"rendered":"<div style=\"font-size:15px\">\n<p style=\"font-size:17px;color:black\"><b>Lieferumfang:<\/b><\/p>\n<p style=\"padding-top:6px\">1x R\u00fcckleuchte<\/p>\n<p><\/br><\/p>\n<p style=\"font-size:17px;color:black\"><b>Passend f\u00fcr<\/b><\/p>\n<ul style=\"padding-top:6px\">\n<li>DAF<\/li>\n<li>K\u00f6gel<\/li>\n<li>Krone<\/li>\n<li>f\u00fcr diverse Anh\u00e4nger<\/li>\n<\/ul>\n<p><span style=\"font-size:12px\">Das Ersatzteil passt unter anderem f\u00fcr die oben genannten Modelle. Bitte pr\u00fcfen Sie die Ersatzteil-Nummer, um eine Fehlbestellung zu vermeiden. Nicht sicher, ob das Teil passt? Kontaktieren Sie uns!<\/span><\/p>\n<\/div>\n","protected":false},"featured_media":151161,"comment_status":"open","ping_status":"closed","template":"","meta":[],"_links":{"self":[{"href":"https:\/\/lkw-teile-truckmotive.de\/index.php\/wp-json\/wp\/v2\/product\/46934"}],"collection":[{"href":"https:\/\/lkw-teile-truckmotive.de\/index.php\/wp-json\/wp\/v2\/product"}],"about":[{"href":"https:\/\/lkw-teile-truckmotive.de\/index.php\/wp-json\/wp\/v2\/types\/product"}],"replies":[{"embeddable":true,"href":"https:\/\/lkw-teile-truckmotive.de\/index.php\/wp-json\/wp\/v2\/comments?post=46934"}],"wp:featuredmedia":[{"embeddable":true,"href":"https:\/\/lkw-teile-truckmotive.de\/index.php\/wp-json\/wp\/v2\/media\/151161"}],"wp:attachment":[{"href":"https:\/\/lkw-teile-truckmotive.de\/index.php\/wp-json\/wp\/v2\/media?parent=46934"}],"curies":[{"name":"wp","href":"https:\/\/api.w.org\/{rel}","templated":true}]}}