{"id":47017,"date":"2021-12-03T00:29:32","date_gmt":"2021-12-02T23:29:32","guid":{"rendered":"https:\/\/lkw-teile-truckmotive.de\/index.php\/produkt\/lichtscheibe-rueckleuchte-links-rechts-passend-fuer-volvo-fh12-fh16-fm9-fmx-fmx-2"},"modified":"2026-05-13T15:07:08","modified_gmt":"2026-05-13T13:07:08","slug":"lichtscheibe-rueckleuchte-links-rechts-passend-fuer-volvo-fh12-fh16-fm9-fmx-fmx-2","status":"publish","type":"product","link":"https:\/\/lkw-teile-truckmotive.de\/index.php\/produkt\/lichtscheibe-rueckleuchte-links-rechts-passend-fuer-volvo-fh12-fh16-fm9-fmx-fmx-2","title":{"rendered":"Lichtscheibe R\u00fcckleuchte links, rechts passend f\u00fcr Volvo FH12, FH16, FM9, FMX, FMX 2"},"content":{"rendered":"<div style=\"font-size:15px\">\n<h4>Lichtscheibe R\u00fcckleuchte links, rechts passend f\u00fcr Volvo FH12, FH16, FM9, FMX, FMX 2<\/h4>\n<div class=\"table_info\">\n<p>Lichtscheibe f\u00fcr R\u00fcckleuchte<br \/>\nQualitativ hochwertiger Nachbauartikel<\/p>\n<table>\n<tr>\n<td>Einbauseite<\/td>\n<td>beidseitig<\/td>\n<\/tr>\n<tr>\n<td>Bauart<\/td>\n<td>7-Kammerleuchte mit R\u00fcckstrahllicht<\/td>\n<\/tr>\n<tr>\n<td>Breite<\/td>\n<td>350mm<\/td>\n<\/tr>\n<tr>\n<td>H\u00f6he<\/td>\n<td>130mm<\/td>\n<\/tr>\n<tr>\n<td>Farbe<\/td>\n<td>rot, wei\u00df, gelb<\/td>\n<\/tr>\n<\/table>\n<\/p><\/div>\n<p>                <span style=\"font-size:1px;color:white\">LKW, NFZ, Licht, Scheibe, Lichtscheibe, Leuchte, Heck, Heckleuchte, rechts, links, Schlusslicht, R\u00fccklicht, Schlussleuchte, Glas, R\u00fcckleuchtenglas, Scheinwerferglas, hinten, Mehrkammerleuchte, Lampenschirm, R\u00fccklichtblende, R\u00fcckstrahllicht, Volvo, 7-Kammer-Leuchte, <\/span><\/p>\n<h4>OE &amp; OEM Referenznummern:<\/h4>\n<p><a href=\"https:\/\/lkw-teile-truckmotive.de\/products\/20425732\">20425732<\/a>, <a href=\"https:\/\/lkw-teile-truckmotive.de\/products\/20910229\">20910229<\/a><\/p>\n<p><span style=\"font-size:12px\"><b>Hinweis: <\/b><br \/>Alle aufgef\u00fchrten Marken, Referenzen sowie Vergleichsnummern dienen lediglich dem Vergleichszweck.<br \/>\nDie angebotenen Artikel sind, sofern nicht anders angegeben, Nachbauteile in Erstausr\u00fcsterqualit\u00e4t.<\/span><\/p>\n<details>\n<summary style=\"cursor: pointer;color: #06c;font-size: 15px\">Herstellerinformation<\/summary>\n<div class=\"manufacturer-info\" style=\"padding: 10px;border: 1px solid #888;margin-top: 10px;background-color: #f9f9f9\">\n<p><b>Truckmotive GmbH<\/b><br \/>Welschenkamp 18<br \/>DE-47138 Duisburg &#8211; DE<br \/>Tel.: <br \/>Mail: hallo@truckmotive.de<\/p>\n<\/p><\/div>\n<\/details><\/div>\n","protected":false},"excerpt":{"rendered":"<div style=\"font-size:15px\">\n<p style=\"font-size:17px;color:black\"><b>Lieferumfang:<\/b><\/p>\n<p style=\"padding-top:6px\">1x R\u00fcckleuchtenglas<\/p>\n<p><\/br><\/p>\n<p style=\"font-size:17px;color:black\"><b>Passend f\u00fcr<\/b><\/p>\n<ul style=\"padding-top:6px\">\n<li>Volvo FH12, FH16, FM9, FMX, FMX 2<\/li>\n<\/ul>\n<p><span style=\"font-size:12px\">Das Ersatzteil passt unter anderem f\u00fcr die oben genannten Modelle. Bitte pr\u00fcfen Sie die Ersatzteil-Nummer, um eine Fehlbestellung zu vermeiden. Nicht sicher, ob das Teil passt? Kontaktieren Sie uns!<\/span><\/p>\n<\/div>\n","protected":false},"featured_media":180838,"comment_status":"open","ping_status":"closed","template":"","meta":[],"_links":{"self":[{"href":"https:\/\/lkw-teile-truckmotive.de\/index.php\/wp-json\/wp\/v2\/product\/47017"}],"collection":[{"href":"https:\/\/lkw-teile-truckmotive.de\/index.php\/wp-json\/wp\/v2\/product"}],"about":[{"href":"https:\/\/lkw-teile-truckmotive.de\/index.php\/wp-json\/wp\/v2\/types\/product"}],"replies":[{"embeddable":true,"href":"https:\/\/lkw-teile-truckmotive.de\/index.php\/wp-json\/wp\/v2\/comments?post=47017"}],"wp:featuredmedia":[{"embeddable":true,"href":"https:\/\/lkw-teile-truckmotive.de\/index.php\/wp-json\/wp\/v2\/media\/180838"}],"wp:attachment":[{"href":"https:\/\/lkw-teile-truckmotive.de\/index.php\/wp-json\/wp\/v2\/media?parent=47017"}],"curies":[{"name":"wp","href":"https:\/\/api.w.org\/{rel}","templated":true}]}}