{"id":47204,"date":"2021-12-03T00:36:59","date_gmt":"2021-12-02T23:36:59","guid":{"rendered":"https:\/\/lkw-teile-truckmotive.de\/index.php\/produkt\/schnellverbindung-schlauchstutzen-druckluft-duomatic-maennlich-passend-fuer-diverse-anhaenger"},"modified":"2026-02-20T12:48:41","modified_gmt":"2026-02-20T11:48:41","slug":"schnellverbindung-schlauchstutzen-druckluft-duomatic-maennlich-passend-fuer-diverse-anhaenger","status":"publish","type":"product","link":"https:\/\/lkw-teile-truckmotive.de\/index.php\/produkt\/schnellverbindung-schlauchstutzen-druckluft-duomatic-maennlich-passend-fuer-diverse-anhaenger","title":{"rendered":"Schnellverbindung Schlauchstutzen Druckluft Duomatic m\u00e4nnlich passend f\u00fcr diverse Anh\u00e4nger"},"content":{"rendered":"<div style=\"font-size:15px\">\n<h4>Schnellverbindung Schlauchstutzen Druckluft Duomatic m\u00e4nnlich passend f\u00fcr diverse Anh\u00e4nger<\/h4>\n<div class=\"table_info\">\n<p>Original Wabco Schnellkupplung &#8211; Duomatic<br \/>\nVerbindung von Motorwagen und Deichselanh\u00e4nger, ersetzt die Nutzung von Kupplungsk\u00f6pfen<\/p>\n<table>\n<tr>\n<td>Gewindema\u00df<\/td>\n<td>M16x1.5<\/td>\n<\/tr>\n<tr>\n<td>Betriebsdruck max.<\/td>\n<td>10bar<\/td>\n<\/tr>\n<tr>\n<td>Version<\/td>\n<td>ohne Hebel<\/td>\n<\/tr>\n<tr>\n<td>Gewicht<\/td>\n<td>8.5kg<\/td>\n<\/tr>\n<\/table>\n<\/p><\/div>\n<p>                <span style=\"font-size:1px;color:white\">LKW, NFZ, Nutzfahrzeug, Reparatur, Wartung, Ersatz, Teil, Austausch, Ersatzteil, Kupplung, Verbindung, Schnellverbindung, Luft, Druckluft, Doumat, Arbeitsdruck, Bar, Schlauch, Stutzen, Anh\u00e4nger, Trailer, Auflieger, Deichsel, Motorwagen, Wabco<\/span><\/p>\n<h4>OE &amp; OEM Referenznummern:<\/h4>\n<p><a href=\"https:\/\/lkw-teile-truckmotive.de\/products\/4528040120\">4528040120<\/a>, <a href=\"https:\/\/lkw-teile-truckmotive.de\/products\/8151957\">8151957<\/a>, <a href=\"https:\/\/lkw-teile-truckmotive.de\/products\/9985016\">9985016<\/a>, <a href=\"https:\/\/lkw-teile-truckmotive.de\/products\/1325340\">1325340<\/a>, <a href=\"https:\/\/lkw-teile-truckmotive.de\/products\/0014290430\">0014290430<\/a>, <a href=\"https:\/\/lkw-teile-truckmotive.de\/products\/051407\">051407<\/a>, <a href=\"https:\/\/lkw-teile-truckmotive.de\/products\/1325340\">1325340<\/a>, <a href=\"https:\/\/lkw-teile-truckmotive.de\/products\/151165\">151165<\/a>, <a href=\"https:\/\/lkw-teile-truckmotive.de\/products\/372420\">372420<\/a>, <a href=\"https:\/\/lkw-teile-truckmotive.de\/products\/5810114646\">5810114646<\/a>, <a href=\"https:\/\/lkw-teile-truckmotive.de\/products\/6213540\">6213540<\/a>, <a href=\"https:\/\/lkw-teile-truckmotive.de\/products\/76622\">76622<\/a>, <a href=\"https:\/\/lkw-teile-truckmotive.de\/products\/945403\">945403<\/a><\/p>\n<p><span style=\"font-size:12px\"><b>Hinweis: <\/b><br \/>Alle aufgef\u00fchrten Marken, Referenzen sowie Vergleichsnummern dienen lediglich dem Vergleichszweck.<br \/>\nDie angebotenen Artikel sind, sofern nicht anders angegeben, Nachbauteile in Erstausr\u00fcsterqualit\u00e4t.<\/span><\/p>\n<details>\n<summary style=\"cursor: pointer;color: #06c;font-size: 15px\">Herstellerinformation<\/summary>\n<div class=\"manufacturer-info\" style=\"padding: 10px;border: 1px solid #888;margin-top: 10px;background-color: #f9f9f9\">\n<p><b>ZF CV Systems Hannover GmbH Wabco<\/b><br \/>Am Lindener Hafen 21<br \/>DE-30453 Hannover &#8211; DE<br \/>Tel.: <br \/>Mail: direct.cvcs@tf.com<\/p>\n<\/p><\/div>\n<\/details><\/div>\n","protected":false},"excerpt":{"rendered":"<div style=\"font-size:15px\">\n<p style=\"font-size:17px;color:black\"><b>Lieferumfang:<\/b><\/p>\n<p style=\"padding-top:6px\">1x Duo-Matic Schnellkupplung, Druckluftbremse Deichselanh\u00e4nger<\/p>\n<p><\/br><\/p>\n<p style=\"font-size:17px;color:black\"><b>Passend f\u00fcr<\/b><\/p>\n<ul style=\"padding-top:6px\">\n<li>Volvo<\/li>\n<li>DAF<\/li>\n<li>Scania<\/li>\n<li>Renault<\/li>\n<li>Mercedes<\/li>\n<li>Schmitz<\/li>\n<li>Goldhofer<\/li>\n<li>Krone<\/li>\n<li>K\u00f6gel<\/li>\n<\/ul>\n<p><span style=\"font-size:12px\">Das Ersatzteil passt unter anderem f\u00fcr die oben genannten Modelle. Bitte pr\u00fcfen Sie die Ersatzteil-Nummer, um eine Fehlbestellung zu vermeiden. Nicht sicher, ob das Teil passt? Kontaktieren Sie uns!<\/span><\/p>\n<\/div>\n","protected":false},"featured_media":175276,"comment_status":"open","ping_status":"closed","template":"","meta":[],"_links":{"self":[{"href":"https:\/\/lkw-teile-truckmotive.de\/index.php\/wp-json\/wp\/v2\/product\/47204"}],"collection":[{"href":"https:\/\/lkw-teile-truckmotive.de\/index.php\/wp-json\/wp\/v2\/product"}],"about":[{"href":"https:\/\/lkw-teile-truckmotive.de\/index.php\/wp-json\/wp\/v2\/types\/product"}],"replies":[{"embeddable":true,"href":"https:\/\/lkw-teile-truckmotive.de\/index.php\/wp-json\/wp\/v2\/comments?post=47204"}],"wp:featuredmedia":[{"embeddable":true,"href":"https:\/\/lkw-teile-truckmotive.de\/index.php\/wp-json\/wp\/v2\/media\/175276"}],"wp:attachment":[{"href":"https:\/\/lkw-teile-truckmotive.de\/index.php\/wp-json\/wp\/v2\/media?parent=47204"}],"curies":[{"name":"wp","href":"https:\/\/api.w.org\/{rel}","templated":true}]}}