{"id":47261,"date":"2021-12-03T00:37:59","date_gmt":"2021-12-02T23:37:59","guid":{"rendered":"https:\/\/lkw-teile-truckmotive.de\/index.php\/produkt\/nachruestsatz-bremsanlage-kupplungskopf-steuerventil-universal-einsetzbar"},"modified":"2026-04-20T15:22:37","modified_gmt":"2026-04-20T13:22:37","slug":"nachruestsatz-bremsanlage-kupplungskopf-steuerventil-universal-einsetzbar","status":"publish","type":"product","link":"https:\/\/lkw-teile-truckmotive.de\/index.php\/produkt\/nachruestsatz-bremsanlage-kupplungskopf-steuerventil-universal-einsetzbar","title":{"rendered":"Nachr\u00fcstsatz Bremsanlage Kupplungskopf + Steuerventil universal einsetzbar"},"content":{"rendered":"<div style=\"font-size:15px\">\n<h4>Nachr\u00fcstsatz Bremsanlage Kupplungskopf + Steuerventil universal einsetzbar<\/h4>\n<div class=\"table_info\">\n<p>Original Teblox Umr\u00fcstsatz<\/p>\n<table>\n<tbody>\n<tr>\n<td>Einbauort<\/td>\n<td>Bremsanlage<\/td>\n<\/tr>\n<tr>\n<td>passend f\u00fcr 4712000080<\/td>\n<td>Steuerventil<\/td>\n<\/tr>\n<tr>\n<td>passend f\u00fcr 4523000310<\/td>\n<td>Kupplungskopf Einkreis<\/td>\n<\/tr>\n<tr>\n<td>Verbindungssatz<\/td>\n<td>7x Steck-Schnellverschraubung<\/td>\n<\/tr>\n<tr>\n<td>PE-Luftrohr<\/td>\n<td>12&#215;1,5, 8m L\u00e4nge<\/td>\n<\/tr>\n<\/tbody>\n<\/table>\n<\/p><\/div>\n<p>                <span style=\"font-size:1px;color:white\">Druckluftbremse, Druckluftbremsanlagen, Druckluftanlagen, Druckluftkupplung, Einkreis-Bremsanlage, Einkreisbremsanlage, Einleiterbremse, 1-Kreis, Einkreis, Kupplungskopf, Kupplungsk\u00f6pfe, Traktor, Schlepper, Lkw, Umr\u00fcstsatz, FENDT, AGRO, JOHN DEERE, CASE, NEW HOLLAND, NFZ, Bremsanlage, austauschen, nachr\u00fcsten<\/span><\/p>\n<h4>OE &amp; OEM Referenznummern:<\/h4>\n<p><a href=\"https:\/\/lkw-teile-truckmotive.de\/products\/4523000310\">4523000310<\/a>, <a href=\"https:\/\/lkw-teile-truckmotive.de\/products\/4712000080\">4712000080<\/a>, <a href=\"https:\/\/lkw-teile-truckmotive.de\/products\/4712000080\">4712000080<\/a>, <a href=\"https:\/\/lkw-teile-truckmotive.de\/products\/329006121\">329006121<\/a>, <a href=\"https:\/\/lkw-teile-truckmotive.de\/products\/3224925R91\">3224925R91<\/a>, <a href=\"https:\/\/lkw-teile-truckmotive.de\/products\/0583512\">0583512<\/a>, <a href=\"https:\/\/lkw-teile-truckmotive.de\/products\/577677\">577677<\/a>, <a href=\"https:\/\/lkw-teile-truckmotive.de\/products\/583512\">583512<\/a>, <a href=\"https:\/\/lkw-teile-truckmotive.de\/products\/02382049\">02382049<\/a>, <a href=\"https:\/\/lkw-teile-truckmotive.de\/products\/2382049\">2382049<\/a>, <a href=\"https:\/\/lkw-teile-truckmotive.de\/products\/385.880.020.060\">385.880.020.060<\/a>, <a href=\"https:\/\/lkw-teile-truckmotive.de\/products\/02519881\">02519881<\/a>, <a href=\"https:\/\/lkw-teile-truckmotive.de\/products\/03420702\">03420702<\/a>, <a href=\"https:\/\/lkw-teile-truckmotive.de\/products\/03435116\">03435116<\/a>, <a href=\"https:\/\/lkw-teile-truckmotive.de\/products\/04677470\">04677470<\/a>, <a href=\"https:\/\/lkw-teile-truckmotive.de\/products\/4677470\">4677470<\/a>, <a href=\"https:\/\/lkw-teile-truckmotive.de\/products\/AL68577\">AL68577<\/a>, <a href=\"https:\/\/lkw-teile-truckmotive.de\/products\/5029664\">5029664<\/a>, <a href=\"https:\/\/lkw-teile-truckmotive.de\/products\/81523016015\">81523016015<\/a>, <a href=\"https:\/\/lkw-teile-truckmotive.de\/products\/81523016028\">81523016028<\/a>, <a href=\"https:\/\/lkw-teile-truckmotive.de\/products\/81523016044\">81523016044<\/a>, <a href=\"https:\/\/lkw-teile-truckmotive.de\/products\/81523016141\">81523016141<\/a>, <a href=\"https:\/\/lkw-teile-truckmotive.de\/products\/81523016169\">81523016169<\/a>, <a href=\"https:\/\/lkw-teile-truckmotive.de\/products\/88521806204\">88521806204<\/a>, <a href=\"https:\/\/lkw-teile-truckmotive.de\/products\/88523016204\">88523016204<\/a>, <a href=\"https:\/\/lkw-teile-truckmotive.de\/products\/90810112133\">90810112133<\/a>, <a href=\"https:\/\/lkw-teile-truckmotive.de\/products\/0004314905\">0004314905<\/a>, <a href=\"https:\/\/lkw-teile-truckmotive.de\/products\/0004318705\">0004318705<\/a>, <a href=\"https:\/\/lkw-teile-truckmotive.de\/products\/0014310705\">0014310705<\/a>, <a href=\"https:\/\/lkw-teile-truckmotive.de\/products\/0014312605\">0014312605<\/a>, <a href=\"https:\/\/lkw-teile-truckmotive.de\/products\/0024653053\">0024653053<\/a>, <a href=\"https:\/\/lkw-teile-truckmotive.de\/products\/24653053\">24653053<\/a>, <a href=\"https:\/\/lkw-teile-truckmotive.de\/products\/5000012631\">5000012631<\/a>, <a href=\"https:\/\/lkw-teile-truckmotive.de\/products\/5000242207\">5000242207<\/a>, <a href=\"https:\/\/lkw-teile-truckmotive.de\/products\/30089340\">30089340<\/a>, <a href=\"https:\/\/lkw-teile-truckmotive.de\/products\/348486\">348486<\/a><\/p>\n<p><span style=\"font-size:12px\"><b>Hinweis: <\/b><br \/>Alle aufgef\u00fchrten Marken, Referenzen sowie Vergleichsnummern dienen lediglich dem Vergleichszweck.<br \/>\nDie angebotenen Artikel sind, sofern nicht anders angegeben, Nachbauteile in Erstausr\u00fcsterqualit\u00e4t.<\/span><\/p>\n<details>\n<summary style=\"cursor: pointer;color: #06c;font-size: 15px\">Herstellerinformation<\/summary>\n<div class=\"manufacturer-info\" style=\"padding: 10px;border: 1px solid #888;margin-top: 10px;background-color: #f9f9f9\">\n<p><b>Truckmotive GmbH<\/b><br \/>Welschenkamp 18<br \/>DE-47138 Duisburg &#8211; DE<br \/>Tel.: <br \/>Mail: hallo@truckmotive.de<\/p>\n<\/p><\/div>\n<\/details><\/div>\n","protected":false},"excerpt":{"rendered":"<div style=\"font-size:15px\">\n<p style=\"font-size:17px;color:black\"><b>Lieferumfang:<\/b><\/p>\n<p style=\"padding-top:6px\">1x Nachr\u00fcstsatz<\/p>\n<p><\/br><\/p>\n<p style=\"font-size:17px;color:black\"><b>Passend f\u00fcr<\/b><\/p>\n<ul style=\"padding-top:6px\">\n<li>universal einsetzbar<\/li>\n<\/ul>\n<p><span style=\"font-size:12px\">Das Ersatzteil passt unter anderem f\u00fcr die oben genannten Modelle. Bitte pr\u00fcfen Sie die Ersatzteil-Nummer, um eine Fehlbestellung zu vermeiden. Nicht sicher, ob das Teil passt? Kontaktieren Sie uns!<\/span><\/p>\n<\/div>\n","protected":false},"featured_media":179181,"comment_status":"open","ping_status":"closed","template":"","meta":[],"_links":{"self":[{"href":"https:\/\/lkw-teile-truckmotive.de\/index.php\/wp-json\/wp\/v2\/product\/47261"}],"collection":[{"href":"https:\/\/lkw-teile-truckmotive.de\/index.php\/wp-json\/wp\/v2\/product"}],"about":[{"href":"https:\/\/lkw-teile-truckmotive.de\/index.php\/wp-json\/wp\/v2\/types\/product"}],"replies":[{"embeddable":true,"href":"https:\/\/lkw-teile-truckmotive.de\/index.php\/wp-json\/wp\/v2\/comments?post=47261"}],"wp:featuredmedia":[{"embeddable":true,"href":"https:\/\/lkw-teile-truckmotive.de\/index.php\/wp-json\/wp\/v2\/media\/179181"}],"wp:attachment":[{"href":"https:\/\/lkw-teile-truckmotive.de\/index.php\/wp-json\/wp\/v2\/media?parent=47261"}],"curies":[{"name":"wp","href":"https:\/\/api.w.org\/{rel}","templated":true}]}}