{"id":47289,"date":"2021-12-03T00:38:47","date_gmt":"2021-12-02T23:38:47","guid":{"rendered":"https:\/\/lkw-teile-truckmotive.de\/index.php\/produkt\/ventil-ueberstroemventil-4341001257-passend-fuer-diverse-fahrzeuge"},"modified":"2025-09-08T14:07:16","modified_gmt":"2025-09-08T12:07:16","slug":"ventil-ueberstroemventil-4341001257-passend-fuer-diverse-fahrzeuge","status":"publish","type":"product","link":"https:\/\/lkw-teile-truckmotive.de\/index.php\/produkt\/ventil-ueberstroemventil-4341001257-passend-fuer-diverse-fahrzeuge","title":{"rendered":"Ventil \u00dcberstr\u00f6mventil WABCO 4341001257 passend f\u00fcr diverse Fahrzeuge"},"content":{"rendered":"<div style=\"font-size:15px\">\n<h4>Ventil \u00dcberstr\u00f6mventil WABCO 4341001257 passend f\u00fcr diverse Fahrzeuge<\/h4>\n<div class=\"table_info\">\n<p>Original Wabco \u00dcberstr\u00f6mventil<\/p>\n<table>\n<tr>\n<td>Gewindema\u00df<\/td>\n<td>M22 x 1.5<\/td>\n<\/tr>\n<tr>\n<td>Anschlussgewinde<\/td>\n<td>M22 x 1.5<\/td>\n<\/tr>\n<tr>\n<td>\u00dcberstr\u00f6mdruck<\/td>\n<td>6bar<\/td>\n<\/tr>\n<tr>\n<td>Betriebsdruck bis<\/td>\n<td>10bar<\/td>\n<\/tr>\n<\/table>\n<\/p><\/div>\n<p>                <span style=\"font-size:1px;color:white\">LKW, NFZ, Nutzfahrzeug, Reparatur, Wartung, Ersatz, Teil, Austausch, Ersatzteil, \u00dcberholung, Ventil, Druckdifferenz, Vorlauf, R\u00fccklauf, Druckluftanlage, Druckluft, Bar, Wabco<\/span><\/p>\n<h4>OE &amp; OEM Referenznummern:<\/h4>\n<p><a href=\"https:\/\/lkw-teile-truckmotive.de\/products\/0481063021\">0481063021<\/a>, <a href=\"https:\/\/lkw-teile-truckmotive.de\/products\/0481063022\">0481063022<\/a>, <a href=\"https:\/\/lkw-teile-truckmotive.de\/products\/0243102400\">0243102400<\/a>, <a href=\"https:\/\/lkw-teile-truckmotive.de\/products\/314012004\">314012004<\/a>, <a href=\"https:\/\/lkw-teile-truckmotive.de\/products\/DR4301\">DR4301<\/a>, <a href=\"https:\/\/lkw-teile-truckmotive.de\/products\/49800007400\">49800007400<\/a>, <a href=\"https:\/\/lkw-teile-truckmotive.de\/products\/4425000700\">4425000700<\/a>, <a href=\"https:\/\/lkw-teile-truckmotive.de\/products\/4341001250\">4341001250<\/a>, <a href=\"https:\/\/lkw-teile-truckmotive.de\/products\/4341001257\">4341001257<\/a>, <a href=\"https:\/\/lkw-teile-truckmotive.de\/products\/4601111\">4601111<\/a>, <a href=\"https:\/\/lkw-teile-truckmotive.de\/products\/77394\">77394<\/a>, <a href=\"https:\/\/lkw-teile-truckmotive.de\/products\/5021170104\">5021170104<\/a>, <a href=\"https:\/\/lkw-teile-truckmotive.de\/products\/81521106058\">81521106058<\/a>, <a href=\"https:\/\/lkw-teile-truckmotive.de\/products\/0633492R\">0633492R<\/a>, <a href=\"https:\/\/lkw-teile-truckmotive.de\/products\/9454340\">9454340<\/a>, <a href=\"https:\/\/lkw-teile-truckmotive.de\/products\/0014298044\">0014298044<\/a>, <a href=\"https:\/\/lkw-teile-truckmotive.de\/products\/99100362232\">99100362232<\/a>, <a href=\"https:\/\/lkw-teile-truckmotive.de\/products\/633492R\">633492R<\/a>, <a href=\"https:\/\/lkw-teile-truckmotive.de\/products\/5029681R\">5029681R<\/a>, <a href=\"https:\/\/lkw-teile-truckmotive.de\/products\/633492A\">633492A<\/a>, <a href=\"https:\/\/lkw-teile-truckmotive.de\/products\/F385880060030\">F385880060030<\/a>, <a href=\"https:\/\/lkw-teile-truckmotive.de\/products\/PR01806508\">PR01806508<\/a>, <a href=\"https:\/\/lkw-teile-truckmotive.de\/products\/502916901\">502916901<\/a>, <a href=\"https:\/\/lkw-teile-truckmotive.de\/products\/2516825\">2516825<\/a>, <a href=\"https:\/\/lkw-teile-truckmotive.de\/products\/4425000700\">4425000700<\/a>, <a href=\"https:\/\/lkw-teile-truckmotive.de\/products\/0633492A\">0633492A<\/a>, <a href=\"https:\/\/lkw-teile-truckmotive.de\/products\/52365395\">52365395<\/a>, <a href=\"https:\/\/lkw-teile-truckmotive.de\/products\/502968108\">502968108<\/a>, <a href=\"https:\/\/lkw-teile-truckmotive.de\/products\/02516825\">02516825<\/a>, <a href=\"https:\/\/lkw-teile-truckmotive.de\/products\/0243102400\">0243102400<\/a>, <a href=\"https:\/\/lkw-teile-truckmotive.de\/products\/110248000\">110248000<\/a>, <a href=\"https:\/\/lkw-teile-truckmotive.de\/products\/0633492\">0633492<\/a>, <a href=\"https:\/\/lkw-teile-truckmotive.de\/products\/8283312000\">8283312000<\/a>, <a href=\"https:\/\/lkw-teile-truckmotive.de\/products\/945144\">945144<\/a>, <a href=\"https:\/\/lkw-teile-truckmotive.de\/products\/1504934\">1504934<\/a>, <a href=\"https:\/\/lkw-teile-truckmotive.de\/products\/511235605\">511235605<\/a>, <a href=\"https:\/\/lkw-teile-truckmotive.de\/products\/878742\">878742<\/a>, <a href=\"https:\/\/lkw-teile-truckmotive.de\/products\/0014296444\">0014296444<\/a>, <a href=\"https:\/\/lkw-teile-truckmotive.de\/products\/04341001250\">04341001250<\/a>, <a href=\"https:\/\/lkw-teile-truckmotive.de\/products\/04432192\">04432192<\/a>, <a href=\"https:\/\/lkw-teile-truckmotive.de\/products\/633492\">633492<\/a>, <a href=\"https:\/\/lkw-teile-truckmotive.de\/products\/500945144\">500945144<\/a>, <a href=\"https:\/\/lkw-teile-truckmotive.de\/products\/M05913600\">M05913600<\/a>, <a href=\"https:\/\/lkw-teile-truckmotive.de\/products\/1504934A\">1504934A<\/a><\/p>\n<p><span style=\"font-size:12px\"><b>Hinweis: <\/b><br \/>Alle aufgef\u00fchrten Marken, Referenzen sowie Vergleichsnummern dienen lediglich dem Vergleichszweck.<br \/>\nDie angebotenen Artikel sind, sofern nicht anders angegeben, Nachbauteile in Erstausr\u00fcsterqualit\u00e4t.<\/span><\/p>\n<details>\n<summary style=\"cursor: pointer;color: #06c;font-size: 15px\">Herstellerinformation<\/summary>\n<div class=\"manufacturer-info\" style=\"padding: 10px;border: 1px solid #888;margin-top: 10px;background-color: #f9f9f9\">\n<p><b>ZF CV Systems Hannover GmbH Wabco<\/b><br \/>Am Lindener Hafen 21<br \/>DE-30453 Hannover &#8211; DE<br \/>Tel.: <br \/>Mail: direct.cvcs@tf.com<\/p>\n<\/p><\/div>\n<\/details><\/div>\n","protected":false},"excerpt":{"rendered":"<div style=\"font-size:15px\">\n<p style=\"font-size:17px;color:black\"><b>Lieferumfang:<\/b><\/p>\n<p style=\"padding-top:6px\">1x \u00dcberstr\u00f6mventil<\/p>\n<p><\/br><\/p>\n<p style=\"font-size:17px;color:black\"><b>Passend f\u00fcr<\/b><\/p>\n<ul style=\"padding-top:6px\">\n<li>diverse Fahrzeuge<\/li>\n<\/ul>\n<p><span style=\"font-size:12px\">Das Ersatzteil passt unter anderem f\u00fcr die oben genannten Modelle. Bitte pr\u00fcfen Sie die Ersatzteil-Nummer, um eine Fehlbestellung zu vermeiden. Nicht sicher, ob das Teil passt? Kontaktieren Sie uns!<\/span><\/p>\n<\/div>\n","protected":false},"featured_media":160961,"comment_status":"open","ping_status":"closed","template":"","meta":[],"_links":{"self":[{"href":"https:\/\/lkw-teile-truckmotive.de\/index.php\/wp-json\/wp\/v2\/product\/47289"}],"collection":[{"href":"https:\/\/lkw-teile-truckmotive.de\/index.php\/wp-json\/wp\/v2\/product"}],"about":[{"href":"https:\/\/lkw-teile-truckmotive.de\/index.php\/wp-json\/wp\/v2\/types\/product"}],"replies":[{"embeddable":true,"href":"https:\/\/lkw-teile-truckmotive.de\/index.php\/wp-json\/wp\/v2\/comments?post=47289"}],"wp:featuredmedia":[{"embeddable":true,"href":"https:\/\/lkw-teile-truckmotive.de\/index.php\/wp-json\/wp\/v2\/media\/160961"}],"wp:attachment":[{"href":"https:\/\/lkw-teile-truckmotive.de\/index.php\/wp-json\/wp\/v2\/media?parent=47289"}],"curies":[{"name":"wp","href":"https:\/\/api.w.org\/{rel}","templated":true}]}}