{"id":47292,"date":"2021-12-03T00:38:50","date_gmt":"2021-12-02T23:38:50","guid":{"rendered":"https:\/\/lkw-teile-truckmotive.de\/index.php\/produkt\/ventil-ueberstroemventil-passend-fuer-diverse-anhaenger"},"modified":"2026-04-12T21:46:18","modified_gmt":"2026-04-12T19:46:18","slug":"ventil-ueberstroemventil-passend-fuer-diverse-anhaenger","status":"publish","type":"product","link":"https:\/\/lkw-teile-truckmotive.de\/index.php\/produkt\/ventil-ueberstroemventil-passend-fuer-diverse-anhaenger","title":{"rendered":"Ventil \u00dcberstr\u00f6mventil passend f\u00fcr diverse Anh\u00e4nger"},"content":{"rendered":"<div style=\"font-size:15px\">\n<h4>Ventil \u00dcberstr\u00f6mventil passend f\u00fcr diverse Anh\u00e4nger<\/h4>\n<div class=\"table_info\">\n<p>Original Teblox \u00dcberstr\u00f6mventil Druckluftbremsanlage<\/p>\n<table>\n<tr>\n<td>Gewindema\u00df<\/td>\n<td>M22 x 1,5mm<\/td>\n<\/tr>\n<tr>\n<td>\u00d6ffnungsdruck<\/td>\n<td>6 Bar<\/td>\n<\/tr>\n<tr>\n<td>max. Betriebsdruck<\/td>\n<td>13 Bar<\/td>\n<\/tr>\n<\/table>\n<\/p><\/div>\n<p>                <span style=\"font-size:1px;color:white\">LKW, NFZ, Nutzfahrzeug, Reparatur, Wartung, Ersatz, Teil, Austausch, Ersatzteil, \u00dcberholung, Ventil, Druckdifferenz, Vorlauf, R\u00fccklauf, Druckluftanlage, Druckluft, Bar, Teblox<\/span><\/p>\n<h4>OE &amp; OEM Referenznummern:<\/h4>\n<p><a href=\"https:\/\/lkw-teile-truckmotive.de\/products\/4341001250\">4341001250<\/a>, <a href=\"https:\/\/lkw-teile-truckmotive.de\/products\/0745081\">0745081<\/a>, <a href=\"https:\/\/lkw-teile-truckmotive.de\/products\/0034294744\">0034294744<\/a>, <a href=\"https:\/\/lkw-teile-truckmotive.de\/products\/584333\">584333<\/a>, <a href=\"https:\/\/lkw-teile-truckmotive.de\/products\/122571003\">122571003<\/a>, <a href=\"https:\/\/lkw-teile-truckmotive.de\/products\/0014297544\">0014297544<\/a>, <a href=\"https:\/\/lkw-teile-truckmotive.de\/products\/110443\">110443<\/a>, <a href=\"https:\/\/lkw-teile-truckmotive.de\/products\/0004297544\">0004297544<\/a>, <a href=\"https:\/\/lkw-teile-truckmotive.de\/products\/5000284127\">5000284127<\/a>, <a href=\"https:\/\/lkw-teile-truckmotive.de\/products\/5021170108\">5021170108<\/a>, <a href=\"https:\/\/lkw-teile-truckmotive.de\/products\/110443A\">110443A<\/a>, <a href=\"https:\/\/lkw-teile-truckmotive.de\/products\/42040890\">42040890<\/a>, <a href=\"https:\/\/lkw-teile-truckmotive.de\/products\/179171\">179171<\/a>, <a href=\"https:\/\/lkw-teile-truckmotive.de\/products\/745081\">745081<\/a>, <a href=\"https:\/\/lkw-teile-truckmotive.de\/products\/0014293544\">0014293544<\/a>, <a href=\"https:\/\/lkw-teile-truckmotive.de\/products\/0110443\">0110443<\/a>, <a href=\"https:\/\/lkw-teile-truckmotive.de\/products\/0004296244\">0004296244<\/a>, <a href=\"https:\/\/lkw-teile-truckmotive.de\/products\/644255\">644255<\/a>, <a href=\"https:\/\/lkw-teile-truckmotive.de\/products\/0004311606\">0004311606<\/a>, <a href=\"https:\/\/lkw-teile-truckmotive.de\/products\/0004294744\">0004294744<\/a>, <a href=\"https:\/\/lkw-teile-truckmotive.de\/products\/0014295144\">0014295144<\/a>, <a href=\"https:\/\/lkw-teile-truckmotive.de\/products\/0179171\">0179171<\/a>, <a href=\"https:\/\/lkw-teile-truckmotive.de\/products\/0584333\">0584333<\/a>, <a href=\"https:\/\/lkw-teile-truckmotive.de\/products\/81521106013\">81521106013<\/a>, <a href=\"https:\/\/lkw-teile-truckmotive.de\/products\/175890\">175890<\/a>, <a href=\"https:\/\/lkw-teile-truckmotive.de\/products\/03429299\">03429299<\/a>, <a href=\"https:\/\/lkw-teile-truckmotive.de\/products\/0644255\">0644255<\/a>, <a href=\"https:\/\/lkw-teile-truckmotive.de\/products\/0175890\">0175890<\/a>, <a href=\"https:\/\/lkw-teile-truckmotive.de\/products\/81521106041\">81521106041<\/a>, <a href=\"https:\/\/lkw-teile-truckmotive.de\/products\/110443R\">110443R<\/a>, <a href=\"https:\/\/lkw-teile-truckmotive.de\/products\/03426283\">03426283<\/a>, <a href=\"https:\/\/lkw-teile-truckmotive.de\/products\/02516828\">02516828<\/a>, <a href=\"https:\/\/lkw-teile-truckmotive.de\/products\/314014001\">314014001<\/a><\/p>\n<p><span style=\"font-size:12px\"><b>Hinweis: <\/b><br \/>Alle aufgef\u00fchrten Marken, Referenzen sowie Vergleichsnummern dienen lediglich dem Vergleichszweck.<br \/>\nDie angebotenen Artikel sind, sofern nicht anders angegeben, Nachbauteile in Erstausr\u00fcsterqualit\u00e4t.<\/span><\/p>\n<details>\n<summary style=\"cursor: pointer;color: #06c;font-size: 15px\">Herstellerinformation<\/summary>\n<div class=\"manufacturer-info\" style=\"padding: 10px;border: 1px solid #888;margin-top: 10px;background-color: #f9f9f9\">\n<p><b>Truckmotive GmbH<\/b><br \/>Welschenkamp 18<br \/>DE-47138 Duisburg &#8211; DE<br \/>Tel.: <br \/>Mail: hallo@truckmotive.de<\/p>\n<\/p><\/div>\n<\/details><\/div>\n","protected":false},"excerpt":{"rendered":"<div style=\"font-size:15px\">\n<p style=\"font-size:17px;color:black\"><b>Lieferumfang:<\/b><\/p>\n<p style=\"padding-top:6px\">1x \u00dcberstr\u00f6mventil<\/p>\n<p><\/br><\/p>\n<p style=\"font-size:17px;color:black\"><b>Passend f\u00fcr<\/b><\/p>\n<ul style=\"padding-top:6px\">\n<li>diverse Anh\u00e4nger<\/li>\n<\/ul>\n<p><span style=\"font-size:12px\">Das Ersatzteil passt unter anderem f\u00fcr die oben genannten Modelle. Bitte pr\u00fcfen Sie die Ersatzteil-Nummer, um eine Fehlbestellung zu vermeiden. Nicht sicher, ob das Teil passt? Kontaktieren Sie uns!<\/span><\/p>\n<\/div>\n","protected":false},"featured_media":178709,"comment_status":"open","ping_status":"closed","template":"","meta":[],"_links":{"self":[{"href":"https:\/\/lkw-teile-truckmotive.de\/index.php\/wp-json\/wp\/v2\/product\/47292"}],"collection":[{"href":"https:\/\/lkw-teile-truckmotive.de\/index.php\/wp-json\/wp\/v2\/product"}],"about":[{"href":"https:\/\/lkw-teile-truckmotive.de\/index.php\/wp-json\/wp\/v2\/types\/product"}],"replies":[{"embeddable":true,"href":"https:\/\/lkw-teile-truckmotive.de\/index.php\/wp-json\/wp\/v2\/comments?post=47292"}],"wp:featuredmedia":[{"embeddable":true,"href":"https:\/\/lkw-teile-truckmotive.de\/index.php\/wp-json\/wp\/v2\/media\/178709"}],"wp:attachment":[{"href":"https:\/\/lkw-teile-truckmotive.de\/index.php\/wp-json\/wp\/v2\/media?parent=47292"}],"curies":[{"name":"wp","href":"https:\/\/api.w.org\/{rel}","templated":true}]}}