{"id":47370,"date":"2021-12-03T00:40:45","date_gmt":"2021-12-02T23:40:45","guid":{"rendered":"https:\/\/lkw-teile-truckmotive.de\/index.php\/produkt\/ventil-entwaesserungsventil-lufttank-m22x15-sw27-universal-einsetzbar"},"modified":"2026-04-20T11:47:49","modified_gmt":"2026-04-20T09:47:49","slug":"ventil-entwaesserungsventil-lufttank-m22x15-sw27-universal-einsetzbar","status":"publish","type":"product","link":"https:\/\/lkw-teile-truckmotive.de\/index.php\/produkt\/ventil-entwaesserungsventil-lufttank-m22x15-sw27-universal-einsetzbar","title":{"rendered":"Ventil Entw\u00e4sserungsventil Lufttank M22X1,5 SW27 universal einsetzbar"},"content":{"rendered":"<div style=\"font-size:15px\">\n<h4>Ventil Entw\u00e4sserungsventil Lufttank M22X1,5 SW27 universal einsetzbar<\/h4>\n<div class=\"table_info\">\n<p>Original Teblox Entw\u00e4sserungsventil<\/p>\n<table>\n<tr>\n<td>Gewinde<\/td>\n<td>M22x1,5mm<\/td>\n<\/tr>\n<tr>\n<td>Schl\u00fcsselweite<\/td>\n<td>27mm<\/td>\n<\/tr>\n<tr>\n<td>Maximaler Betriebsdruck<\/td>\n<td>20 bar<\/td>\n<\/tr>\n<tr>\n<td>Material<\/td>\n<td>Messing<\/td>\n<\/tr>\n<\/table>\n<\/p><\/div>\n<p>                <span style=\"font-size:1px;color:white\">LKW, NFZ, Nutzfahrzeug, Reparatur, Wartung, Ersatz, Teil, Austausch, Ersatzteil, \u00dcberholung, Ventil, Entw\u00e4sserung, manuell, Wasserablassventil, Frostsch\u00e4den, Pr\u00e4vention, Entw\u00e4sserungsventil, Teblox, universal, universell, Blindstopfen, Messing, Druckluft, Beh\u00e4lter, Druckluftbeh\u00e4lter, Verschlussschraube, Blindschraube, Au\u00dfensechskant, Kessel, Druckluftbremse, Druckluftspeicher, Drucklufttank, Kondenswasser, mit Zugring, <\/span><\/p>\n<h4>OE &amp; OEM Referenznummern:<\/h4>\n<p><a href=\"https:\/\/lkw-teile-truckmotive.de\/products\/28016165\">28016165<\/a>, <a href=\"https:\/\/lkw-teile-truckmotive.de\/products\/7700051789\">7700051789<\/a>, <a href=\"https:\/\/lkw-teile-truckmotive.de\/products\/88512606204\">88512606204<\/a>, <a href=\"https:\/\/lkw-teile-truckmotive.de\/products\/83091900000\">83091900000<\/a>, <a href=\"https:\/\/lkw-teile-truckmotive.de\/products\/1505066\">1505066<\/a>, <a href=\"https:\/\/lkw-teile-truckmotive.de\/products\/81512606057\">81512606057<\/a>, <a href=\"https:\/\/lkw-teile-truckmotive.de\/products\/1081328\">1081328<\/a>, <a href=\"https:\/\/lkw-teile-truckmotive.de\/products\/504090399\">504090399<\/a>, <a href=\"https:\/\/lkw-teile-truckmotive.de\/products\/5000636371\">5000636371<\/a>, <a href=\"https:\/\/lkw-teile-truckmotive.de\/products\/81512606056\">81512606056<\/a>, <a href=\"https:\/\/lkw-teile-truckmotive.de\/products\/4425013500\">4425013500<\/a>, <a href=\"https:\/\/lkw-teile-truckmotive.de\/products\/10813285\">10813285<\/a>, <a href=\"https:\/\/lkw-teile-truckmotive.de\/products\/BBU1320\">BBU1320<\/a>, <a href=\"https:\/\/lkw-teile-truckmotive.de\/products\/5000873259\">5000873259<\/a>, <a href=\"https:\/\/lkw-teile-truckmotive.de\/products\/90810115141\">90810115141<\/a>, <a href=\"https:\/\/lkw-teile-truckmotive.de\/products\/341425\">341425<\/a>, <a href=\"https:\/\/lkw-teile-truckmotive.de\/products\/8285137000\">8285137000<\/a>, <a href=\"https:\/\/lkw-teile-truckmotive.de\/products\/81512600003\">81512600003<\/a>, <a href=\"https:\/\/lkw-teile-truckmotive.de\/products\/011017398\">011017398<\/a>, <a href=\"https:\/\/lkw-teile-truckmotive.de\/products\/99484322\">99484322<\/a>, <a href=\"https:\/\/lkw-teile-truckmotive.de\/products\/0004320887\">0004320887<\/a>, <a href=\"https:\/\/lkw-teile-truckmotive.de\/products\/1505276\">1505276<\/a>, <a href=\"https:\/\/lkw-teile-truckmotive.de\/products\/5800202865\">5800202865<\/a>, <a href=\"https:\/\/lkw-teile-truckmotive.de\/products\/84512606004\">84512606004<\/a>, <a href=\"https:\/\/lkw-teile-truckmotive.de\/products\/8283187000\">8283187000<\/a>, <a href=\"https:\/\/lkw-teile-truckmotive.de\/products\/41032106\">41032106<\/a>, <a href=\"https:\/\/lkw-teile-truckmotive.de\/products\/1609496\">1609496<\/a>, <a href=\"https:\/\/lkw-teile-truckmotive.de\/products\/007125000\">007125000<\/a>, <a href=\"https:\/\/lkw-teile-truckmotive.de\/products\/1581425\">1581425<\/a>, <a href=\"https:\/\/lkw-teile-truckmotive.de\/products\/0243103100\">0243103100<\/a>, <a href=\"https:\/\/lkw-teile-truckmotive.de\/products\/307687\">307687<\/a>, <a href=\"https:\/\/lkw-teile-truckmotive.de\/products\/16094963\">16094963<\/a>, <a href=\"https:\/\/lkw-teile-truckmotive.de\/products\/5021170348\">5021170348<\/a>, <a href=\"https:\/\/lkw-teile-truckmotive.de\/products\/VA12A\">VA12A<\/a>, <a href=\"https:\/\/lkw-teile-truckmotive.de\/products\/9343000010\">9343000010<\/a>, <a href=\"https:\/\/lkw-teile-truckmotive.de\/products\/9343000030\">9343000030<\/a>, <a href=\"https:\/\/lkw-teile-truckmotive.de\/products\/83100110\">83100110<\/a>, <a href=\"https:\/\/lkw-teile-truckmotive.de\/products\/3423526\">3423526<\/a>, <a href=\"https:\/\/lkw-teile-truckmotive.de\/products\/02520243\">02520243<\/a>, <a href=\"https:\/\/lkw-teile-truckmotive.de\/products\/0004321107\">0004321107<\/a>, <a href=\"https:\/\/lkw-teile-truckmotive.de\/products\/0004322107\">0004322107<\/a>, <a href=\"https:\/\/lkw-teile-truckmotive.de\/products\/1382866\">1382866<\/a>, <a href=\"https:\/\/lkw-teile-truckmotive.de\/products\/1443387\">1443387<\/a>, <a href=\"https:\/\/lkw-teile-truckmotive.de\/products\/303501\">303501<\/a>, <a href=\"https:\/\/lkw-teile-truckmotive.de\/products\/500304229\">500304229<\/a>, <a href=\"https:\/\/lkw-teile-truckmotive.de\/products\/04788568\">04788568<\/a>, <a href=\"https:\/\/lkw-teile-truckmotive.de\/products\/0110701400\">0110701400<\/a>, <a href=\"https:\/\/lkw-teile-truckmotive.de\/products\/81512607004\">81512607004<\/a>, <a href=\"https:\/\/lkw-teile-truckmotive.de\/products\/0004320407\">0004320407<\/a>, <a href=\"https:\/\/lkw-teile-truckmotive.de\/products\/3454300281\">3454300281<\/a>, <a href=\"https:\/\/lkw-teile-truckmotive.de\/products\/1260634\">1260634<\/a>, <a href=\"https:\/\/lkw-teile-truckmotive.de\/products\/0004321907\">0004321907<\/a>, <a href=\"https:\/\/lkw-teile-truckmotive.de\/products\/81512607002\">81512607002<\/a>, <a href=\"https:\/\/lkw-teile-truckmotive.de\/products\/4672326\">4672326<\/a>, <a href=\"https:\/\/lkw-teile-truckmotive.de\/products\/90810214230\">90810214230<\/a>, <a href=\"https:\/\/lkw-teile-truckmotive.de\/products\/04457267\">04457267<\/a>, <a href=\"https:\/\/lkw-teile-truckmotive.de\/products\/0004322007\">0004322007<\/a>, <a href=\"https:\/\/lkw-teile-truckmotive.de\/products\/0004320807\">0004320807<\/a>, <a href=\"https:\/\/lkw-teile-truckmotive.de\/products\/795035\">795035<\/a>, <a href=\"https:\/\/lkw-teile-truckmotive.de\/products\/1782075\">1782075<\/a>, <a href=\"https:\/\/lkw-teile-truckmotive.de\/products\/295499\">295499<\/a>, <a href=\"https:\/\/lkw-teile-truckmotive.de\/products\/02486790\">02486790<\/a>, <a href=\"https:\/\/lkw-teile-truckmotive.de\/products\/0004320607\">0004320607<\/a>, <a href=\"https:\/\/lkw-teile-truckmotive.de\/products\/81512606041\">81512606041<\/a>, <a href=\"https:\/\/lkw-teile-truckmotive.de\/products\/81512606002\">81512606002<\/a>, <a href=\"https:\/\/lkw-teile-truckmotive.de\/products\/201107\">201107<\/a>, <a href=\"https:\/\/lkw-teile-truckmotive.de\/products\/1403463\">1403463<\/a>, <a href=\"https:\/\/lkw-teile-truckmotive.de\/products\/4457267\">4457267<\/a>, <a href=\"https:\/\/lkw-teile-truckmotive.de\/products\/42021336\">42021336<\/a>, <a href=\"https:\/\/lkw-teile-truckmotive.de\/products\/04741164\">04741164<\/a>, <a href=\"https:\/\/lkw-teile-truckmotive.de\/products\/2486790\">2486790<\/a>, <a href=\"https:\/\/lkw-teile-truckmotive.de\/products\/81512606040\">81512606040<\/a>, <a href=\"https:\/\/lkw-teile-truckmotive.de\/products\/4425003400\">4425003400<\/a>, <a href=\"https:\/\/lkw-teile-truckmotive.de\/products\/6626859\">6626859<\/a>, <a href=\"https:\/\/lkw-teile-truckmotive.de\/products\/110267400\">110267400<\/a>, <a href=\"https:\/\/lkw-teile-truckmotive.de\/products\/81512606003\">81512606003<\/a>, <a href=\"https:\/\/lkw-teile-truckmotive.de\/products\/81512606042\">81512606042<\/a>, <a href=\"https:\/\/lkw-teile-truckmotive.de\/products\/295500\">295500<\/a>, <a href=\"https:\/\/lkw-teile-truckmotive.de\/products\/124404\">124404<\/a>, <a href=\"https:\/\/lkw-teile-truckmotive.de\/products\/606639\">606639<\/a>, <a href=\"https:\/\/lkw-teile-truckmotive.de\/products\/0004322407\">0004322407<\/a>, <a href=\"https:\/\/lkw-teile-truckmotive.de\/products\/4788568\">4788568<\/a>, <a href=\"https:\/\/lkw-teile-truckmotive.de\/products\/61578024\">61578024<\/a>, <a href=\"https:\/\/lkw-teile-truckmotive.de\/products\/0201107\">0201107<\/a>, <a href=\"https:\/\/lkw-teile-truckmotive.de\/products\/81512605003\">81512605003<\/a>, <a href=\"https:\/\/lkw-teile-truckmotive.de\/products\/0505294\">0505294<\/a>, <a href=\"https:\/\/lkw-teile-truckmotive.de\/products\/03423526\">03423526<\/a>, <a href=\"https:\/\/lkw-teile-truckmotive.de\/products\/04672326\">04672326<\/a>, <a href=\"https:\/\/lkw-teile-truckmotive.de\/products\/01260634\">01260634<\/a>, <a href=\"https:\/\/lkw-teile-truckmotive.de\/products\/0004311206\">0004311206<\/a>, <a href=\"https:\/\/lkw-teile-truckmotive.de\/products\/341425\">341425<\/a>, <a href=\"https:\/\/lkw-teile-truckmotive.de\/products\/2520243\">2520243<\/a>, <a href=\"https:\/\/lkw-teile-truckmotive.de\/products\/505294\">505294<\/a>, <a href=\"https:\/\/lkw-teile-truckmotive.de\/products\/0004321307\">0004321307<\/a>, <a href=\"https:\/\/lkw-teile-truckmotive.de\/products\/81512607003\">81512607003<\/a>, <a href=\"https:\/\/lkw-teile-truckmotive.de\/products\/I94095\">I94095<\/a><\/p>\n<p><span style=\"font-size:12px\"><b>Hinweis: <\/b><br \/>Alle aufgef\u00fchrten Marken, Referenzen sowie Vergleichsnummern dienen lediglich dem Vergleichszweck.<br \/>\nDie angebotenen Artikel sind, sofern nicht anders angegeben, Nachbauteile in Erstausr\u00fcsterqualit\u00e4t.<\/span><\/p>\n<details>\n<summary style=\"cursor: pointer;color: #06c;font-size: 15px\">Herstellerinformation<\/summary>\n<div class=\"manufacturer-info\" style=\"padding: 10px;border: 1px solid #888;margin-top: 10px;background-color: #f9f9f9\">\n<p><b>Truckmotive GmbH<\/b><br \/>Welschenkamp 18<br \/>DE-47138 Duisburg &#8211; DE<br \/>Tel.: <br \/>Mail: hallo@truckmotive.de<\/p>\n<\/p><\/div>\n<\/details><\/div>\n","protected":false},"excerpt":{"rendered":"<div style=\"font-size:15px\">\n<p style=\"font-size:17px;color:black\"><b>Lieferumfang:<\/b><\/p>\n<p style=\"padding-top:6px\">1x Entw\u00e4sserungsventil<\/p>\n<p><\/br><\/p>\n<p style=\"font-size:17px;color:black\"><b>Passend f\u00fcr<\/b><\/p>\n<ul style=\"padding-top:6px\">\n<li>universal einsetzbar<\/li>\n<\/ul>\n<p><span style=\"font-size:12px\">Das Ersatzteil passt unter anderem f\u00fcr die oben genannten Modelle. Bitte pr\u00fcfen Sie die Ersatzteil-Nummer, um eine Fehlbestellung zu vermeiden. Nicht sicher, ob das Teil passt? Kontaktieren Sie uns!<\/span><\/p>\n<\/div>\n","protected":false},"featured_media":179124,"comment_status":"open","ping_status":"closed","template":"","meta":[],"_links":{"self":[{"href":"https:\/\/lkw-teile-truckmotive.de\/index.php\/wp-json\/wp\/v2\/product\/47370"}],"collection":[{"href":"https:\/\/lkw-teile-truckmotive.de\/index.php\/wp-json\/wp\/v2\/product"}],"about":[{"href":"https:\/\/lkw-teile-truckmotive.de\/index.php\/wp-json\/wp\/v2\/types\/product"}],"replies":[{"embeddable":true,"href":"https:\/\/lkw-teile-truckmotive.de\/index.php\/wp-json\/wp\/v2\/comments?post=47370"}],"wp:featuredmedia":[{"embeddable":true,"href":"https:\/\/lkw-teile-truckmotive.de\/index.php\/wp-json\/wp\/v2\/media\/179124"}],"wp:attachment":[{"href":"https:\/\/lkw-teile-truckmotive.de\/index.php\/wp-json\/wp\/v2\/media?parent=47370"}],"curies":[{"name":"wp","href":"https:\/\/api.w.org\/{rel}","templated":true}]}}