{"id":47407,"date":"2021-12-03T00:41:39","date_gmt":"2021-12-02T23:41:39","guid":{"rendered":"https:\/\/lkw-teile-truckmotive.de\/index.php\/produkt\/ventil-druckbegrenzungsventil-8-5bar-passt-fuer-man-tgl-tgm-tga-tgs-tgx-l2000-f2000-m2000"},"modified":"2026-04-28T15:21:04","modified_gmt":"2026-04-28T13:21:04","slug":"ventil-druckbegrenzungsventil-8-5bar-passt-fuer-man-tgl-tgm-tga-tgs-tgx-l2000-f2000-m2000","status":"publish","type":"product","link":"https:\/\/lkw-teile-truckmotive.de\/index.php\/produkt\/ventil-druckbegrenzungsventil-8-5bar-passt-fuer-man-tgl-tgm-tga-tgs-tgx-l2000-f2000-m2000","title":{"rendered":"Ventil Druckbegrenzungsventil 8,5bar passt f\u00fcr MAN TGL, TGM, TGA, TGS, TGX, L2000, F2000, M2000"},"content":{"rendered":"<div style=\"font-size:15px\">\n<h4>Ventil Druckbegrenzungsventil 8,5bar passt f\u00fcr MAN TGL, TGM, TGA, TGS, TGX, L2000, F2000, M2000<\/h4>\n<div class=\"table_info\">\n<p>Teblox Druckbegrenzungsventil<\/p>\n<table>\n<tbody>\n<tr>\n<td>Gewindema\u00df<\/td>\n<td>M22x1,5mm<\/td>\n<\/tr>\n<tr>\n<td>Betriebsdruck<\/td>\n<td>20bar (max.)<\/td>\n<\/tr>\n<tr>\n<td>F\u00f6rderdruck<\/td>\n<td>8,5bar<\/td>\n<\/tr>\n<tr>\n<td>Nennweite<\/td>\n<td>10mm<\/td>\n<\/tr>\n<\/tbody>\n<\/table>\n<\/p><\/div>\n<p>                <span style=\"font-size:1px;color:white\">LKW, NFZ, Nutzfahrzeug, Reparatur, Wartung, Ersatz, Teil, Austausch, Ersatzteil, \u00dcberholung, Ventil, \u00dcberdruckventil, Sicherheitsventil, Druckbegrenzungsventil, Hydraulik, Gasdruck, \u00dcberdruckabsicherung, Pumpendruck, MAN<\/span><\/p>\n<h4>OE &amp; OEM Referenznummern:<\/h4>\n<p><a href=\"https:\/\/lkw-teile-truckmotive.de\/products\/4750103000\">4750103000<\/a>, <a href=\"https:\/\/lkw-teile-truckmotive.de\/products\/81521016269\">81521016269<\/a>, <a href=\"https:\/\/lkw-teile-truckmotive.de\/products\/4750103007\">4750103007<\/a>, <a href=\"https:\/\/lkw-teile-truckmotive.de\/products\/1260667\">1260667<\/a>, <a href=\"https:\/\/lkw-teile-truckmotive.de\/products\/1505392\">1505392<\/a><\/p>\n<p><span style=\"font-size:12px\"><b>Hinweis: <\/b><br \/>Alle aufgef\u00fchrten Marken, Referenzen sowie Vergleichsnummern dienen lediglich dem Vergleichszweck.<br \/>\nDie angebotenen Artikel sind, sofern nicht anders angegeben, Nachbauteile in Erstausr\u00fcsterqualit\u00e4t.<\/span><\/p>\n<details>\n<summary style=\"cursor: pointer;color: #06c;font-size: 15px\">Herstellerinformation<\/summary>\n<div class=\"manufacturer-info\" style=\"padding: 10px;border: 1px solid #888;margin-top: 10px;background-color: #f9f9f9\">\n<p><b>Truckmotive GmbH<\/b><br \/>Welschenkamp 18<br \/>DE-47138 Duisburg &#8211; DE<br \/>Tel.: <br \/>Mail: hallo@truckmotive.de<\/p>\n<\/p><\/div>\n<\/details><\/div>\n","protected":false},"excerpt":{"rendered":"<div style=\"font-size:15px\">\n<p style=\"font-size:17px;color:black\"><b>Lieferumfang:<\/b><\/p>\n<p style=\"padding-top:6px\">1x Druckbegrenzungsventil<\/p>\n<p><\/br><\/p>\n<p style=\"font-size:17px;color:black\"><b>Passend f\u00fcr<\/b><\/p>\n<ul style=\"padding-top:6px\">\n<li>MAN TGL, TGM, TGA, TGS, TGX<\/li>\n<li>MAN L2000 F2000 M2000<\/li>\n<\/ul>\n<p><span style=\"font-size:12px\">Das Ersatzteil passt unter anderem f\u00fcr die oben genannten Modelle. Bitte pr\u00fcfen Sie die Ersatzteil-Nummer, um eine Fehlbestellung zu vermeiden. Nicht sicher, ob das Teil passt? Kontaktieren Sie uns!<\/span><\/p>\n<\/div>\n","protected":false},"featured_media":179791,"comment_status":"open","ping_status":"closed","template":"","meta":[],"_links":{"self":[{"href":"https:\/\/lkw-teile-truckmotive.de\/index.php\/wp-json\/wp\/v2\/product\/47407"}],"collection":[{"href":"https:\/\/lkw-teile-truckmotive.de\/index.php\/wp-json\/wp\/v2\/product"}],"about":[{"href":"https:\/\/lkw-teile-truckmotive.de\/index.php\/wp-json\/wp\/v2\/types\/product"}],"replies":[{"embeddable":true,"href":"https:\/\/lkw-teile-truckmotive.de\/index.php\/wp-json\/wp\/v2\/comments?post=47407"}],"wp:featuredmedia":[{"embeddable":true,"href":"https:\/\/lkw-teile-truckmotive.de\/index.php\/wp-json\/wp\/v2\/media\/179791"}],"wp:attachment":[{"href":"https:\/\/lkw-teile-truckmotive.de\/index.php\/wp-json\/wp\/v2\/media?parent=47407"}],"curies":[{"name":"wp","href":"https:\/\/api.w.org\/{rel}","templated":true}]}}