{"id":47454,"date":"2021-12-03T00:42:55","date_gmt":"2021-12-02T23:42:55","guid":{"rendered":"https:\/\/lkw-teile-truckmotive.de\/index.php\/produkt\/ventil-druckbegrenzungsventil-4750103330-passend-fuer-man-tgl-tgm-tga-tgs-tgx-neoplan"},"modified":"2026-01-04T12:20:31","modified_gmt":"2026-01-04T11:20:31","slug":"ventil-druckbegrenzungsventil-4750103330-passend-fuer-man-tgl-tgm-tga-tgs-tgx-neoplan","status":"publish","type":"product","link":"https:\/\/lkw-teile-truckmotive.de\/index.php\/produkt\/ventil-druckbegrenzungsventil-4750103330-passend-fuer-man-tgl-tgm-tga-tgs-tgx-neoplan","title":{"rendered":"Ventil Druckbegrenzungsventil 4750103330 passend f\u00fcr MAN TGL, TGM, TGA, TGS, TGX, Neoplan"},"content":{"rendered":"<div style=\"font-size:15px\">\n<h4>Ventil Druckbegrenzungsventil 4750103330 passend f\u00fcr MAN TGL, TGM, TGA, TGS, TGX, Neoplan<\/h4>\n<div class=\"table_info\">\n<p>Original Wabco Druckbegrenzungsventil<\/p>\n<table>\n<tr>\n<td>Betriebsdruck bis<\/td>\n<td>20bar<\/td>\n<\/tr>\n<tr>\n<td>Gewindema\u00df<\/td>\n<td>M22 x 1.5mm<\/td>\n<\/tr>\n<tr>\n<td>Ausgangsdruck von<\/td>\n<td>9.3bar<\/td>\n<\/tr>\n<tr>\n<td>Eingangsdruck von<\/td>\n<td>12,5bar<\/td>\n<\/tr>\n<\/table>\n<\/p><\/div>\n<p>                <span style=\"font-size:1px;color:white\">LKW, NFZ, Nutzfahrzeug, Reparatur, Wartung, Ersatz, Teil, Austausch, Ersatzteil, \u00dcberholung, Ventil, \u00dcberdruckventil, Sicherheitsventil, Druckbegrenzungsventil, Hydraulik, Gasdruck, \u00dcberdruckabsicherung, Pumpendruck, Wabco, MAN<\/span><\/p>\n<h4>OE &amp; OEM Referenznummern:<\/h4>\n<p><a href=\"https:\/\/lkw-teile-truckmotive.de\/products\/81521016295\">81521016295<\/a>, <a href=\"https:\/\/lkw-teile-truckmotive.de\/products\/4750103330\">4750103330<\/a><\/p>\n<p><span style=\"font-size:12px\"><b>Hinweis: <\/b><br \/>Alle aufgef\u00fchrten Marken, Referenzen sowie Vergleichsnummern dienen lediglich dem Vergleichszweck.<br \/>\nDie angebotenen Artikel sind, sofern nicht anders angegeben, Nachbauteile in Erstausr\u00fcsterqualit\u00e4t.<\/span><\/p>\n<details>\n<summary style=\"cursor: pointer;color: #06c;font-size: 15px\">Herstellerinformation<\/summary>\n<div class=\"manufacturer-info\" style=\"padding: 10px;border: 1px solid #888;margin-top: 10px;background-color: #f9f9f9\">\n<p><b>ZF CV Systems Hannover GmbH Wabco<\/b><br \/>Am Lindener Hafen 21<br \/>DE-30453 Hannover &#8211; DE<br \/>Tel.: <br \/>Mail: direct.cvcs@tf.com<\/p>\n<\/p><\/div>\n<\/details><\/div>\n","protected":false},"excerpt":{"rendered":"<div style=\"font-size:15px\">\n<p style=\"font-size:17px;color:black\"><b>Lieferumfang:<\/b><\/p>\n<p style=\"padding-top:6px\">1x Druckbegrenzungsventil<\/p>\n<p><\/br><\/p>\n<p style=\"font-size:17px;color:black\"><b>Passend f\u00fcr<\/b><\/p>\n<ul style=\"padding-top:6px\">\n<li>MAN TGL, TGM, TGA, TGS, TGX<\/li>\n<li>MAN Neoplan Jetliner, Skyliner<\/li>\n<\/ul>\n<p><span style=\"font-size:12px\">Das Ersatzteil passt unter anderem f\u00fcr die oben genannten Modelle. Bitte pr\u00fcfen Sie die Ersatzteil-Nummer, um eine Fehlbestellung zu vermeiden. Nicht sicher, ob das Teil passt? Kontaktieren Sie uns!<\/span><\/p>\n<\/div>\n","protected":false},"featured_media":171316,"comment_status":"open","ping_status":"closed","template":"","meta":[],"_links":{"self":[{"href":"https:\/\/lkw-teile-truckmotive.de\/index.php\/wp-json\/wp\/v2\/product\/47454"}],"collection":[{"href":"https:\/\/lkw-teile-truckmotive.de\/index.php\/wp-json\/wp\/v2\/product"}],"about":[{"href":"https:\/\/lkw-teile-truckmotive.de\/index.php\/wp-json\/wp\/v2\/types\/product"}],"replies":[{"embeddable":true,"href":"https:\/\/lkw-teile-truckmotive.de\/index.php\/wp-json\/wp\/v2\/comments?post=47454"}],"wp:featuredmedia":[{"embeddable":true,"href":"https:\/\/lkw-teile-truckmotive.de\/index.php\/wp-json\/wp\/v2\/media\/171316"}],"wp:attachment":[{"href":"https:\/\/lkw-teile-truckmotive.de\/index.php\/wp-json\/wp\/v2\/media?parent=47454"}],"curies":[{"name":"wp","href":"https:\/\/api.w.org\/{rel}","templated":true}]}}