{"id":47463,"date":"2021-12-03T00:43:05","date_gmt":"2021-12-02T23:43:05","guid":{"rendered":"https:\/\/lkw-teile-truckmotive.de\/index.php\/produkt\/ventil-relaisventil-9730110010-passend-fuer-man-mercedes-benz-daf"},"modified":"2025-05-11T18:29:01","modified_gmt":"2025-05-11T16:29:01","slug":"ventil-relaisventil-9730110010-passend-fuer-man-mercedes-benz-daf","status":"publish","type":"product","link":"https:\/\/lkw-teile-truckmotive.de\/index.php\/produkt\/ventil-relaisventil-9730110010-passend-fuer-man-mercedes-benz-daf","title":{"rendered":"Ventil Relaisventil WABCO 9730110010 passend f\u00fcr MAN, Mercedes-Benz, DAF"},"content":{"rendered":"<div style=\"font-size:15px\">\n<h4>Ventil Relaisventil WABCO 9730110010 passend f\u00fcr MAN, Mercedes-Benz, DAF<\/h4>\n<div class=\"table_info\">\n<p>Original Wabco Relaisventil<\/p>\n<table>\n<tr>\n<td>H\u00f6he<\/td>\n<td>110mm<\/td>\n<\/tr>\n<tr>\n<td>Breite<\/td>\n<td>104mm<\/td>\n<\/tr>\n<tr>\n<td>Gewindema\u00df 2<\/td>\n<td>M22 x 1,5mm<\/td>\n<\/tr>\n<tr>\n<td>Gewindema\u00df 1<\/td>\n<td>M16 x 1,5mm<\/td>\n<\/tr>\n<tr>\n<td>Betriebsdruck bis<\/td>\n<td>10bar<\/td>\n<\/tr>\n<\/table>\n<\/p><\/div>\n<p>                <span style=\"font-size:1px;color:white\">LKW, NFZ, Nutzfahrzeug, Reparatur, Wartung, Ersatz, Teil, Austausch, Ersatzteil, \u00dcberholung, Ventil, Notventil, Druckaufbau, verk\u00fcrzen, Relaisventil, bremsen, erh\u00f6hen, verringern, MAN, DAF, Mercedes-Benz, Wabco<\/span><\/p>\n<h4>OE &amp; OEM Referenznummern:<\/h4>\n<p><a href=\"https:\/\/lkw-teile-truckmotive.de\/products\/1506485\">1506485<\/a>, <a href=\"https:\/\/lkw-teile-truckmotive.de\/products\/9730012100\">9730012100<\/a>, <a href=\"https:\/\/lkw-teile-truckmotive.de\/products\/004429384480\">004429384480<\/a>, <a href=\"https:\/\/lkw-teile-truckmotive.de\/products\/81521166027\">81521166027<\/a>, <a href=\"https:\/\/lkw-teile-truckmotive.de\/products\/1504915\">1504915<\/a>, <a href=\"https:\/\/lkw-teile-truckmotive.de\/products\/81521169070\">81521169070<\/a>, <a href=\"https:\/\/lkw-teile-truckmotive.de\/products\/0044293844\">0044293844<\/a>, <a href=\"https:\/\/lkw-teile-truckmotive.de\/products\/6954297144\">6954297144<\/a>, <a href=\"https:\/\/lkw-teile-truckmotive.de\/products\/81521166070\">81521166070<\/a>, <a href=\"https:\/\/lkw-teile-truckmotive.de\/products\/1935656\">1935656<\/a>, <a href=\"https:\/\/lkw-teile-truckmotive.de\/products\/9730110010\">9730110010<\/a><\/p>\n<p><span style=\"font-size:12px\"><b>Hinweis: <\/b><br \/>Alle aufgef\u00fchrten Marken, Referenzen sowie Vergleichsnummern dienen lediglich dem Vergleichszweck.<br \/>\nDie angebotenen Artikel sind, sofern nicht anders angegeben, Nachbauteile in Erstausr\u00fcsterqualit\u00e4t.<\/span><\/p>\n<details>\n<summary style=\"cursor: pointer;color: #06c;font-size: 15px\">Herstellerinformation<\/summary>\n<div class=\"manufacturer-info\" style=\"padding: 10px;border: 1px solid #888;margin-top: 10px;background-color: #f9f9f9\">\n<p><b>ZF CV Systems Hannover GmbH Wabco<\/b><br \/>Am Lindener Hafen 21<br \/>DE-30453 Hannover &#8211; DE<br \/>Tel.: <br \/>Mail: direct.cvcs@tf.com<\/p>\n<\/p><\/div>\n<\/details><\/div>\n","protected":false},"excerpt":{"rendered":"<div style=\"font-size:15px\">\n<p style=\"font-size:17px;color:black\"><b>Lieferumfang:<\/b><\/p>\n<p style=\"padding-top:6px\">1x Relaisventil<\/p>\n<p><\/br><\/p>\n<p style=\"font-size:17px;color:black\"><b>Passend f\u00fcr<\/b><\/p>\n<ul style=\"padding-top:6px\">\n<li>MAN<\/li>\n<li>Mercedes-Benz<\/li>\n<li>DAF<\/li>\n<\/ul>\n<p><span style=\"font-size:12px\">Das Ersatzteil passt unter anderem f\u00fcr die oben genannten Modelle. Bitte pr\u00fcfen Sie die Ersatzteil-Nummer, um eine Fehlbestellung zu vermeiden. Nicht sicher, ob das Teil passt? Kontaktieren Sie uns!<\/span><\/p>\n<\/div>\n","protected":false},"featured_media":152095,"comment_status":"open","ping_status":"closed","template":"","meta":[],"_links":{"self":[{"href":"https:\/\/lkw-teile-truckmotive.de\/index.php\/wp-json\/wp\/v2\/product\/47463"}],"collection":[{"href":"https:\/\/lkw-teile-truckmotive.de\/index.php\/wp-json\/wp\/v2\/product"}],"about":[{"href":"https:\/\/lkw-teile-truckmotive.de\/index.php\/wp-json\/wp\/v2\/types\/product"}],"replies":[{"embeddable":true,"href":"https:\/\/lkw-teile-truckmotive.de\/index.php\/wp-json\/wp\/v2\/comments?post=47463"}],"wp:featuredmedia":[{"embeddable":true,"href":"https:\/\/lkw-teile-truckmotive.de\/index.php\/wp-json\/wp\/v2\/media\/152095"}],"wp:attachment":[{"href":"https:\/\/lkw-teile-truckmotive.de\/index.php\/wp-json\/wp\/v2\/media?parent=47463"}],"curies":[{"name":"wp","href":"https:\/\/api.w.org\/{rel}","templated":true}]}}