{"id":47538,"date":"2021-12-03T00:45:27","date_gmt":"2021-12-02T23:45:27","guid":{"rendered":"https:\/\/lkw-teile-truckmotive.de\/index.php\/produkt\/bremszylinder-16-24-fuer-scheibenbremse-9253840100-passend-fuer-krone-koegel-schmitz-saf-bpw"},"modified":"2026-02-10T11:17:35","modified_gmt":"2026-02-10T10:17:35","slug":"bremszylinder-16-24-fuer-scheibenbremse-9253840100-passend-fuer-krone-koegel-schmitz-saf-bpw","status":"publish","type":"product","link":"https:\/\/lkw-teile-truckmotive.de\/index.php\/produkt\/bremszylinder-16-24-fuer-scheibenbremse-9253840100-passend-fuer-krone-koegel-schmitz-saf-bpw","title":{"rendered":"Bremszylinder 16\/24 f\u00fcr Scheibenbremse 9253840100 passend f\u00fcr Krone, K\u00f6gel, Schmitz, SAF, BPW"},"content":{"rendered":"<div style=\"font-size:15px\">\n<h4>Bremszylinder 16\/24 f\u00fcr Scheibenbremse 9253840100 passend f\u00fcr Krone, K\u00f6gel, Schmitz, SAF, BPW<\/h4>\n<div class=\"table_info\">\n<p>Original Wabco Bremszylinder<\/p>\n<table>\n<tr>\n<td>Typ<\/td>\n<td>16\/24<\/td>\n<\/tr>\n<tr>\n<td>Hub<\/td>\n<td>57<\/td>\n<\/tr>\n<tr>\n<td>Gewindema\u00df<\/td>\n<td>M16x15<\/td>\n<\/tr>\n<tr>\n<td>Bremse<\/td>\n<td>Scheibenbremse<\/td>\n<\/tr>\n<tr>\n<td>Einbauort<\/td>\n<td>links und rechts<\/td>\n<\/tr>\n<tr>\n<td>Betriebsdruck max<\/td>\n<td>10,5 \/ 8,5 Bar<\/td>\n<\/tr>\n<\/table>\n<\/p><\/div>\n<p>                <span style=\"font-size:1px;color:white\">Bremse, Zylinder, Bremszylinder, Hub, Scheibenbremse, <\/span><\/p>\n<h4>OE &amp; OEM Referenznummern:<\/h4>\n<p><a href=\"https:\/\/lkw-teile-truckmotive.de\/products\/9253840100\">9253840100<\/a>, <a href=\"https:\/\/lkw-teile-truckmotive.de\/products\/1162544\">1162544<\/a>, <a href=\"https:\/\/lkw-teile-truckmotive.de\/products\/1078347\">1078347<\/a>, <a href=\"https:\/\/lkw-teile-truckmotive.de\/products\/0544440010\">0544440010<\/a>, <a href=\"https:\/\/lkw-teile-truckmotive.de\/products\/4454107230\">4454107230<\/a>, <a href=\"https:\/\/lkw-teile-truckmotive.de\/products\/0074203624\">0074203624<\/a>, <a href=\"https:\/\/lkw-teile-truckmotive.de\/products\/0544440020\">0544440020<\/a>, <a href=\"https:\/\/lkw-teile-truckmotive.de\/products\/1000835\">1000835<\/a>, <a href=\"https:\/\/lkw-teile-truckmotive.de\/products\/1255715\">1255715<\/a>, <a href=\"https:\/\/lkw-teile-truckmotive.de\/products\/4454107730\">4454107730<\/a>, <a href=\"https:\/\/lkw-teile-truckmotive.de\/products\/6609442\">6609442<\/a>, <a href=\"https:\/\/lkw-teile-truckmotive.de\/products\/054998\">054998<\/a>, <a href=\"https:\/\/lkw-teile-truckmotive.de\/products\/4454107630\">4454107630<\/a>, <a href=\"https:\/\/lkw-teile-truckmotive.de\/products\/6609441\">6609441<\/a>, <a href=\"https:\/\/lkw-teile-truckmotive.de\/products\/1097975\">1097975<\/a>, <a href=\"https:\/\/lkw-teile-truckmotive.de\/products\/9253840010\">9253840010<\/a>, <a href=\"https:\/\/lkw-teile-truckmotive.de\/products\/1351624004\">1351624004<\/a>, <a href=\"https:\/\/lkw-teile-truckmotive.de\/products\/JAE0210406518\">JAE0210406518<\/a>, <a href=\"https:\/\/lkw-teile-truckmotive.de\/products\/K159939N00\">K159939N00<\/a>, <a href=\"https:\/\/lkw-teile-truckmotive.de\/products\/05.444.40.01.0\">05.444.40.01.0<\/a><\/p>\n<p><span style=\"font-size:12px\"><b>Hinweis: <\/b><br \/>Alle aufgef\u00fchrten Marken, Referenzen sowie Vergleichsnummern dienen lediglich dem Vergleichszweck.<br \/>\nDie angebotenen Artikel sind, sofern nicht anders angegeben, Nachbauteile in Erstausr\u00fcsterqualit\u00e4t.<\/span><\/p>\n<details>\n<summary style=\"cursor: pointer;color: #06c;font-size: 15px\">Herstellerinformation<\/summary>\n<div class=\"manufacturer-info\" style=\"padding: 10px;border: 1px solid #888;margin-top: 10px;background-color: #f9f9f9\">\n<p><b>ZF CV Systems Hannover GmbH Wabco<\/b><br \/>Am Lindener Hafen 21<br \/>DE-30453 Hannover &#8211; DE<br \/>Tel.: <br \/>Mail: direct.cvcs@tf.com<\/p>\n<\/p><\/div>\n<\/details><\/div>\n","protected":false},"excerpt":{"rendered":"<div style=\"font-size:15px\">\n<p style=\"font-size:17px;color:black\"><b>Lieferumfang:<\/b><\/p>\n<p style=\"padding-top:6px\">1x Bremszylinder<\/p>\n<p><\/br><\/p>\n<p style=\"font-size:17px;color:black\"><b>Passend f\u00fcr<\/b><\/p>\n<ul style=\"padding-top:6px\">\n<li>universal einsetzbar<\/li>\n<li>f\u00fcr die meisten Auflieger\/Anh\u00e4nger geeignet u.a.:<\/li>\n<li>KRONE<\/li>\n<li>K\u00d6GEL<\/li>\n<li>SCHMITZ<\/li>\n<li>SAF<\/li>\n<li>BPW<\/li>\n<li>GIGANT<\/li>\n<\/ul>\n<p><span style=\"font-size:12px\">Das Ersatzteil passt unter anderem f\u00fcr die oben genannten Modelle. Bitte pr\u00fcfen Sie die Ersatzteil-Nummer, um eine Fehlbestellung zu vermeiden. Nicht sicher, ob das Teil passt? Kontaktieren Sie uns!<\/span><\/p>\n<\/div>\n","protected":false},"featured_media":174435,"comment_status":"open","ping_status":"closed","template":"","meta":[],"_links":{"self":[{"href":"https:\/\/lkw-teile-truckmotive.de\/index.php\/wp-json\/wp\/v2\/product\/47538"}],"collection":[{"href":"https:\/\/lkw-teile-truckmotive.de\/index.php\/wp-json\/wp\/v2\/product"}],"about":[{"href":"https:\/\/lkw-teile-truckmotive.de\/index.php\/wp-json\/wp\/v2\/types\/product"}],"replies":[{"embeddable":true,"href":"https:\/\/lkw-teile-truckmotive.de\/index.php\/wp-json\/wp\/v2\/comments?post=47538"}],"wp:featuredmedia":[{"embeddable":true,"href":"https:\/\/lkw-teile-truckmotive.de\/index.php\/wp-json\/wp\/v2\/media\/174435"}],"wp:attachment":[{"href":"https:\/\/lkw-teile-truckmotive.de\/index.php\/wp-json\/wp\/v2\/media?parent=47538"}],"curies":[{"name":"wp","href":"https:\/\/api.w.org\/{rel}","templated":true}]}}