{"id":47550,"date":"2021-12-03T00:45:44","date_gmt":"2021-12-02T23:45:44","guid":{"rendered":"https:\/\/lkw-teile-truckmotive.de\/index.php\/produkt\/ventil-fussbremsventil-4800200280-passend-fuer-man-tgl-tgm"},"modified":"2026-04-20T15:21:45","modified_gmt":"2026-04-20T13:21:45","slug":"ventil-fussbremsventil-4800200280-passend-fuer-man-tgl-tgm","status":"publish","type":"product","link":"https:\/\/lkw-teile-truckmotive.de\/index.php\/produkt\/ventil-fussbremsventil-4800200280-passend-fuer-man-tgl-tgm","title":{"rendered":"Ventil Fu\u00dfbremsventil 4800200280 passend f\u00fcr MAN TGL, TGM"},"content":{"rendered":"<div style=\"font-size:15px\">\n<h4>Ventil Fu\u00dfbremsventil 4800200280 passend f\u00fcr MAN TGL, TGM<\/h4>\n<div class=\"table_info\">\n<p>Original Wabco Bremsventil<\/p>\n<table>\n<tr>\n<td>Befestigung<\/td>\n<td>4 x M8<\/td>\n<\/tr>\n<tr>\n<td>Gewinde<\/td>\n<td>4x M22x1,5 &#8211; 1x M16x1,5<\/td>\n<\/tr>\n<tr>\n<td>System<\/td>\n<td>4S\/3M, 4S\/4M, 6S\/6M<\/td>\n<\/tr>\n<tr>\n<td>Betriebsdruck max<\/td>\n<td>12,7 Bar<\/td>\n<\/tr>\n<\/table>\n<\/p><\/div>\n<p>                <span style=\"font-size:1px;color:white\">LKW, NFZ, Nutzfahrzeug, Reparatur, Wartung, Ersatz, Teil, Austausch, Ersatzteil, \u00dcberholung, Ventil, Fru\u00dfbremsventil, zweikreisig, Betriebskreibremse, stufbar, Druck, Bar, Entl\u00fcftet, bremsen, Wabco, MAN<\/span><\/p>\n<h4>OE &amp; OEM Referenznummern:<\/h4>\n<p><a href=\"https:\/\/lkw-teile-truckmotive.de\/products\/4800200230\">4800200230<\/a>, <a href=\"https:\/\/lkw-teile-truckmotive.de\/products\/4800200260\">4800200260<\/a>, <a href=\"https:\/\/lkw-teile-truckmotive.de\/products\/4800200280\">4800200280<\/a>, <a href=\"https:\/\/lkw-teile-truckmotive.de\/products\/81521306312\">81521306312<\/a>, <a href=\"https:\/\/lkw-teile-truckmotive.de\/products\/81521306311\">81521306311<\/a>, <a href=\"https:\/\/lkw-teile-truckmotive.de\/products\/81521306310\">81521306310<\/a>, <a href=\"https:\/\/lkw-teile-truckmotive.de\/products\/81521306307\">81521306307<\/a>, <a href=\"https:\/\/lkw-teile-truckmotive.de\/products\/4800200070\">4800200070<\/a>, <a href=\"https:\/\/lkw-teile-truckmotive.de\/products\/4800200210\">4800200210<\/a>, <a href=\"https:\/\/lkw-teile-truckmotive.de\/products\/81521306309\">81521306309<\/a>, <a href=\"https:\/\/lkw-teile-truckmotive.de\/products\/81521306306\">81521306306<\/a>, <a href=\"https:\/\/lkw-teile-truckmotive.de\/products\/81521306308\">81521306308<\/a>, <a href=\"https:\/\/lkw-teile-truckmotive.de\/products\/81521306287\">81521306287<\/a>, <a href=\"https:\/\/lkw-teile-truckmotive.de\/products\/81521306305\">81521306305<\/a>, <a href=\"https:\/\/lkw-teile-truckmotive.de\/products\/81521306291\">81521306291<\/a>, <a href=\"https:\/\/lkw-teile-truckmotive.de\/products\/81521306299\">81521306299<\/a>, <a href=\"https:\/\/lkw-teile-truckmotive.de\/products\/81521306305\">81521306305<\/a>, <a href=\"https:\/\/lkw-teile-truckmotive.de\/products\/\"><\/a><\/p>\n<p><span style=\"font-size:12px\"><b>Hinweis: <\/b><br \/>Alle aufgef\u00fchrten Marken, Referenzen sowie Vergleichsnummern dienen lediglich dem Vergleichszweck.<br \/>\nDie angebotenen Artikel sind, sofern nicht anders angegeben, Nachbauteile in Erstausr\u00fcsterqualit\u00e4t.<\/span><\/p>\n<details>\n<summary style=\"cursor: pointer;color: #06c;font-size: 15px\">Herstellerinformation<\/summary>\n<div class=\"manufacturer-info\" style=\"padding: 10px;border: 1px solid #888;margin-top: 10px;background-color: #f9f9f9\">\n<p><b>ZF CV Systems Hannover GmbH Wabco<\/b><br \/>Am Lindener Hafen 21<br \/>DE-30453 Hannover &#8211; DE<br \/>Tel.: <br \/>Mail: direct.cvcs@tf.com<\/p>\n<\/p><\/div>\n<\/details><\/div>\n","protected":false},"excerpt":{"rendered":"<div style=\"font-size:15px\">\n<p style=\"font-size:17px;color:black\"><b>Lieferumfang:<\/b><\/p>\n<p style=\"padding-top:6px\">1x Bremsventil<\/p>\n<p><\/br><\/p>\n<p style=\"font-size:17px;color:black\"><b>Passend f\u00fcr<\/b><\/p>\n<ul style=\"padding-top:6px\">\n<li>MAN TGL, TGM<\/li>\n<\/ul>\n<p><span style=\"font-size:12px\">Das Ersatzteil passt unter anderem f\u00fcr die oben genannten Modelle. Bitte pr\u00fcfen Sie die Ersatzteil-Nummer, um eine Fehlbestellung zu vermeiden. Nicht sicher, ob das Teil passt? Kontaktieren Sie uns!<\/span><\/p>\n<\/div>\n","protected":false},"featured_media":179174,"comment_status":"open","ping_status":"closed","template":"","meta":[],"_links":{"self":[{"href":"https:\/\/lkw-teile-truckmotive.de\/index.php\/wp-json\/wp\/v2\/product\/47550"}],"collection":[{"href":"https:\/\/lkw-teile-truckmotive.de\/index.php\/wp-json\/wp\/v2\/product"}],"about":[{"href":"https:\/\/lkw-teile-truckmotive.de\/index.php\/wp-json\/wp\/v2\/types\/product"}],"replies":[{"embeddable":true,"href":"https:\/\/lkw-teile-truckmotive.de\/index.php\/wp-json\/wp\/v2\/comments?post=47550"}],"wp:featuredmedia":[{"embeddable":true,"href":"https:\/\/lkw-teile-truckmotive.de\/index.php\/wp-json\/wp\/v2\/media\/179174"}],"wp:attachment":[{"href":"https:\/\/lkw-teile-truckmotive.de\/index.php\/wp-json\/wp\/v2\/media?parent=47550"}],"curies":[{"name":"wp","href":"https:\/\/api.w.org\/{rel}","templated":true}]}}