{"id":47567,"date":"2021-12-03T00:46:11","date_gmt":"2021-12-02T23:46:11","guid":{"rendered":"https:\/\/lkw-teile-truckmotive.de\/index.php\/produkt\/griffstueckverlaengerung-fuer-duo-matic-kupplungskopf-m22x15"},"modified":"2026-03-11T09:44:14","modified_gmt":"2026-03-11T08:44:14","slug":"griffstueckverlaengerung-fuer-duo-matic-kupplungskopf-m22x15","status":"publish","type":"product","link":"https:\/\/lkw-teile-truckmotive.de\/index.php\/produkt\/griffstueckverlaengerung-fuer-duo-matic-kupplungskopf-m22x15","title":{"rendered":"Griffst\u00fcckverl\u00e4ngerung f\u00fcr Duo-Matic &amp; Kupplungskopf M22x1,5"},"content":{"rendered":"<div style=\"font-size:15px\">\n<h4>Griffst\u00fcckverl\u00e4ngerung f\u00fcr Duo-Matic &amp; Kupplungskopf M22x1,5<\/h4>\n<div class=\"table_info\">\n<p>Griffst\u00fcck Kupplungskopf<\/p>\n<table>\n<tr>\n<td>Einbauort<\/td>\n<td>Duo-Matic &amp; Kupplungsk\u00f6pfe<\/td>\n<\/tr>\n<tr>\n<td>Gewindema\u00df<\/td>\n<td>M22x1.5mm<\/td>\n<\/tr>\n<tr>\n<td>L\u00e4nge<\/td>\n<td>100mm<\/td>\n<\/tr>\n<\/table>\n<\/p><\/div>\n<p>                <span style=\"font-size:1px;color:white\">Scheibenbremse, Scheibenbremsen, Agrar, Landwirtschaft, NFZ, LKW, Anh\u00e4nger, Auflieger, Bremse, Trommelbremsen, Trommelbremse, Druckluftbremsen, Druckluftbremse, Druckluftanlage, Luftschlauch, Luftwendel, Kuppelhilfe, Verl\u00e4ngerung, Alu, M22, Griffst\u00fcckverl\u00e4ngerung, Duomatic, Kupplungskopf<\/span><\/p>\n<h4>OE &amp; OEM Referenznummern:<\/h4>\n<p><a href=\"https:\/\/lkw-teile-truckmotive.de\/products\/4528040120\">4528040120<\/a>, <a href=\"https:\/\/lkw-teile-truckmotive.de\/products\/1325340\">1325340<\/a>, <a href=\"https:\/\/lkw-teile-truckmotive.de\/products\/372420\">372420<\/a>, <a href=\"https:\/\/lkw-teile-truckmotive.de\/products\/372420\">372420<\/a>, <a href=\"https:\/\/lkw-teile-truckmotive.de\/products\/9985016\">9985016<\/a>, <a href=\"https:\/\/lkw-teile-truckmotive.de\/products\/8151957\">8151957<\/a>, <a href=\"https:\/\/lkw-teile-truckmotive.de\/products\/0014290430\">0014290430<\/a>, <a href=\"https:\/\/lkw-teile-truckmotive.de\/products\/81512206121\">81512206121<\/a>, <a href=\"https:\/\/lkw-teile-truckmotive.de\/products\/5810114646\">5810114646<\/a>, <a href=\"https:\/\/lkw-teile-truckmotive.de\/products\/6213540\">6213540<\/a>, <a href=\"https:\/\/lkw-teile-truckmotive.de\/products\/051407\">051407<\/a>, <a href=\"https:\/\/lkw-teile-truckmotive.de\/products\/76622\">76622<\/a>, <a href=\"https:\/\/lkw-teile-truckmotive.de\/products\/945403\">945403<\/a>, <a href=\"https:\/\/lkw-teile-truckmotive.de\/products\/5009454030\">5009454030<\/a>, <a href=\"https:\/\/lkw-teile-truckmotive.de\/products\/2113024\">2113024<\/a>, <a href=\"https:\/\/lkw-teile-truckmotive.de\/products\/8283848000\">8283848000<\/a>, <a href=\"https:\/\/lkw-teile-truckmotive.de\/products\/89550000510\">89550000510<\/a>, <a href=\"https:\/\/lkw-teile-truckmotive.de\/products\/21151199016\">21151199016<\/a>, <a href=\"https:\/\/lkw-teile-truckmotive.de\/products\/1325340\">1325340<\/a>, <a href=\"https:\/\/lkw-teile-truckmotive.de\/products\/1853178\">1853178<\/a>, <a href=\"https:\/\/lkw-teile-truckmotive.de\/products\/19399\">19399<\/a>, <a href=\"https:\/\/lkw-teile-truckmotive.de\/products\/89550000510\">89550000510<\/a>, <a href=\"https:\/\/lkw-teile-truckmotive.de\/products\/63525540\">63525540<\/a>, <a href=\"https:\/\/lkw-teile-truckmotive.de\/products\/0004294530\">0004294530<\/a>, <a href=\"https:\/\/lkw-teile-truckmotive.de\/products\/76624\">76624<\/a>, <a href=\"https:\/\/lkw-teile-truckmotive.de\/products\/0004200258\">0004200258<\/a>, <a href=\"https:\/\/lkw-teile-truckmotive.de\/products\/82855630000\">82855630000<\/a>, <a href=\"https:\/\/lkw-teile-truckmotive.de\/products\/8285384000\">8285384000<\/a>, <a href=\"https:\/\/lkw-teile-truckmotive.de\/products\/8285563000\">8285563000<\/a>, <a href=\"https:\/\/lkw-teile-truckmotive.de\/products\/5010458510\">5010458510<\/a>, <a href=\"https:\/\/lkw-teile-truckmotive.de\/products\/500945412\">500945412<\/a>, <a href=\"https:\/\/lkw-teile-truckmotive.de\/products\/051428\">051428<\/a>, <a href=\"https:\/\/lkw-teile-truckmotive.de\/products\/1912326\">1912326<\/a>, <a href=\"https:\/\/lkw-teile-truckmotive.de\/products\/945412\">945412<\/a>, <a href=\"https:\/\/lkw-teile-truckmotive.de\/products\/1102219250\">1102219250<\/a>, <a href=\"https:\/\/lkw-teile-truckmotive.de\/products\/5009454121\">5009454121<\/a>, <a href=\"https:\/\/lkw-teile-truckmotive.de\/products\/462010\">462010<\/a>, <a href=\"https:\/\/lkw-teile-truckmotive.de\/products\/1853175\">1853175<\/a>, <a href=\"https:\/\/lkw-teile-truckmotive.de\/products\/373397\">373397<\/a>, <a href=\"https:\/\/lkw-teile-truckmotive.de\/products\/81512206120\">81512206120<\/a>, <a href=\"https:\/\/lkw-teile-truckmotive.de\/products\/41285154\">41285154<\/a>, <a href=\"https:\/\/lkw-teile-truckmotive.de\/products\/1325341\">1325341<\/a>, <a href=\"https:\/\/lkw-teile-truckmotive.de\/products\/4528020090\">4528020090<\/a><\/p>\n<p><span style=\"font-size:12px\"><b>Hinweis: <\/b><br \/>Alle aufgef\u00fchrten Marken, Referenzen sowie Vergleichsnummern dienen lediglich dem Vergleichszweck.<br \/>\nDie angebotenen Artikel sind, sofern nicht anders angegeben, Nachbauteile in Erstausr\u00fcsterqualit\u00e4t.<\/span><\/p>\n<details>\n<summary style=\"cursor: pointer;color: #06c;font-size: 15px\">Herstellerinformation<\/summary>\n<div class=\"manufacturer-info\" style=\"padding: 10px;border: 1px solid #888;margin-top: 10px;background-color: #f9f9f9\">\n<p><b>Truckmotive GmbH<\/b><br \/>Welschenkamp 18<br \/>DE-47138 Duisburg &#8211; DE<br \/>Tel.: <br \/>Mail: hallo@truckmotive.de<\/p>\n<\/p><\/div>\n<\/details><\/div>\n","protected":false},"excerpt":{"rendered":"<div style=\"font-size:15px\">\n<p style=\"font-size:17px;color:black\"><b>Lieferumfang:<\/b><\/p>\n<p style=\"padding-top:6px\">1x Grifst\u00fcckverl\u00e4ngerung<\/p>\n<p><\/br><\/p>\n<p style=\"font-size:17px;color:black\"><b>Passend f\u00fcr<\/b><\/p>\n<ul style=\"padding-top:6px\">\n\t\t\t\tUniversal einsetzbar\n\t\t\t\t<\/ul>\n<p><span style=\"font-size:12px\">Das Ersatzteil passt unter anderem f\u00fcr die oben genannten Modelle. Bitte pr\u00fcfen Sie die Ersatzteil-Nummer, um eine Fehlbestellung zu vermeiden. Nicht sicher, ob das Teil passt? Kontaktieren Sie uns!<\/span><\/p>\n<\/div>\n","protected":false},"featured_media":176593,"comment_status":"open","ping_status":"closed","template":"","meta":[],"_links":{"self":[{"href":"https:\/\/lkw-teile-truckmotive.de\/index.php\/wp-json\/wp\/v2\/product\/47567"}],"collection":[{"href":"https:\/\/lkw-teile-truckmotive.de\/index.php\/wp-json\/wp\/v2\/product"}],"about":[{"href":"https:\/\/lkw-teile-truckmotive.de\/index.php\/wp-json\/wp\/v2\/types\/product"}],"replies":[{"embeddable":true,"href":"https:\/\/lkw-teile-truckmotive.de\/index.php\/wp-json\/wp\/v2\/comments?post=47567"}],"wp:featuredmedia":[{"embeddable":true,"href":"https:\/\/lkw-teile-truckmotive.de\/index.php\/wp-json\/wp\/v2\/media\/176593"}],"wp:attachment":[{"href":"https:\/\/lkw-teile-truckmotive.de\/index.php\/wp-json\/wp\/v2\/media?parent=47567"}],"curies":[{"name":"wp","href":"https:\/\/api.w.org\/{rel}","templated":true}]}}