{"id":47577,"date":"2021-12-03T00:46:29","date_gmt":"2021-12-02T23:46:29","guid":{"rendered":"https:\/\/lkw-teile-truckmotive.de\/index.php\/produkt\/ventil-nehmerzylinder-kupplungszylinder-9700514380-renault-premium-kerax-06r-wabco"},"modified":"2025-05-11T18:35:41","modified_gmt":"2025-05-11T16:35:41","slug":"ventil-nehmerzylinder-kupplungszylinder-9700514380-renault-premium-kerax-06r-wabco","status":"publish","type":"product","link":"https:\/\/lkw-teile-truckmotive.de\/index.php\/produkt\/ventil-nehmerzylinder-kupplungszylinder-9700514380-renault-premium-kerax-06r-wabco","title":{"rendered":"Ventil Nehmerzylinder Kupplungszylinder WABCO 9700514380 Renault Premium.Kerax 06R- Wabco"},"content":{"rendered":"<div style=\"font-size:15px\">\n<h4>Ventil Nehmerzylinder Kupplungszylinder WABCO 9700514380 Renault Premium.Kerax 06R- Wabco<\/h4>\n<div class=\"table_info\">\n<p>Original Wabo Kupplungsverst\u00e4rker<\/p>\n<table>\n<tr>\n<td>Kraftgabe<\/td>\n<td>6000N<\/td>\n<\/tr>\n<tr>\n<td>Hub<\/td>\n<td>25.2mm<\/td>\n<\/tr>\n<tr>\n<td>Betriebsdruck max.<\/td>\n<td>10bar<\/td>\n<\/tr>\n<tr>\n<td>Gewinde Anschluss<\/td>\n<td>M22 x 1.5 JED &#8211; 388<\/td>\n<\/tr>\n<tr>\n<td>Gewinde Anschluss<\/td>\n<td>M14 x 1.5<\/td>\n<\/tr>\n<\/table>\n<\/p><\/div>\n<p>                <span style=\"font-size:1px;color:white\">LKW, NFZ, Nutzfahrzeug, Reparatur, Wartung, Ersatz, Teil, Austausch, Ersatzteil, \u00dcberholung, Kupplung, Zylinder, Nehmerzylinder, Kupplungszylinder, Servo, Master, Verst\u00e4rker, Kupplungsverst\u00e4rker, Bar, Druck, Wabco<\/span><\/p>\n<h4>OE &amp; OEM Referenznummern:<\/h4>\n<p><a href=\"https:\/\/lkw-teile-truckmotive.de\/products\/504103066\">504103066<\/a>, <a href=\"https:\/\/lkw-teile-truckmotive.de\/products\/5010245488\">5010245488<\/a>, <a href=\"https:\/\/lkw-teile-truckmotive.de\/products\/5010245868\">5010245868<\/a>, <a href=\"https:\/\/lkw-teile-truckmotive.de\/products\/1519286\">1519286<\/a>, <a href=\"https:\/\/lkw-teile-truckmotive.de\/products\/1519287\">1519287<\/a>, <a href=\"https:\/\/lkw-teile-truckmotive.de\/products\/5001864290\">5001864290<\/a>, <a href=\"https:\/\/lkw-teile-truckmotive.de\/products\/5010452511\">5010452511<\/a>, <a href=\"https:\/\/lkw-teile-truckmotive.de\/products\/9700514380\">9700514380<\/a><\/p>\n<p><span style=\"font-size:12px\"><b>Hinweis: <\/b><br \/>Alle aufgef\u00fchrten Marken, Referenzen sowie Vergleichsnummern dienen lediglich dem Vergleichszweck.<br \/>\nDie angebotenen Artikel sind, sofern nicht anders angegeben, Nachbauteile in Erstausr\u00fcsterqualit\u00e4t.<\/span><\/p>\n<details>\n<summary style=\"cursor: pointer;color: #06c;font-size: 15px\">Herstellerinformation<\/summary>\n<div class=\"manufacturer-info\" style=\"padding: 10px;border: 1px solid #888;margin-top: 10px;background-color: #f9f9f9\">\n<p><b>ZF CV Systems Hannover GmbH Wabco<\/b><br \/>Am Lindener Hafen 21<br \/>DE-30453 Hannover &#8211; DE<br \/>Tel.: <br \/>Mail: direct.cvcs@tf.com<\/p>\n<\/p><\/div>\n<\/details><\/div>\n","protected":false},"excerpt":{"rendered":"<div style=\"font-size:15px\">\n<p style=\"font-size:17px;color:black\"><b>Lieferumfang:<\/b><\/p>\n<p style=\"padding-top:6px\">1x Kupplungsverst\u00e4rker<\/p>\n<p><\/br><\/p>\n<p style=\"font-size:17px;color:black\"><b>Passend f\u00fcr<\/b><\/p>\n<ul style=\"padding-top:6px\">\n<li>Renault C, D, Kerax, Magnum, Midlum, Premium 1, 2<\/li>\n<li>Volvo FE, FL 1, 2, 3<\/li>\n<\/ul>\n<p><span style=\"font-size:12px\">Das Ersatzteil passt unter anderem f\u00fcr die oben genannten Modelle. Bitte pr\u00fcfen Sie die Ersatzteil-Nummer, um eine Fehlbestellung zu vermeiden. Nicht sicher, ob das Teil passt? Kontaktieren Sie uns!<\/span><\/p>\n<\/div>\n","protected":false},"featured_media":152309,"comment_status":"open","ping_status":"closed","template":"","meta":[],"_links":{"self":[{"href":"https:\/\/lkw-teile-truckmotive.de\/index.php\/wp-json\/wp\/v2\/product\/47577"}],"collection":[{"href":"https:\/\/lkw-teile-truckmotive.de\/index.php\/wp-json\/wp\/v2\/product"}],"about":[{"href":"https:\/\/lkw-teile-truckmotive.de\/index.php\/wp-json\/wp\/v2\/types\/product"}],"replies":[{"embeddable":true,"href":"https:\/\/lkw-teile-truckmotive.de\/index.php\/wp-json\/wp\/v2\/comments?post=47577"}],"wp:featuredmedia":[{"embeddable":true,"href":"https:\/\/lkw-teile-truckmotive.de\/index.php\/wp-json\/wp\/v2\/media\/152309"}],"wp:attachment":[{"href":"https:\/\/lkw-teile-truckmotive.de\/index.php\/wp-json\/wp\/v2\/media?parent=47577"}],"curies":[{"name":"wp","href":"https:\/\/api.w.org\/{rel}","templated":true}]}}