{"id":47858,"date":"2021-12-03T00:56:18","date_gmt":"2021-12-02T23:56:18","guid":{"rendered":"https:\/\/lkw-teile-truckmotive.de\/index.php\/produkt\/tuergriff-mercedes-ategoaxorspr-06r-aussen-links-rechts-mit-schliesszylinder"},"modified":"2025-09-12T09:01:40","modified_gmt":"2025-09-12T07:01:40","slug":"tuergriff-mercedes-ategoaxorspr-06r-aussen-links-rechts-mit-schliesszylinder","status":"publish","type":"product","link":"https:\/\/lkw-teile-truckmotive.de\/index.php\/produkt\/tuergriff-mercedes-ategoaxorspr-06r-aussen-links-rechts-mit-schliesszylinder","title":{"rendered":"T\u00fcrgriff Mercedes Atego,Axor,SPR.-06R- au\u00dfen links, rechts mit Schlie\u00dfzylinder"},"content":{"rendered":"<div style=\"font-size:15px\">\n<h4>T\u00fcrgriff Mercedes Atego,Axor,SPR.-06R- au\u00dfen links, rechts mit Schlie\u00dfzylinder<\/h4>\n<div class=\"table_info\">\n<p>T\u00fcrgriff<br \/>\nQualitativ hochwertiger Nachbauartikel<\/p>\n<table>\n<tr>\n<td>Einbauort<\/td>\n<td>vorne, hinten, beidseitig<\/td>\n<\/tr>\n<tr>\n<td>Material<\/td>\n<td>Kunststoff<\/td>\n<\/tr>\n<tr>\n<td>Ausf\u00fchrung<\/td>\n<td>Mit Schlie\u00dfzylinder und zwei Schl\u00fcsseln<\/td>\n<\/tr>\n<\/table>\n<\/p><\/div>\n<p>                <span style=\"font-size:1px;color:white\">LKW, NFZ, Ersatz, Teil, Ersatzteil, Austausch, Reparatur, Wartung, \u00dcberholung, Klinke, Griff, T\u00fcrgriff, T\u00fcrklinke, Haltegriff, Mercedes<\/span><\/p>\n<h4>OE &amp; OEM Referenznummern:<\/h4>\n<p><a href=\"https:\/\/lkw-teile-truckmotive.de\/products\/0007601359\">0007601359<\/a><\/p>\n<p><span style=\"font-size:12px\"><b>Hinweis: <\/b><br \/>Alle aufgef\u00fchrten Marken, Referenzen sowie Vergleichsnummern dienen lediglich dem Vergleichszweck.<br \/>\nDie angebotenen Artikel sind, sofern nicht anders angegeben, Nachbauteile in Erstausr\u00fcsterqualit\u00e4t.<\/span><\/p>\n<details>\n<summary style=\"cursor: pointer;color: #06c;font-size: 15px\">Herstellerinformation<\/summary>\n<div class=\"manufacturer-info\" style=\"padding: 10px;border: 1px solid #888;margin-top: 10px;background-color: #f9f9f9\">\n<p><b>Truckmotive GmbH<\/b><br \/>Welschenkamp 18<br \/>DE-47138 Duisburg &#8211; DE<br \/>Tel.: <br \/>Mail: hallo@truckmotive.de<\/p>\n<\/p><\/div>\n<\/details><\/div>\n","protected":false},"excerpt":{"rendered":"<div style=\"font-size:15px\">\n<p style=\"font-size:17px;color:black\"><b>Lieferumfang:<\/b><\/p>\n<p style=\"padding-top:6px\">1x T\u00fcrgriff<\/p>\n<p><\/br><\/p>\n<p style=\"font-size:17px;color:black\"><b>Passend f\u00fcr<\/b><\/p>\n<ul style=\"padding-top:6px\">\n<li>Mercedes-Benz Atego, Atego 2, Atego 3, Axor, Axor 2, Unimog, Sprinter<\/li>\n<\/ul>\n<p><span style=\"font-size:12px\">Das Ersatzteil passt unter anderem f\u00fcr die oben genannten Modelle. Bitte pr\u00fcfen Sie die Ersatzteil-Nummer, um eine Fehlbestellung zu vermeiden. Nicht sicher, ob das Teil passt? Kontaktieren Sie uns!<\/span><\/p>\n<\/div>\n","protected":false},"featured_media":161239,"comment_status":"open","ping_status":"closed","template":"","meta":[],"_links":{"self":[{"href":"https:\/\/lkw-teile-truckmotive.de\/index.php\/wp-json\/wp\/v2\/product\/47858"}],"collection":[{"href":"https:\/\/lkw-teile-truckmotive.de\/index.php\/wp-json\/wp\/v2\/product"}],"about":[{"href":"https:\/\/lkw-teile-truckmotive.de\/index.php\/wp-json\/wp\/v2\/types\/product"}],"replies":[{"embeddable":true,"href":"https:\/\/lkw-teile-truckmotive.de\/index.php\/wp-json\/wp\/v2\/comments?post=47858"}],"wp:featuredmedia":[{"embeddable":true,"href":"https:\/\/lkw-teile-truckmotive.de\/index.php\/wp-json\/wp\/v2\/media\/161239"}],"wp:attachment":[{"href":"https:\/\/lkw-teile-truckmotive.de\/index.php\/wp-json\/wp\/v2\/media?parent=47858"}],"curies":[{"name":"wp","href":"https:\/\/api.w.org\/{rel}","templated":true}]}}