{"id":47957,"date":"2021-12-03T00:59:46","date_gmt":"2021-12-02T23:59:46","guid":{"rendered":"https:\/\/lkw-teile-truckmotive.de\/index.php\/produkt\/abdeckung-panoramaspiegel-links-passend-fuer-man-tga-tgm-tgl-tgs"},"modified":"2026-04-20T11:41:28","modified_gmt":"2026-04-20T09:41:28","slug":"abdeckung-panoramaspiegel-links-passend-fuer-man-tga-tgm-tgl-tgs","status":"publish","type":"product","link":"https:\/\/lkw-teile-truckmotive.de\/index.php\/produkt\/abdeckung-panoramaspiegel-links-passend-fuer-man-tga-tgm-tgl-tgs","title":{"rendered":"Abdeckung Panoramaspiegel links passend f\u00fcr MAN TGA, TGM, TGL, TGS"},"content":{"rendered":"<div style=\"font-size:15px\">\n<h4>Abdeckung Panoramaspiegel links passend f\u00fcr MAN TGA, TGM, TGL, TGS<\/h4>\n<div class=\"table_info\">\n<p>Spiegelabdeckung &#8211; qualitativ hochwertiger Nachbauartikel<\/p>\n<table>\n<tr>\n<td>Einbauort <\/td>\n<td>links<\/td>\n<\/tr>\n<tr>\n<td>Ma\u00dfe<\/td>\n<td>205x180x55mm<\/td>\n<\/tr>\n<tr>\n<td>Material<\/td>\n<td>Kunststoff<\/td>\n<\/tr>\n<\/table>\n<\/p><\/div>\n<p>                <span style=\"font-size:1px;color:white\">LKW, NFZ, Nutzfahrzeug, Reparatur, Wartung, Ersatz, Teil, Austausch, Ersatzteil, Abdeckung, Spiegelabdeckung, Geh\u00e4use, Schutz, Spiegelgeh\u00e4use, Blende, Panoramaspiegel, Weitwinkelspiegel, Au\u00dfenspiegel, links, MAN<\/span><\/p>\n<h4>OE &amp; OEM Referenznummern:<\/h4>\n<p><a href=\"https:\/\/lkw-teile-truckmotive.de\/products\/81637320061\">81637320061<\/a>, <a href=\"https:\/\/lkw-teile-truckmotive.de\/products\/81637320065\">81637320065<\/a>, <a href=\"https:\/\/lkw-teile-truckmotive.de\/products\/81637320057\">81637320057<\/a><\/p>\n<p><span style=\"font-size:12px\"><b>Hinweis: <\/b><br \/>Alle aufgef\u00fchrten Marken, Referenzen sowie Vergleichsnummern dienen lediglich dem Vergleichszweck.<br \/>\nDie angebotenen Artikel sind, sofern nicht anders angegeben, Nachbauteile in Erstausr\u00fcsterqualit\u00e4t.<\/span><\/p>\n<details>\n<summary style=\"cursor: pointer;color: #06c;font-size: 15px\">Herstellerinformation<\/summary>\n<div class=\"manufacturer-info\" style=\"padding: 10px;border: 1px solid #888;margin-top: 10px;background-color: #f9f9f9\">\n<p><b>Truckmotive GmbH<\/b><br \/>Welschenkamp 18<br \/>DE-47138 Duisburg &#8211; DE<br \/>Tel.: <br \/>Mail: hallo@truckmotive.de<\/p>\n<\/p><\/div>\n<\/details><\/div>\n","protected":false},"excerpt":{"rendered":"<div style=\"font-size:15px\">\n<p style=\"font-size:17px;color:black\"><b>Lieferumfang:<\/b><\/p>\n<p style=\"padding-top:6px\">1x Abdeckung Panoramaspiegel<\/p>\n<p><\/br><\/p>\n<p style=\"font-size:17px;color:black\"><b>Passend f\u00fcr<\/b><\/p>\n<ul style=\"padding-top:6px\">\n<li>MAN TGA, TGM, TGL, TGS<\/li>\n<\/ul>\n<p><span style=\"font-size:12px\">Das Ersatzteil passt unter anderem f\u00fcr die oben genannten Modelle. Bitte pr\u00fcfen Sie die Ersatzteil-Nummer, um eine Fehlbestellung zu vermeiden. Nicht sicher, ob das Teil passt? Kontaktieren Sie uns!<\/span><\/p>\n<\/div>\n","protected":false},"featured_media":179115,"comment_status":"open","ping_status":"closed","template":"","meta":[],"_links":{"self":[{"href":"https:\/\/lkw-teile-truckmotive.de\/index.php\/wp-json\/wp\/v2\/product\/47957"}],"collection":[{"href":"https:\/\/lkw-teile-truckmotive.de\/index.php\/wp-json\/wp\/v2\/product"}],"about":[{"href":"https:\/\/lkw-teile-truckmotive.de\/index.php\/wp-json\/wp\/v2\/types\/product"}],"replies":[{"embeddable":true,"href":"https:\/\/lkw-teile-truckmotive.de\/index.php\/wp-json\/wp\/v2\/comments?post=47957"}],"wp:featuredmedia":[{"embeddable":true,"href":"https:\/\/lkw-teile-truckmotive.de\/index.php\/wp-json\/wp\/v2\/media\/179115"}],"wp:attachment":[{"href":"https:\/\/lkw-teile-truckmotive.de\/index.php\/wp-json\/wp\/v2\/media?parent=47957"}],"curies":[{"name":"wp","href":"https:\/\/api.w.org\/{rel}","templated":true}]}}