{"id":47998,"date":"2021-12-03T01:01:44","date_gmt":"2021-12-03T00:01:44","guid":{"rendered":"https:\/\/lkw-teile-truckmotive.de\/index.php\/produkt\/gluehkerze-passend-fuer-standheizung-eberspaecher-12v-20a-m24x1-5"},"modified":"2025-06-11T11:24:10","modified_gmt":"2025-06-11T09:24:10","slug":"gluehkerze-passend-fuer-standheizung-eberspaecher-12v-20a-m24x1-5","status":"publish","type":"product","link":"https:\/\/lkw-teile-truckmotive.de\/index.php\/produkt\/gluehkerze-passend-fuer-standheizung-eberspaecher-12v-20a-m24x1-5","title":{"rendered":"Gl\u00fchkerze passend f\u00fcr Standheizung Ebersp\u00e4cher 12V 20A M24X1.5"},"content":{"rendered":"<div style=\"font-size:15px\">\n<h4>Gl\u00fchkerze passend f\u00fcr Standheizung Ebersp\u00e4cher 12V 20A M24X1.5<\/h4>\n<div class=\"table_info\">\n<p>Original BERU Gl\u00fchkerze f\u00fcr Standheizung <\/p>\n<table>\n<tr>\n<td>Spannung<\/td>\n<td>12V<\/td>\n<\/tr>\n<tr>\n<td>Stromst\u00e4rke<\/td>\n<td>20A<\/td>\n<\/tr>\n<tr>\n<td>Gewindema\u00df<\/td>\n<td>M24 x 1.5mm<\/td>\n<\/tr>\n<tr>\n<td>Konussteigung<\/td>\n<td>plan<\/td>\n<\/tr>\n<tr>\n<td>L\u00e4nge<\/td>\n<td>64.5mm<\/td>\n<\/tr>\n<tr>\n<td>Schl\u00fcsselweite<\/td>\n<td>19mm<\/td>\n<\/tr>\n<tr>\n<td>Anzugsdrehmoment<\/td>\n<td>20Nm<\/td>\n<\/tr>\n<\/table>\n<\/p><\/div>\n<p>                <span style=\"font-size:1px;color:white\">Gl\u00fchkerze, Standheizung, Heizung, Einbau, Ersatzteil, Reparatur, Heizung, Kerze, <\/span><\/p>\n<h4>OE &amp; OEM Referenznummern:<\/h4>\n<p><a href=\"https:\/\/lkw-teile-truckmotive.de\/products\/GHA408\">GHA408<\/a>, <a href=\"https:\/\/lkw-teile-truckmotive.de\/products\/701963319\">701963319<\/a>, <a href=\"https:\/\/lkw-teile-truckmotive.de\/products\/251830010100\">251830010100<\/a><\/p>\n<p><span style=\"font-size:12px\"><b>Hinweis: <\/b><br \/>Alle aufgef\u00fchrten Marken, Referenzen sowie Vergleichsnummern dienen lediglich dem Vergleichszweck.<br \/>\nDie angebotenen Artikel sind, sofern nicht anders angegeben, Nachbauteile in Erstausr\u00fcsterqualit\u00e4t.<\/span><\/p>\n<details>\n<summary style=\"cursor: pointer;color: #06c;font-size: 15px\">Herstellerinformation<\/summary>\n<div class=\"manufacturer-info\" style=\"padding: 10px;border: 1px solid #888;margin-top: 10px;background-color: #f9f9f9\">\n<p><b>GLYCO (DRiV)<\/b><br \/>Prins Boudewijnlaan 5<br \/>BE-2550 Kontich &#8211; BE<br \/>Tel.: +32 3 451 97 11<br \/>Mail: info@driv.com<\/p>\n<\/p><\/div>\n<\/details><\/div>\n","protected":false},"excerpt":{"rendered":"<div style=\"font-size:15px\">\n<p style=\"font-size:17px;color:black\"><b>Lieferumfang:<\/b><\/p>\n<p style=\"padding-top:6px\">1x Gl\u00fchkerze<\/p>\n<p><\/br><\/p>\n<p style=\"font-size:17px;color:black\"><b>Passend f\u00fcr<\/b><\/p>\n<ul style=\"padding-top:6px\">\n<li>f\u00fcr Ebersp\u00e4cher Standheizung<\/li>\n<\/ul>\n<p><span style=\"font-size:12px\">Das Ersatzteil passt unter anderem f\u00fcr die oben genannten Modelle. Bitte pr\u00fcfen Sie die Ersatzteil-Nummer, um eine Fehlbestellung zu vermeiden. Nicht sicher, ob das Teil passt? Kontaktieren Sie uns!<\/span><\/p>\n<\/div>\n","protected":false},"featured_media":154973,"comment_status":"open","ping_status":"closed","template":"","meta":[],"_links":{"self":[{"href":"https:\/\/lkw-teile-truckmotive.de\/index.php\/wp-json\/wp\/v2\/product\/47998"}],"collection":[{"href":"https:\/\/lkw-teile-truckmotive.de\/index.php\/wp-json\/wp\/v2\/product"}],"about":[{"href":"https:\/\/lkw-teile-truckmotive.de\/index.php\/wp-json\/wp\/v2\/types\/product"}],"replies":[{"embeddable":true,"href":"https:\/\/lkw-teile-truckmotive.de\/index.php\/wp-json\/wp\/v2\/comments?post=47998"}],"wp:featuredmedia":[{"embeddable":true,"href":"https:\/\/lkw-teile-truckmotive.de\/index.php\/wp-json\/wp\/v2\/media\/154973"}],"wp:attachment":[{"href":"https:\/\/lkw-teile-truckmotive.de\/index.php\/wp-json\/wp\/v2\/media?parent=47998"}],"curies":[{"name":"wp","href":"https:\/\/api.w.org\/{rel}","templated":true}]}}