{"id":48017,"date":"2021-12-03T01:02:25","date_gmt":"2021-12-03T00:02:25","guid":{"rendered":"https:\/\/lkw-teile-truckmotive.de\/index.php\/produkt\/gluehkerzensieb-mit-kunststoffschluessel-fuer-eberspaecher-standheizungen-d2-d4-12-24v"},"modified":"2026-04-11T10:01:52","modified_gmt":"2026-04-11T08:01:52","slug":"gluehkerzensieb-mit-kunststoffschluessel-fuer-eberspaecher-standheizungen-d2-d4-12-24v","status":"publish","type":"product","link":"https:\/\/lkw-teile-truckmotive.de\/index.php\/produkt\/gluehkerzensieb-mit-kunststoffschluessel-fuer-eberspaecher-standheizungen-d2-d4-12-24v","title":{"rendered":"Gl\u00fchkerzensieb mit Kunststoffschl\u00fcssel f\u00fcr Ebersp\u00e4cher Standheizungen D2\/D4 12\/24V"},"content":{"rendered":"<div style=\"font-size:15px\">\n<h4>Gl\u00fchkerzensieb mit Kunststoffschl\u00fcssel f\u00fcr Ebersp\u00e4cher Standheizungen D2\/D4 12\/24V<\/h4>\n<div class=\"table_info\">\n<p>Gl\u00fchkerzensieb f\u00fcr Ebersp\u00e4cher Standheizung<\/p>\n<table>\n<tr>\n<td>Spannung<\/td>\n<td>12\/24V<\/td>\n<\/tr>\n<tr>\n<td>Ma\u00dfe<\/td>\n<td>8x10mm<\/td>\n<\/tr>\n<tr>\n<td>Zubeh\u00f6r<\/td>\n<td>Kunststoffschl\u00fcssel zu jedem Kerzensieb<\/td>\n<\/tr>\n<\/table>\n<\/p><\/div>\n<p>                <span style=\"font-size:1px;color:white\">Gl\u00fchkerze, Standheizung, Heizung, Einbau, Ersatzteil, Reparatur, Heizung, Kerze, , Sieb<\/span><\/p>\n<h4>OE &amp; OEM Referenznummern:<\/h4>\n<p><a href=\"https:\/\/lkw-teile-truckmotive.de\/products\/252069100102\">252069100102<\/a>, <a href=\"https:\/\/lkw-teile-truckmotive.de\/products\/81268036002\">81268036002<\/a>, <a href=\"https:\/\/lkw-teile-truckmotive.de\/products\/25+2069+10+01+02\">25 2069 10 01 02<\/a><\/p>\n<p><span style=\"font-size:12px\"><b>Hinweis: <\/b><br \/>Alle aufgef\u00fchrten Marken, Referenzen sowie Vergleichsnummern dienen lediglich dem Vergleichszweck.<br \/>\nDie angebotenen Artikel sind, sofern nicht anders angegeben, Nachbauteile in Erstausr\u00fcsterqualit\u00e4t.<\/span><\/p>\n<details>\n<summary style=\"cursor: pointer;color: #06c;font-size: 15px\">Herstellerinformation<\/summary>\n<div class=\"manufacturer-info\" style=\"padding: 10px;border: 1px solid #888;margin-top: 10px;background-color: #f9f9f9\">\n<p><b>Truckmotive GmbH<\/b><br \/>Welschenkamp 18<br \/>DE-47138 Duisburg &#8211; DE<br \/>Tel.: <br \/>Mail: hallo@truckmotive.de<\/p>\n<\/p><\/div>\n<\/details><\/div>\n","protected":false},"excerpt":{"rendered":"<div style=\"font-size:15px\">\n<p style=\"font-size:17px;color:black\"><b>Lieferumfang:<\/b><\/p>\n<p style=\"padding-top:6px\">1x Kerzensieb mit Plastikschl\u00fcssel<\/p>\n<p><\/br><\/p>\n<p style=\"font-size:17px;color:black\"><b>Passend f\u00fcr<\/b><\/p>\n<ul style=\"padding-top:6px\">\n<li>Ebersp\u00e4cher Standheizung D2, D4 12V &amp; 24V<\/li>\n<\/ul>\n<p><span style=\"font-size:12px\">Das Ersatzteil passt unter anderem f\u00fcr die oben genannten Modelle. Bitte pr\u00fcfen Sie die Ersatzteil-Nummer, um eine Fehlbestellung zu vermeiden. Nicht sicher, ob das Teil passt? Kontaktieren Sie uns!<\/span><\/p>\n<\/div>\n","protected":false},"featured_media":178620,"comment_status":"open","ping_status":"closed","template":"","meta":[],"_links":{"self":[{"href":"https:\/\/lkw-teile-truckmotive.de\/index.php\/wp-json\/wp\/v2\/product\/48017"}],"collection":[{"href":"https:\/\/lkw-teile-truckmotive.de\/index.php\/wp-json\/wp\/v2\/product"}],"about":[{"href":"https:\/\/lkw-teile-truckmotive.de\/index.php\/wp-json\/wp\/v2\/types\/product"}],"replies":[{"embeddable":true,"href":"https:\/\/lkw-teile-truckmotive.de\/index.php\/wp-json\/wp\/v2\/comments?post=48017"}],"wp:featuredmedia":[{"embeddable":true,"href":"https:\/\/lkw-teile-truckmotive.de\/index.php\/wp-json\/wp\/v2\/media\/178620"}],"wp:attachment":[{"href":"https:\/\/lkw-teile-truckmotive.de\/index.php\/wp-json\/wp\/v2\/media?parent=48017"}],"curies":[{"name":"wp","href":"https:\/\/api.w.org\/{rel}","templated":true}]}}