{"id":48170,"date":"2021-12-03T01:08:12","date_gmt":"2021-12-03T00:08:12","guid":{"rendered":"https:\/\/lkw-teile-truckmotive.de\/index.php\/produkt\/4-17e-1l-reinigungsmittel-en-jee-1l-reinigung-von-reifen-radkappen-und-felgen-jeder-art-konzentrat"},"modified":"2025-05-11T18:59:59","modified_gmt":"2025-05-11T16:59:59","slug":"4-17e-1l-reinigungsmittel-en-jee-1l-reinigung-von-reifen-radkappen-und-felgen-jeder-art-konzentrat","status":"publish","type":"product","link":"https:\/\/lkw-teile-truckmotive.de\/index.php\/produkt\/4-17e-1l-reinigungsmittel-en-jee-1l-reinigung-von-reifen-radkappen-und-felgen-jeder-art-konzentrat","title":{"rendered":"(4.17\u20ac\/1l) Reinigungsmittel En-Jee 1L, Reinigung von Reifen, Radkappen und Felgen jeder Art &#8211; Konzentrat"},"content":{"rendered":"<div style=\"font-size:15px\">\n<h4>Reinigungsmittel En-Jee 1L, Reinigung von Reifen, Radkappen und Felgen jeder Art &#8211; Konzentrat<\/h4>\n<div class=\"table_info\">\n<p>Konzentriertes alkalisches Pr\u00e4parat zum Entfernen von verschiedenen Verschmutzungen st\u00e4dtischer und industrieller Herkunft.<br \/>\nEnth\u00e4lt keine aggressiven Stoffe. Schonend f\u00fcr Farben, Lacke, Furniere und Paneele.<br \/>\nBesonders geeignet f\u00fcr die t\u00e4gliche W\u00e4sche.<\/p>\n<table>\n<tr>Anwendung:<\/tr>\n<tr>\n<td>&#8211; Felgen jeder Art, Radkappen, Bereifung<\/td>\n<\/tr>\n<tr>\n<td>&#8211; SB- und automatische Waschanlagen mit Felgenreinigung<\/td>\n<\/tr>\n<\/table>\n<p>Anwendungsweise:<br \/>\nDas Produkt in einem Verh\u00e4ltnis von 1:5 bis 1:10 in Wasser l\u00f6sen.<br \/>\nDas Pr\u00e4parat mit einem manuellen oder pneumatischen Spr\u00fchger\u00e4t auftragen, anschlie\u00dfend mit einem Hochdruckreiniger absp\u00fclen.<\/p>\n<p><span style=\"color: green\"><em>PH-Wert:14<\/em><\/span><\/p>\n<p><span style=\"text-decoration: underline\"><strong>Gefahr!<\/strong><\/span><\/p>\n<p><img loading=\"lazy\" src=\"https:\/\/lkw-teile-truckmotive.de\/erp-files\/files\/other\/acid1cols3.jpg\" width=\"96px\" height=\"96px\" \/><\/p>\n<p><strong>Gefahrenhinweise:<\/strong><\/p>\n<ul>\n<li>H290 Kann gegen\u00fcber Metallen korrosiv sein.<\/li>\n<li>H302 Gesundheitssch\u00e4dlich bei Verschlucken.<\/li>\n<li>H314 Verursacht schwere Ver\u00e4tzungen der Haut und schwere Augensch\u00e4den.<\/li>\n<li>H315 Verursacht Hautreizungen.<\/li>\n<li>H318 Verursacht schwere Augensch\u00e4den.<\/li>\n<li>H319 Verursacht schwere Augenreizung.<\/li>\n<li>H412 Sch\u00e4dlich f\u00fcr Wasserorganismen, mit langfristiger Wirkung.<\/li>\n<\/ul>\n<p><strong>Sicherheitshinweise:<\/strong><\/p>\n<ul>\n<li>P280 Schutzhandschuhe\/Schutzkleidung\/Augenschutz\/Gesichtsschutz tragen.<\/li>\n<li>P301+P330+P331 BEI VERSCHLUCKEN: Mund aussp\u00fclen. KEIN Erbrechen herbeif\u00fchren.<\/li>\n<li>P303+P361+P353 BEI BER\u00dcHRUNG MIT DER HAUT (oder dem Haar): Alle kontaminierten<br \/>\nKleidungsst\u00fccke sofort ausziehen. Haut mit Wasser abwaschen [oder duschen].<\/li>\n<li>P305+P351+P338 BEI KONTAKT MIT DEN AUGEN: Einige Minuten lang behutsam mit Wasser<br \/>\nsp\u00fclen. Eventuell vorhandene Kontaktlinsen nach M\u00f6glichkeit entfernen. Weiter<br \/>\nsp\u00fclen.<\/li>\n<li>P310 Sofort GIFTINFORMATIONSZENTRUM\/Arzt\/\u2026 anrufen.<\/li>\n<li>P405 Unter Verschluss aufbewahren.<\/li>\n<\/ul>\n<\/p><\/div>\n<p>                <span style=\"font-size:1px;color:white\">Reiniger, Reinigung, L\u00f6sung, Konzentrat, Putzmittel, reinigen, putzen, s\u00e4ubern, wischen, auffrischen, entfernen, erhalten, gl\u00e4nzend, streifenfrei, Felgen, Radkappen, Reifen, Waschanlage, Handw\u00e4sche, alkalisch, Aluminium, Stahl, Kunststoff, Gummi, R\u00e4der, Motorrad, LKW, Fahrrad, Quad, Gel\u00e4ndewagen<\/span><\/p>\n<h4>OE &amp; OEM Referenznummern:<\/h4>\n<p><a href=\"https:\/\/lkw-teile-truckmotive.de\/products\/WAA027A001AD000\">WAA027A001AD000<\/a><\/p>\n<p><span style=\"font-size:12px\"><b>Hinweis: <\/b><br \/>Alle aufgef\u00fchrten Marken, Referenzen sowie Vergleichsnummern dienen lediglich dem Vergleichszweck.<br \/>\nDie angebotenen Artikel sind, sofern nicht anders angegeben, Nachbauteile in Erstausr\u00fcsterqualit\u00e4t.<\/span><\/p>\n<details>\n<summary style=\"cursor: pointer;color: #06c;font-size: 15px\">Herstellerinformation<\/summary>\n<div class=\"manufacturer-info\" style=\"padding: 10px;border: 1px solid #888;margin-top: 10px;background-color: #f9f9f9\">\n<p>N.A.<\/p>\n<\/p><\/div>\n<\/details><\/div>\n","protected":false},"excerpt":{"rendered":"<div style=\"font-size:15px\">\n<p style=\"font-size:17px;color:black\"><b>Lieferumfang:<\/b><\/p>\n<p style=\"padding-top:6px\">1x En-Jee 1L<\/p>\n<p><\/br><\/p>\n<p style=\"font-size:17px;color:black\"><b>Passend f\u00fcr<\/b><\/p>\n<ul style=\"padding-top:6px\">\n<li>Felgen jeder Art, Radkappen, Bereifung<\/li>\n<li>SB- und automatische Waschanlagen mit Felgenreinigung<\/li>\n<\/ul>\n<p><span style=\"font-size:12px\">Das Ersatzteil passt unter anderem f\u00fcr die oben genannten Modelle. Bitte pr\u00fcfen Sie die Ersatzteil-Nummer, um eine Fehlbestellung zu vermeiden. Nicht sicher, ob das Teil passt? Kontaktieren Sie uns!<\/span><\/p>\n<\/div>\n","protected":false},"featured_media":152783,"comment_status":"open","ping_status":"closed","template":"","meta":[],"_links":{"self":[{"href":"https:\/\/lkw-teile-truckmotive.de\/index.php\/wp-json\/wp\/v2\/product\/48170"}],"collection":[{"href":"https:\/\/lkw-teile-truckmotive.de\/index.php\/wp-json\/wp\/v2\/product"}],"about":[{"href":"https:\/\/lkw-teile-truckmotive.de\/index.php\/wp-json\/wp\/v2\/types\/product"}],"replies":[{"embeddable":true,"href":"https:\/\/lkw-teile-truckmotive.de\/index.php\/wp-json\/wp\/v2\/comments?post=48170"}],"wp:featuredmedia":[{"embeddable":true,"href":"https:\/\/lkw-teile-truckmotive.de\/index.php\/wp-json\/wp\/v2\/media\/152783"}],"wp:attachment":[{"href":"https:\/\/lkw-teile-truckmotive.de\/index.php\/wp-json\/wp\/v2\/media?parent=48170"}],"curies":[{"name":"wp","href":"https:\/\/api.w.org\/{rel}","templated":true}]}}