{"id":48182,"date":"2021-12-03T01:08:24","date_gmt":"2021-12-03T00:08:24","guid":{"rendered":"https:\/\/lkw-teile-truckmotive.de\/index.php\/produkt\/3-33e-1l-reinigungsmittel-truck-clean-extra-5l-zur-reinigung-von-lkws-und-planen-aktivschaum-stark"},"modified":"2025-05-11T19:00:17","modified_gmt":"2025-05-11T17:00:17","slug":"3-33e-1l-reinigungsmittel-truck-clean-extra-5l-zur-reinigung-von-lkws-und-planen-aktivschaum-stark","status":"publish","type":"product","link":"https:\/\/lkw-teile-truckmotive.de\/index.php\/produkt\/3-33e-1l-reinigungsmittel-truck-clean-extra-5l-zur-reinigung-von-lkws-und-planen-aktivschaum-stark","title":{"rendered":"(4.52\u20ac\/1l) Reinigungsmittel Truck Clean EXTRA 5L, zur Reinigung von LKW\u00b4s und Planen &#8211; Aktivschaum &#8211; Stark"},"content":{"rendered":"<div style=\"font-size:15px\">\n<h4>Reinigungsmittel Truck Clean EXTRA 5L, zur Reinigung von LKW\u00b4s und Planen &#8211; Aktivschaum &#8211; Stark<\/h4>\n<div class=\"table_info\">\n<p>Verst\u00e4rkte Formel erm\u00f6glicht Reinigung von \u00e4u\u00dferst stark verschmutzten, auf alkalibest\u00e4ndigen Fl\u00e4chen.<br \/>\nDas Produkt sch\u00e4umt, wirkt schnell und effektiv. Kann in Auto- und Schwerindustrie sowie Landwirtschaft angewendet werden.<br \/>\nHochwirksam und besonders effizient, entfernt Schmierstoffe, \u00d6le und Fette.<br \/>\nNicht auf Fl\u00e4chen anwenden, die Kontakt zu Lebensmitteln haben.<\/p>\n<table>\n<tr>Anwendung:<\/tr>\n<tr>\n<td>LKWs (Kasten, Planen), Spezielle Nutzfahrzeuge, Motoren, Bau- und landwirtschaftliche Maschinen, Tankwagen, Waggons<\/td>\n<\/tr>\n<\/table>\n<p><\/p>\n<table>\n<tr>Dosierung:<\/tr>\n<tr>\n<td>Spr\u00fchger\u00e4t<\/td>\n<td>Winter &#8211; 1:50, Sommer &#8211; 1:100<\/td>\n<\/tr>\n<tr>\n<td>Motorw\u00e4sche<\/td>\n<td>1:15 bis 1:30<\/td>\n<\/tr>\n<tr>\n<td>Schaumlanze <\/td>\n<td>Winter &#8211; 1:4, Sommer &#8211; 1:5<\/td>\n<\/tr>\n<tr>\n<td>Handw\u00e4sche<\/td>\n<td>0.5% Wasserl\u00f6sung (50 ml \/ 10 l)<\/td>\n<\/tr>\n<\/table>\n<p>Die Fl\u00e4che mit einem Hochdruckreiniger absp\u00fclen (120-150 bar)<br \/>\nNicht in direkter Sonne anwenden.<br \/>\nHei\u00dfe Fl\u00e4chen unbedingt vermeiden.<br \/>\nVor Gebrauch sch\u00fctteln!<br \/>\nNicht antrocknen lassen.<\/p>\n<p><span style=\"color: green\"><em>PH-Wert:14<\/em><\/span><\/p>\n<p><span style=\"text-decoration: underline\"><strong>Gefahr!<\/strong><\/span><\/p>\n<p><img loading=\"lazy\" src=\"https:\/\/lkw-teile-truckmotive.de\/erp-files\/files\/other\/acid1cols3.jpg\" width=\"96px\" height=\"96px\" \/><\/p>\n<p><strong>Gefahrenhinweise:<\/strong><\/p>\n<ul>\n<li>H290 Kann gegen\u00fcber Metallen korrosiv sein.<\/li>\n<li>H302 Gesundheitssch\u00e4dlich bei Verschlucken.<\/li>\n<li>H314 Verursacht schwere Ver\u00e4tzungen der Haut und schwere Augensch\u00e4den.<\/li>\n<li>H315 Verursacht Hautreizungen.<\/li>\n<li>H318 Verursacht schwere Augensch\u00e4den.<\/li>\n<li>H319 Verursacht schwere Augenreizung.<\/li>\n<li>H400 Sehr giftig f\u00fcr Wasserorganismen.<\/li>\n<\/ul>\n<p><strong>Sicherheitshinweise:<\/strong><\/p>\n<ul>\n<li>P280 Schutzhandschuhe\/Schutzkleidung\/Augenschutz\/Gesichtsschutz tragen.<\/li>\n<li>P301+P330+P331 BEI VERSCHLUCKEN: Mund aussp\u00fclen. KEIN Erbrechen herbeif\u00fchren.<\/li>\n<li>P303+P361+P353 BEI BER\u00dcHRUNG MIT DER HAUT (oder dem Haar): Alle kontaminierten<br \/>\nKleidungsst\u00fccke sofort ausziehen. Haut mit Wasser abwaschen [oder duschen].<\/li>\n<li>P305+P351+P338 BEI KONTAKT MIT DEN AUGEN: Einige Minuten lang behutsam mit Wasser<br \/>\nsp\u00fclen. Eventuell vorhandene Kontaktlinsen nach M\u00f6glichkeit entfernen. Weiter<br \/>\nsp\u00fclen.<\/li>\n<li>P310 Sofort GIFTINFORMATIONSZENTRUM\/Arzt\/\u2026 anrufen.<\/li>\n<li>P405 Unter Verschluss aufbewahren.<\/li>\n<\/ul>\n<\/p><\/div>\n<p>                <span style=\"font-size:1px;color:white\">Reiniger, Reinigung, L\u00f6sung, Konzentrat, Putzmittel, reinigen, putzen, s\u00e4ubern, wischen, entfernen, gl\u00e4nzend, streifenfrei, KFZ, NFZ, LKW, Bus, Planen, Tankwagen, Lieferwagen, Traktor, Gabelstapler, Landwirtschaft, Waschanlage, Baumaschinen, Aktivschaum, Shampoo, Tankwagen, G\u00fcterverkehr, Waggons<\/span><\/p>\n<h4>OE &amp; OEM Referenznummern:<\/h4>\n<p><a href=\"https:\/\/lkw-teile-truckmotive.de\/products\/WAA103A005AN002\">WAA103A005AN002<\/a><\/p>\n<p><span style=\"font-size:12px\"><b>Hinweis: <\/b><br \/>Alle aufgef\u00fchrten Marken, Referenzen sowie Vergleichsnummern dienen lediglich dem Vergleichszweck.<br \/>\nDie angebotenen Artikel sind, sofern nicht anders angegeben, Nachbauteile in Erstausr\u00fcsterqualit\u00e4t.<\/span><\/p>\n<details>\n<summary style=\"cursor: pointer;color: #06c;font-size: 15px\">Herstellerinformation<\/summary>\n<div class=\"manufacturer-info\" style=\"padding: 10px;border: 1px solid #888;margin-top: 10px;background-color: #f9f9f9\">\n<p>N.A.<\/p>\n<\/p><\/div>\n<\/details><\/div>\n","protected":false},"excerpt":{"rendered":"<div style=\"font-size:15px\">\n<p style=\"font-size:17px;color:black\"><b>Lieferumfang:<\/b><\/p>\n<p style=\"padding-top:6px\">1x Truck Clean EXTRA 5L<\/p>\n<p><\/br><\/p>\n<p style=\"font-size:17px;color:black\"><b>Passend f\u00fcr<\/b><\/p>\n<ul style=\"padding-top:6px\">\n<li>LKWs (Kasten, Planen)<\/li>\n<li>Spezielle Nutzfahrzeuge<\/li>\n<li>Motoren<\/li>\n<li>Bau- und landwirtschaftliche Maschinen<\/li>\n<li>Tankwagen<\/li>\n<li>Waggons<\/li>\n<\/ul>\n<p><span style=\"font-size:12px\">Das Ersatzteil passt unter anderem f\u00fcr die oben genannten Modelle. Bitte pr\u00fcfen Sie die Ersatzteil-Nummer, um eine Fehlbestellung zu vermeiden. Nicht sicher, ob das Teil passt? Kontaktieren Sie uns!<\/span><\/p>\n<\/div>\n","protected":false},"featured_media":152789,"comment_status":"open","ping_status":"closed","template":"","meta":[],"_links":{"self":[{"href":"https:\/\/lkw-teile-truckmotive.de\/index.php\/wp-json\/wp\/v2\/product\/48182"}],"collection":[{"href":"https:\/\/lkw-teile-truckmotive.de\/index.php\/wp-json\/wp\/v2\/product"}],"about":[{"href":"https:\/\/lkw-teile-truckmotive.de\/index.php\/wp-json\/wp\/v2\/types\/product"}],"replies":[{"embeddable":true,"href":"https:\/\/lkw-teile-truckmotive.de\/index.php\/wp-json\/wp\/v2\/comments?post=48182"}],"wp:featuredmedia":[{"embeddable":true,"href":"https:\/\/lkw-teile-truckmotive.de\/index.php\/wp-json\/wp\/v2\/media\/152789"}],"wp:attachment":[{"href":"https:\/\/lkw-teile-truckmotive.de\/index.php\/wp-json\/wp\/v2\/media?parent=48182"}],"curies":[{"name":"wp","href":"https:\/\/api.w.org\/{rel}","templated":true}]}}