{"id":48204,"date":"2021-12-03T01:08:48","date_gmt":"2021-12-03T00:08:48","guid":{"rendered":"https:\/\/lkw-teile-truckmotive.de\/index.php\/produkt\/3-27e-1l-reinigungsmittel-duschkabinenreiniger-1l-fuer-die-taegliche-pflege-von-duschkabinen"},"modified":"2025-05-11T19:00:42","modified_gmt":"2025-05-11T17:00:42","slug":"3-27e-1l-reinigungsmittel-duschkabinenreiniger-1l-fuer-die-taegliche-pflege-von-duschkabinen","status":"publish","type":"product","link":"https:\/\/lkw-teile-truckmotive.de\/index.php\/produkt\/3-27e-1l-reinigungsmittel-duschkabinenreiniger-1l-fuer-die-taegliche-pflege-von-duschkabinen","title":{"rendered":"(5.06\u20ac\/1l) Reinigungsmittel Duschkabinenreiniger 1L, f\u00fcr die t\u00e4gliche Pflege von Duschkabinen"},"content":{"rendered":"<div style=\"font-size:15px\">\n<h4>Reinigungsmittel Duschkabinenreiniger 1L, f\u00fcr die t\u00e4gliche Pflege von Duschkabinen<\/h4>\n<div class=\"table_info\">\n<p>Ein wirksames, schonendes Produkt f\u00fcr die t\u00e4gliche Pflege aller Duschkabinen.<br \/>\nW\u00e4scht perfekt den allt\u00e4glichen Schmutz, Mineraleinschl\u00fcsse und Seifenreste weg.<br \/>\nEmpfohlen f\u00fcr emaillierte, Glas-, Acryl- und Kunststoff-Duschabtrennungen, Wandkeramiken und Badarmaturen.<br \/>\nHinterl\u00e4sst einen lang anhaltenden, frischen Duft. Frischt auf und verleiht der gereinigten Oberfl\u00e4che Glanz.<br \/>\nEnth\u00e4lt Zitronens\u00e4ure.<\/p>\n<table>\n<tr>Anwendung:<\/tr>\n<tr>\n<td>Duschabtrennungen, Wandkeramik, Badarmaturen<\/td>\n<\/tr>\n<\/table>\n<p>Anwendungsweise:<br \/>\nGebrauchsfertig, nicht verd\u00fcnnen.<br \/>\nTragen Sie das Produkt auf die verschmutzte Oberfl\u00e4che auf.<br \/>\nMit einem Schwamm einarbeiten, mit Wasser absp\u00fclen und trocken wischen.<\/p>\n<p><span style=\"color: green\"><em>PH-Wert: 1<\/em><\/span><\/p>\n<p><span style=\"text-decoration: underline\"><strong>Gefahr!<\/strong><\/span><\/p>\n<p><strong>Gefahrenhinweise:<\/strong><\/p>\n<ul>\n<li>H315 Verursacht Hautreizungen.<\/li>\n<li>H318 Verursacht schwere Augensch\u00e4den.<\/li>\n<li>H319 Verursacht schwere Augenreizung.<\/li>\n<li>H412 Sch\u00e4dlich f\u00fcr Wasserorganismen, mit langfristiger Wirkung.<\/li>\n<\/ul>\n<\/p><\/div>\n<p>                <span style=\"font-size:1px;color:white\">Reiniger, Reinigung, L\u00f6sung, Einsatzbereit, Gebrauchsfertig, Putzmittel, reinigen, putzen, s\u00e4ubern, wischen, auffrischen, entfernen, erhalten, gl\u00e4nzend, streifenfrei, Emaille, Glas, Acryl, Keramik, Armatur, Zitronens\u00e4ure, Duschabtrennung, Badewanne, Waschbecken, <\/span><\/p>\n<h4>OE &amp; OEM Referenznummern:<\/h4>\n<p><a href=\"https:\/\/lkw-teile-truckmotive.de\/products\/WDT002A001BD000\">WDT002A001BD000<\/a><\/p>\n<p><span style=\"font-size:12px\"><b>Hinweis: <\/b><br \/>Alle aufgef\u00fchrten Marken, Referenzen sowie Vergleichsnummern dienen lediglich dem Vergleichszweck.<br \/>\nDie angebotenen Artikel sind, sofern nicht anders angegeben, Nachbauteile in Erstausr\u00fcsterqualit\u00e4t.<\/span><\/p>\n<details>\n<summary style=\"cursor: pointer;color: #06c;font-size: 15px\">Herstellerinformation<\/summary>\n<div class=\"manufacturer-info\" style=\"padding: 10px;border: 1px solid #888;margin-top: 10px;background-color: #f9f9f9\">\n<p>N.A.<\/p>\n<\/p><\/div>\n<\/details><\/div>\n","protected":false},"excerpt":{"rendered":"<div style=\"font-size:15px\">\n<p style=\"font-size:17px;color:black\"><b>Lieferumfang:<\/b><\/p>\n<p style=\"padding-top:6px\">1x Duschkabinenreiniger 1L<\/p>\n<p><\/br><\/p>\n<p style=\"font-size:17px;color:black\"><b>Passend f\u00fcr<\/b><\/p>\n<ul style=\"padding-top:6px\">\n<li>Duschabtrennungen, Wandkeramik, Badarmaturen<\/li>\n<\/ul>\n<p><span style=\"font-size:12px\">Das Ersatzteil passt unter anderem f\u00fcr die oben genannten Modelle. Bitte pr\u00fcfen Sie die Ersatzteil-Nummer, um eine Fehlbestellung zu vermeiden. Nicht sicher, ob das Teil passt? Kontaktieren Sie uns!<\/span><\/p>\n<\/div>\n","protected":false},"featured_media":152800,"comment_status":"open","ping_status":"closed","template":"","meta":[],"_links":{"self":[{"href":"https:\/\/lkw-teile-truckmotive.de\/index.php\/wp-json\/wp\/v2\/product\/48204"}],"collection":[{"href":"https:\/\/lkw-teile-truckmotive.de\/index.php\/wp-json\/wp\/v2\/product"}],"about":[{"href":"https:\/\/lkw-teile-truckmotive.de\/index.php\/wp-json\/wp\/v2\/types\/product"}],"replies":[{"embeddable":true,"href":"https:\/\/lkw-teile-truckmotive.de\/index.php\/wp-json\/wp\/v2\/comments?post=48204"}],"wp:featuredmedia":[{"embeddable":true,"href":"https:\/\/lkw-teile-truckmotive.de\/index.php\/wp-json\/wp\/v2\/media\/152800"}],"wp:attachment":[{"href":"https:\/\/lkw-teile-truckmotive.de\/index.php\/wp-json\/wp\/v2\/media?parent=48204"}],"curies":[{"name":"wp","href":"https:\/\/api.w.org\/{rel}","templated":true}]}}