{"id":48206,"date":"2021-12-03T01:08:50","date_gmt":"2021-12-03T00:08:50","guid":{"rendered":"https:\/\/lkw-teile-truckmotive.de\/index.php\/produkt\/3-69e-1l-reinigungsmittel-holzfussbodenreiniger-1l-reiniger-fuer-stark-beanspruchte-und-lackierte-holzoberflaechen"},"modified":"2025-05-11T19:00:44","modified_gmt":"2025-05-11T17:00:44","slug":"3-69e-1l-reinigungsmittel-holzfussbodenreiniger-1l-reiniger-fuer-stark-beanspruchte-und-lackierte-holzoberflaechen","status":"publish","type":"product","link":"https:\/\/lkw-teile-truckmotive.de\/index.php\/produkt\/3-69e-1l-reinigungsmittel-holzfussbodenreiniger-1l-reiniger-fuer-stark-beanspruchte-und-lackierte-holzoberflaechen","title":{"rendered":"(5.36\u20ac\/1l) Reinigungsmittel Holzfu\u00dfbodenreiniger 1L, Reiniger f\u00fcr stark beanspruchte und lackierte Holzoberfl\u00e4chen"},"content":{"rendered":"<div style=\"font-size:15px\">\n<h4>Reinigungsmittel Holzfu\u00dfbodenreiniger 1L, Reiniger f\u00fcr stark beanspruchte und lackierte Holzoberfl\u00e4chen<\/h4>\n<div class=\"table_info\">\n<p>Super effizientes Konzentrat f\u00fcr lackiertes Holz, gibt einen angenehmen Jasminduft ab.<br \/>\nEntfernt m\u00fchelos \u00f6ligen, fettigen, allt\u00e4glichen Schmutz und Staub.<br \/>\nEmpfohlen f\u00fcr stark beanspruchte und lackierte Holzb\u00f6den, Treppen, Vert\u00e4felungen, Gel\u00e4nder.<br \/>\nBeh\u00e4lt die nat\u00fcrlichen Eigenschaften der gereinigten Oberfl\u00e4che bei.<br \/>\nVerdunstet schnell und hinterl\u00e4sst keine Schlieren.<\/p>\n<table>\n<tr>Anwendung:<\/tr>\n<tr>\n<td>Lackierte Holzoberfl\u00e4chen (B\u00f6den, Treppen, Verkleidungen, Handl\u00e4ufe)<\/td>\n<\/tr>\n<\/table>\n<p>\nAnwendungsweise:<br \/>\nBereiten Sie eine L\u00f6sung von 30-50 ml \/ 10 l Wasser vor.<br \/>\nDie Reinigung erfolgt von Hand oder mit der Maschine.<br \/>\nEs muss nicht feucht nachgewischt werden<\/p>\n<p><span style=\"color: green\"><em>PH-Wert:7<\/em><\/span><\/p>\n<p><span style=\"text-decoration: underline\"><strong>Gefahr!<\/strong><\/span><\/p>\n<p><img loading=\"lazy\" src=\"https:\/\/lkw-teile-truckmotive.de\/erp-files\/files\/other\/flamme1cols3.jpg\" width=\"96px\" height=\"96px\" \/><img loading=\"lazy\" src=\"https:\/\/lkw-teile-truckmotive.de\/erp-files\/files\/other\/exclam1cols3.jpg\" width=\"96px\" height=\"96px\" \/><\/p>\n<p><strong>Gefahrenhinweise:<\/strong><\/p>\n<ul>\n<li>H225 Fl\u00fcssigkeit und Dampf leicht entz\u00fcndbar.<\/li>\n<li>H226 Fl\u00fcssigkeit und Dampf entz\u00fcndbar.<\/li>\n<li>H302 Gesundheitssch\u00e4dlich bei Verschlucken.<\/li>\n<li>H318 Verursacht schwere Augensch\u00e4den.<\/li>\n<li>H319 Verursacht schwere Augenreizung.<\/li>\n<li>H336 Kann Schl\u00e4frigkeit und Benommenheit verursachen.<\/li>\n<\/ul>\n<p><strong>Sicherheitshinweise:<\/strong><\/p>\n<ul>\n<li>P210 Von Hitze, hei\u00dfen Oberfl\u00e4chen, Funken, offenen Flammen und anderen Z\u00fcndquellenfernhalten. Nicht rauchen.<\/li>\n<li>P305+P351+P338 BEI KONTAKT MIT DEN AUGEN: Einige Minuten lang behutsam mit Wasser<br \/>\nsp\u00fclen. Eventuell vorhandene Kontaktlinsen nach M\u00f6glichkeit entfernen. Weiter<br \/>\nsp\u00fclen.<\/li>\n<\/ul>\n<\/p><\/div>\n<p>                <span style=\"font-size:1px;color:white\">Reiniger, Reinigung, L\u00f6sung, Konzentrat, Putzmittel, reinigen, putzen, s\u00e4ubern, wischen, auffrischen, entfernen, erhalten, gl\u00e4nzend, streifenfrei, Handreinigung, Maschinenreinigung, Holz, Boden, Treppen, Verkleidungen, Handl\u00e4ufe, Vert\u00e4felung, Gel\u00e4nder, \u00d6le, Fette, <\/span><\/p>\n<h4>OE &amp; OEM Referenznummern:<\/h4>\n<p><a href=\"https:\/\/lkw-teile-truckmotive.de\/products\/WDT006A001BF000\">WDT006A001BF000<\/a><\/p>\n<p><span style=\"font-size:12px\"><b>Hinweis: <\/b><br \/>Alle aufgef\u00fchrten Marken, Referenzen sowie Vergleichsnummern dienen lediglich dem Vergleichszweck.<br \/>\nDie angebotenen Artikel sind, sofern nicht anders angegeben, Nachbauteile in Erstausr\u00fcsterqualit\u00e4t.<\/span><\/p>\n<details>\n<summary style=\"cursor: pointer;color: #06c;font-size: 15px\">Herstellerinformation<\/summary>\n<div class=\"manufacturer-info\" style=\"padding: 10px;border: 1px solid #888;margin-top: 10px;background-color: #f9f9f9\">\n<p>N.A.<\/p>\n<\/p><\/div>\n<\/details><\/div>\n","protected":false},"excerpt":{"rendered":"<div style=\"font-size:15px\">\n<p style=\"font-size:17px;color:black\"><b>Lieferumfang:<\/b><\/p>\n<p style=\"padding-top:6px\">1x Holzfu\u00dfbodenreiniger 1L<\/p>\n<p><\/br><\/p>\n<p style=\"font-size:17px;color:black\"><b>Passend f\u00fcr<\/b><\/p>\n<ul style=\"padding-top:6px\">\n<li>Lackierte Holzoberfl\u00e4chen (B\u00f6den, Treppen, Verkleidungen, Handl\u00e4ufe)<\/li>\n<\/ul>\n<p><span style=\"font-size:12px\">Das Ersatzteil passt unter anderem f\u00fcr die oben genannten Modelle. Bitte pr\u00fcfen Sie die Ersatzteil-Nummer, um eine Fehlbestellung zu vermeiden. Nicht sicher, ob das Teil passt? Kontaktieren Sie uns!<\/span><\/p>\n<\/div>\n","protected":false},"featured_media":152801,"comment_status":"open","ping_status":"closed","template":"","meta":[],"_links":{"self":[{"href":"https:\/\/lkw-teile-truckmotive.de\/index.php\/wp-json\/wp\/v2\/product\/48206"}],"collection":[{"href":"https:\/\/lkw-teile-truckmotive.de\/index.php\/wp-json\/wp\/v2\/product"}],"about":[{"href":"https:\/\/lkw-teile-truckmotive.de\/index.php\/wp-json\/wp\/v2\/types\/product"}],"replies":[{"embeddable":true,"href":"https:\/\/lkw-teile-truckmotive.de\/index.php\/wp-json\/wp\/v2\/comments?post=48206"}],"wp:featuredmedia":[{"embeddable":true,"href":"https:\/\/lkw-teile-truckmotive.de\/index.php\/wp-json\/wp\/v2\/media\/152801"}],"wp:attachment":[{"href":"https:\/\/lkw-teile-truckmotive.de\/index.php\/wp-json\/wp\/v2\/media?parent=48206"}],"curies":[{"name":"wp","href":"https:\/\/api.w.org\/{rel}","templated":true}]}}