{"id":48240,"date":"2021-12-03T01:09:30","date_gmt":"2021-12-03T00:09:30","guid":{"rendered":"https:\/\/lkw-teile-truckmotive.de\/index.php\/produkt\/5-71e-1l-reinigungsmittel-glass-quartz-gt-1l-superhydrophobe-und-antistatische-fluessigkeit-zum-waschen-von-glasoberflaechen"},"modified":"2025-05-11T19:01:46","modified_gmt":"2025-05-11T17:01:46","slug":"5-71e-1l-reinigungsmittel-glass-quartz-gt-1l-superhydrophobe-und-antistatische-fluessigkeit-zum-waschen-von-glasoberflaechen","status":"publish","type":"product","link":"https:\/\/lkw-teile-truckmotive.de\/index.php\/produkt\/5-71e-1l-reinigungsmittel-glass-quartz-gt-1l-superhydrophobe-und-antistatische-fluessigkeit-zum-waschen-von-glasoberflaechen","title":{"rendered":"(5.71\u20ac\/1l) Reinigungsmittel Glass Quartz GT 1L, superhydrophobe und antistatische Fl\u00fcssigkeit zum Waschen von Glasoberfl\u00e4chen"},"content":{"rendered":"<div style=\"font-size:15px\">\n<h4>Reinigungsmittel Glass Quartz GT 1L, superhydrophobe und antistatische Fl\u00fcssigkeit zum Waschen von Glasoberfl\u00e4chen<\/h4>\n<div class=\"table_info\">\n<p>Gebrauchsfertiges Pr\u00e4parat zum Reinigen und Pflegen von Glasfl\u00e4chen im Innen- und Au\u00dfenbereich:<br \/>\n(Scheiben, Spiegel, Trennw\u00e4nde, Verglasungen, Schaufenster, etc.).<br \/>\nHinterl\u00e4sst einen hydrophoben und antistatischen Film (Lotuseffekt), der die Wiederanschmutzung deutlich verlangsamt.<br \/>\nEntfernt effizient alle Arten von flie\u00dfendem Schmutz (organisch und mineralisch).<br \/>\nUmweltfreundlich.<\/p>\n<table>\n<tr>Anwendung:<\/tr>\n<tr>\n<td>Fensterscheiben, Spiegel, Trennw\u00e4nde, Schaufenster, Vitrinen, Glasm\u00f6bel<\/td>\n<\/tr>\n<\/table>\n<p>Anwendungsweise:<br \/>\nUnverd\u00fcnnt verwenden.<br \/>\n1-2 Spr\u00fchst\u00f6\u00dfe pro 1 m\u00b2.<br \/>\nWischen und polieren mit einem sauberen Baumwoll- oder Mikrofasertuch.<br \/>\nDie Verwendung eines zweiten Tuchs zum Polieren, verbessert den optischen Effekt und die Qualit\u00e4t der hydrophoben Beschichtung erheblich.<\/p>\n<p style=\"color:#FF0000\">ACHTUNG!!!<\/p>\n<p> Verwenden Sie das Produkt nicht auf hei\u00dfen Oberfl\u00e4chen.<\/p>\n<p><span style=\"color: green\"><em>PH-Wert: 7<\/em><\/span><\/p>\n<\/p><\/div>\n<p>                <span style=\"font-size:1px;color:white\">Reiniger, Reinigung, L\u00f6sung, Einsatzbereit, Gebrauchsfertig, Putzmittel, reinigen, putzen, s\u00e4ubern, wischen, auffrischen, entfernen, erhalten, gl\u00e4nzend, streifenfrei, Fenster, Spiegel, Glas, Vitrinen, Schaufenster, hydrophob, Lotuseffekt, antistatisch, Trennw\u00e4nde<\/span><\/p>\n<h4>OE &amp; OEM Referenznummern:<\/h4>\n<p><a href=\"https:\/\/lkw-teile-truckmotive.de\/products\/WSS007A001BD005\">WSS007A001BD005<\/a><\/p>\n<p><span style=\"font-size:12px\"><b>Hinweis: <\/b><br \/>Alle aufgef\u00fchrten Marken, Referenzen sowie Vergleichsnummern dienen lediglich dem Vergleichszweck.<br \/>\nDie angebotenen Artikel sind, sofern nicht anders angegeben, Nachbauteile in Erstausr\u00fcsterqualit\u00e4t.<\/span><\/p>\n<details>\n<summary style=\"cursor: pointer;color: #06c;font-size: 15px\">Herstellerinformation<\/summary>\n<div class=\"manufacturer-info\" style=\"padding: 10px;border: 1px solid #888;margin-top: 10px;background-color: #f9f9f9\">\n<p>N.A.<\/p>\n<\/p><\/div>\n<\/details><\/div>\n","protected":false},"excerpt":{"rendered":"<div style=\"font-size:15px\">\n<p style=\"font-size:17px;color:black\"><b>Lieferumfang:<\/b><\/p>\n<p style=\"padding-top:6px\">1x Glass Quartz GT 1L<\/p>\n<p><\/br><\/p>\n<p style=\"font-size:17px;color:black\"><b>Passend f\u00fcr<\/b><\/p>\n<ul style=\"padding-top:6px\">\n<li>Fensterscheiben, Spiegel, Trennw\u00e4nde, Schaufenster, Vitrinen, Glasm\u00f6bel<\/li>\n<\/ul>\n<p><span style=\"font-size:12px\">Das Ersatzteil passt unter anderem f\u00fcr die oben genannten Modelle. Bitte pr\u00fcfen Sie die Ersatzteil-Nummer, um eine Fehlbestellung zu vermeiden. Nicht sicher, ob das Teil passt? Kontaktieren Sie uns!<\/span><\/p>\n<\/div>\n","protected":false},"featured_media":152821,"comment_status":"open","ping_status":"closed","template":"","meta":[],"_links":{"self":[{"href":"https:\/\/lkw-teile-truckmotive.de\/index.php\/wp-json\/wp\/v2\/product\/48240"}],"collection":[{"href":"https:\/\/lkw-teile-truckmotive.de\/index.php\/wp-json\/wp\/v2\/product"}],"about":[{"href":"https:\/\/lkw-teile-truckmotive.de\/index.php\/wp-json\/wp\/v2\/types\/product"}],"replies":[{"embeddable":true,"href":"https:\/\/lkw-teile-truckmotive.de\/index.php\/wp-json\/wp\/v2\/comments?post=48240"}],"wp:featuredmedia":[{"embeddable":true,"href":"https:\/\/lkw-teile-truckmotive.de\/index.php\/wp-json\/wp\/v2\/media\/152821"}],"wp:attachment":[{"href":"https:\/\/lkw-teile-truckmotive.de\/index.php\/wp-json\/wp\/v2\/media?parent=48240"}],"curies":[{"name":"wp","href":"https:\/\/api.w.org\/{rel}","templated":true}]}}