{"id":48262,"date":"2021-12-03T01:09:54","date_gmt":"2021-12-03T00:09:54","guid":{"rendered":"https:\/\/lkw-teile-truckmotive.de\/index.php\/produkt\/7-64e-1l-reinigungsmittel-top-klin-gt-06l-fuer-eine-punktuelle-reinigung"},"modified":"2026-01-29T13:57:10","modified_gmt":"2026-01-29T12:57:10","slug":"7-64e-1l-reinigungsmittel-top-klin-gt-06l-fuer-eine-punktuelle-reinigung","status":"publish","type":"product","link":"https:\/\/lkw-teile-truckmotive.de\/index.php\/produkt\/7-64e-1l-reinigungsmittel-top-klin-gt-06l-fuer-eine-punktuelle-reinigung","title":{"rendered":"(7.64\u20ac\/1l) Reinigungsmittel Top Klin GT 0,6L f\u00fcr eine Punktuelle Reinigung"},"content":{"rendered":"<div style=\"font-size:15px\">\n<h4>Reinigungsmittel Top Klin GT 0,6L f\u00fcr eine Punktuelle Reinigung<\/h4>\n<div class=\"table_info\">\n<p>Gebrauchsfertiger Spezialreiniger ohne Schleifpartikel und Fette.<br \/>\nBesonders empfehlenswert f\u00fcr die Reinigung von KFZ-Cockpits und anderen Kunststoffteilen.<br \/>\nKann auch zum Entfetten von Edelstahlelementen genutzt werden (z.B. Leisten).<\/p>\n<table>\n<tr>Anwendung:<\/tr>\n<tr>\n<td>M\u00f6bel, Telefone, Computer, Schreibtische, B\u00e4nke, Tafeln<\/td>\n<\/tr>\n<\/table>\n<p>Anwendungsweise:<br \/>\nGebrauchsfertig. Auf die zu reinigende Fl\u00e4che auftragen und mit einem Tuch auswischen.<br \/>\nDie Anwendung auf nicht haltbaren Farben unbedingt vermeiden. Vor Gebrauch einen Test machen.<\/p>\n<p><span style=\"color: green\"><em>PH-Wert:7<\/em><\/span><\/p>\n<p><span style=\"text-decoration: underline\"><strong>Gefahr!<\/strong><\/span><\/p>\n<p><img loading=\"lazy\" src=\"https:\/\/lkw-teile-truckmotive.de\/erp-files\/files\/other\/flamme1cols3.jpg\" width=\"96px\" height=\"96px\" \/><img loading=\"lazy\" src=\"https:\/\/lkw-teile-truckmotive.de\/erp-files\/files\/other\/exclam1cols3.jpg\" width=\"96px\" height=\"96px\" \/><\/p>\n<p><strong>Gefahrenhinweise:<\/strong><\/p>\n<ul>\n<li>H225 Fl\u00fcssigkeit und Dampf leicht entz\u00fcndbar.<\/li>\n<li>H226 Fl\u00fcssigkeit und Dampf entz\u00fcndbar.<\/li>\n<li>H304 Kann bei Verschlucken und Eindringen in die Atemwege t\u00f6dlich sein.<\/li>\n<li>H315 Verursacht Hautreizungen.<\/li>\n<li>H317 Kann allergische Hautreaktionen verursachen.<\/li>\n<li>H319 Verursacht schwere Augenreizung.<\/li>\n<li>H411 Giftig f\u00fcr Wasserorganismen, mit langfristiger Wirkung.<\/li>\n<li>EUH208 Enth\u00e4lt Limonen. Kann allergische Reaktionen hervorrufen.<\/li>\n<\/ul>\n<p><strong>Sicherheitshinweise:<\/strong><\/p>\n<ul>\n<li>P210 Von Hitze, hei\u00dfen Oberfl\u00e4chen, Funken, offenen Flammen und anderen Z\u00fcndquellenfernhalten. Nicht rauchen.<\/li>\n<li>P305+P351+P338 BEI KONTAKT MIT DEN AUGEN: Einige Minuten lang behutsam mit Wasser<br \/>\nsp\u00fclen. Eventuell vorhandene Kontaktlinsen nach M\u00f6glichkeit entfernen. Weiter<br \/>\nsp\u00fclen.<\/li>\n<li>P337+P313 Bei anhaltender Augenreizung: \u00c4rztlichen Rat einholen\/\u00e4rztliche Hilfe hinzuziehen.<\/li>\n<\/ul>\n<\/p><\/div>\n<p>                <span style=\"font-size:1px;color:white\">Reiniger, Reinigung, L\u00f6sung, Einsatzbereit, Gebrauchsfertig, Putzmittel, reinigen, putzen, s\u00e4ubern, wischen, auffrischen, entfernen, erhalten, gl\u00e4nzend, streifenfrei, M\u00f6bel, Telefon, Computer, Cockpit, KFZ, LKW, Tafel, Kunststoff<\/span><\/p>\n<h4>OE &amp; OEM Referenznummern:<\/h4>\n<p><a href=\"https:\/\/lkw-teile-truckmotive.de\/products\/WWW006B600BD000\">WWW006B600BD000<\/a><\/p>\n<p><span style=\"font-size:12px\"><b>Hinweis: <\/b><br \/>Alle aufgef\u00fchrten Marken, Referenzen sowie Vergleichsnummern dienen lediglich dem Vergleichszweck.<br \/>\nDie angebotenen Artikel sind, sofern nicht anders angegeben, Nachbauteile in Erstausr\u00fcsterqualit\u00e4t.<\/span><\/p>\n<details>\n<summary style=\"cursor: pointer;color: #06c;font-size: 15px\">Herstellerinformation<\/summary>\n<div class=\"manufacturer-info\" style=\"padding: 10px;border: 1px solid #888;margin-top: 10px;background-color: #f9f9f9\">\n<p>N.A.<\/p>\n<\/p><\/div>\n<\/details><\/div>\n","protected":false},"excerpt":{"rendered":"<div style=\"font-size:15px\">\n<p style=\"font-size:17px;color:black\"><b>Lieferumfang:<\/b><\/p>\n<p style=\"padding-top:6px\">1x Top Klin GT 0,6L<\/p>\n<p><\/br><\/p>\n<p style=\"font-size:17px;color:black\"><b>Passend f\u00fcr<\/b><\/p>\n<ul style=\"padding-top:6px\">\n<li>M\u00f6bel, Telefone, Computer, Schreibtische, B\u00e4nke, Tafeln<\/li>\n<\/ul>\n<p><span style=\"font-size:12px\">Das Ersatzteil passt unter anderem f\u00fcr die oben genannten Modelle. Bitte pr\u00fcfen Sie die Ersatzteil-Nummer, um eine Fehlbestellung zu vermeiden. Nicht sicher, ob das Teil passt? Kontaktieren Sie uns!<\/span><\/p>\n<\/div>\n","protected":false},"featured_media":173395,"comment_status":"open","ping_status":"closed","template":"","meta":[],"_links":{"self":[{"href":"https:\/\/lkw-teile-truckmotive.de\/index.php\/wp-json\/wp\/v2\/product\/48262"}],"collection":[{"href":"https:\/\/lkw-teile-truckmotive.de\/index.php\/wp-json\/wp\/v2\/product"}],"about":[{"href":"https:\/\/lkw-teile-truckmotive.de\/index.php\/wp-json\/wp\/v2\/types\/product"}],"replies":[{"embeddable":true,"href":"https:\/\/lkw-teile-truckmotive.de\/index.php\/wp-json\/wp\/v2\/comments?post=48262"}],"wp:featuredmedia":[{"embeddable":true,"href":"https:\/\/lkw-teile-truckmotive.de\/index.php\/wp-json\/wp\/v2\/media\/173395"}],"wp:attachment":[{"href":"https:\/\/lkw-teile-truckmotive.de\/index.php\/wp-json\/wp\/v2\/media?parent=48262"}],"curies":[{"name":"wp","href":"https:\/\/api.w.org\/{rel}","templated":true}]}}