{"id":48272,"date":"2021-12-03T01:10:07","date_gmt":"2021-12-03T00:10:07","guid":{"rendered":"https:\/\/lkw-teile-truckmotive.de\/index.php\/produkt\/reinigungsmittel-kaminscheibenreiniger-gt-06l-ein-hoch-leistungsfaehiger-schaumreiniger-fuer-kamine-und-oefen"},"modified":"2025-05-11T19:02:21","modified_gmt":"2025-05-11T17:02:21","slug":"reinigungsmittel-kaminscheibenreiniger-gt-06l-ein-hoch-leistungsfaehiger-schaumreiniger-fuer-kamine-und-oefen","status":"publish","type":"product","link":"https:\/\/lkw-teile-truckmotive.de\/index.php\/produkt\/reinigungsmittel-kaminscheibenreiniger-gt-06l-ein-hoch-leistungsfaehiger-schaumreiniger-fuer-kamine-und-oefen","title":{"rendered":"Reinigungsmittel Kaminscheibenreiniger GT 0,6L ein hoch leistungsf\u00e4higer Schaumreiniger f\u00fcr Kamine und \u00d6fen"},"content":{"rendered":"<div style=\"font-size:15px\">\n<h4>Reinigungsmittel Kaminscheibenreiniger GT 0,6L ein hoch leistungsf\u00e4higer Schaumreiniger f\u00fcr Kamine und \u00d6fen<\/h4>\n<div class=\"table_info\">\n<p>Hochwirksames, schnell zu verwendendes Schaumprodukt zur Reinigung von Kaminscheiben und Ofeneins\u00e4tzen.<br \/>\nDringt effektiv in die zu reinigende Oberfl\u00e4che ein und entfernt schwarze Verschmutzungen, Ru\u00df und Verbrennungen.<br \/>\nSofort einsatzbereit.<\/p>\n<table>\n<tr>Anwendung:<\/tr>\n<tr>\n<td>Kaminscheiben, Ofeneins\u00e4tze<\/td>\n<\/tr>\n<\/table>\n<p>Anwendungsweise:<br \/>\nPr\u00e4parat mit dem Spr\u00fchger\u00e4t auf die verschmutzte kalte Oberfl\u00e4che aus einem Abstand von 15-20 cm auftragen.<br \/>\nNach 2-5 Minuten warten mit Papier oder Tuch abwischen und Verschmutzung aufsammeln.<br \/>\nDie gereinigte Oberfl\u00e4che mit einem feuchten Tuch abwischen und anschlie\u00dfend trocken wischen.<br \/>\nBei schwer zu entfernenden Verschmutzungen, Vorgang mit einem Schwamm, Pad oder B\u00fcrste wiederholen.<\/p>\n<p style=\"color:#FF0000\">ACHTUNG!!!<\/p>\n<p>Nicht auf Gegenst\u00e4nden mit \u00fcber 40\u00b0C Resthitze benutzen.<\/p>\n<p><span style=\"color: green\"><em>PH-Wert:14<\/em><\/span><\/p>\n<p><span style=\"text-decoration: underline\"><strong>Gefahr!<\/strong><\/span><\/p>\n<p><img loading=\"lazy\" src=\"https:\/\/lkw-teile-truckmotive.de\/erp-files\/files\/other\/acid1cols3.jpg\" width=\"96px\" height=\"96px\" \/><\/p>\n<p><strong>Gefahrenhinweise:<\/strong><\/p>\n<ul>\n<li>H290 Kann gegen\u00fcber Metallen korrosiv sein.<\/li>\n<li>H302 Gesundheitssch\u00e4dlich bei Verschlucken.<\/li>\n<li>H314 Verursacht schwere Ver\u00e4tzungen der Haut und schwere Augensch\u00e4den.<\/li>\n<li>H315 Verursacht Hautreizungen.<\/li>\n<li>H318 Verursacht schwere Augensch\u00e4den.<\/li>\n<li>H319 Verursacht schwere Augenreizung.<\/li>\n<li>H410 Sehr giftig f\u00fcr Wasserorganismen mit langfristiger Wirkung.<\/li>\n<li>H412 Sch\u00e4dlich f\u00fcr Wasserorganismen, mit langfristiger Wirkung.<\/li>\n<\/ul>\n<p><strong>Sicherheitshinweise:<\/strong><\/p>\n<ul>\n<li>P280 Schutzhandschuhe\/Schutzkleidung\/Augenschutz\/Gesichtsschutz tragen.<\/li>\n<li>P301+P330+P331 BEI VERSCHLUCKEN: Mund aussp\u00fclen. KEIN Erbrechen herbeif\u00fchren.<\/li>\n<li>P303+P361+P353 BEI BER\u00dcHRUNG MIT DER HAUT (oder dem Haar): Alle kontaminierten<br \/>\nKleidungsst\u00fccke sofort ausziehen. Haut mit Wasser abwaschen [oder duschen].<\/li>\n<li>P305+P351+P338 BEI KONTAKT MIT DEN AUGEN: Einige Minuten lang behutsam mit Wasser<br \/>\nsp\u00fclen. Eventuell vorhandene Kontaktlinsen nach M\u00f6glichkeit entfernen. Weiter<br \/>\nsp\u00fclen.<\/li>\n<li>P310 Sofort GIFTINFORMATIONSZENTRUM\/Arzt\/\u2026 anrufen.<\/li>\n<li>P405 Unter Verschluss aufbewahren.<\/li>\n<\/ul>\n<\/p><\/div>\n<p>                <span style=\"font-size:1px;color:white\">Reiniger, Reinigung, L\u00f6sung, Einsatzbereit, Gebrauchsfertig, Putzmittel, reinigen, putzen, s\u00e4ubern, wischen, auffrischen, entfernen, erhalten, gl\u00e4nzend, streifenfrei, Kamin, Ofen, Scheiben, Einsatz, Gitter, Roste, Schaum<\/span><\/p>\n<h4>OE &amp; OEM Referenznummern:<\/h4>\n<p><a href=\"https:\/\/lkw-teile-truckmotive.de\/products\/WWW073B600AY000\">WWW073B600AY000<\/a><\/p>\n<p><span style=\"font-size:12px\"><b>Hinweis: <\/b><br \/>Alle aufgef\u00fchrten Marken, Referenzen sowie Vergleichsnummern dienen lediglich dem Vergleichszweck.<br \/>\nDie angebotenen Artikel sind, sofern nicht anders angegeben, Nachbauteile in Erstausr\u00fcsterqualit\u00e4t.<\/span><\/p>\n<details>\n<summary style=\"cursor: pointer;color: #06c;font-size: 15px\">Herstellerinformation<\/summary>\n<div class=\"manufacturer-info\" style=\"padding: 10px;border: 1px solid #888;margin-top: 10px;background-color: #f9f9f9\">\n<p>N.A.<\/p>\n<\/p><\/div>\n<\/details><\/div>\n","protected":false},"excerpt":{"rendered":"<div style=\"font-size:15px\">\n<p style=\"font-size:17px;color:black\"><b>Lieferumfang:<\/b><\/p>\n<p style=\"padding-top:6px\">1x Kaminscheibenreiniger GT 0,6L<\/p>\n<p><\/br><\/p>\n<p style=\"font-size:17px;color:black\"><b>Passend f\u00fcr<\/b><\/p>\n<ul style=\"padding-top:6px\">\n<li>Kaminscheiben, Ofeneins\u00e4tze<\/li>\n<\/ul>\n<p><span style=\"font-size:12px\">Das Ersatzteil passt unter anderem f\u00fcr die oben genannten Modelle. Bitte pr\u00fcfen Sie die Ersatzteil-Nummer, um eine Fehlbestellung zu vermeiden. Nicht sicher, ob das Teil passt? Kontaktieren Sie uns!<\/span><\/p>\n<\/div>\n","protected":false},"featured_media":152837,"comment_status":"open","ping_status":"closed","template":"","meta":[],"_links":{"self":[{"href":"https:\/\/lkw-teile-truckmotive.de\/index.php\/wp-json\/wp\/v2\/product\/48272"}],"collection":[{"href":"https:\/\/lkw-teile-truckmotive.de\/index.php\/wp-json\/wp\/v2\/product"}],"about":[{"href":"https:\/\/lkw-teile-truckmotive.de\/index.php\/wp-json\/wp\/v2\/types\/product"}],"replies":[{"embeddable":true,"href":"https:\/\/lkw-teile-truckmotive.de\/index.php\/wp-json\/wp\/v2\/comments?post=48272"}],"wp:featuredmedia":[{"embeddable":true,"href":"https:\/\/lkw-teile-truckmotive.de\/index.php\/wp-json\/wp\/v2\/media\/152837"}],"wp:attachment":[{"href":"https:\/\/lkw-teile-truckmotive.de\/index.php\/wp-json\/wp\/v2\/media?parent=48272"}],"curies":[{"name":"wp","href":"https:\/\/api.w.org\/{rel}","templated":true}]}}