{"id":48299,"date":"2021-12-03T01:10:51","date_gmt":"2021-12-03T00:10:51","guid":{"rendered":"https:\/\/lkw-teile-truckmotive.de\/index.php\/produkt\/5-95e-100ml-silikon-fuer-motoren-315-grad-celsius-70ml-elring-dirko-ht-grau-universal-einsetzbar"},"modified":"2026-01-08T15:52:10","modified_gmt":"2026-01-08T14:52:10","slug":"5-95e-100ml-silikon-fuer-motoren-315-grad-celsius-70ml-elring-dirko-ht-grau-universal-einsetzbar","status":"publish","type":"product","link":"https:\/\/lkw-teile-truckmotive.de\/index.php\/produkt\/5-95e-100ml-silikon-fuer-motoren-315-grad-celsius-70ml-elring-dirko-ht-grau-universal-einsetzbar","title":{"rendered":"(7.65\u20ac\/100ml) Silikon f\u00fcr Motoren 315 Grad Celsius 70ML Elring Dirko HT grau universal einsetzbar"},"content":{"rendered":"<div style=\"font-size:15px\">\n<h4>Silikon f\u00fcr Motoren 315 Grad Celsius 70ML Elring Dirko HT grau universal einsetzbar<\/h4>\n<div class=\"table_info\">\n<p>Original Elring Dirko Grau Dichtmasse<br \/>\nmit T\u00fclle und Eindrehwerkzeug<br \/>\nzur Abdichtung aller Oberfl\u00e4chen in Motoren, Getrieben und Achsen<br \/>\nEigenschaften: dauerelasisch, spalt\u00fcberbr\u00fcckend, geruchslos, f\u00fcr Fahrzeuge aller Marken<\/p>\n<table>\n<tr>\n<td>Material<\/td>\n<td>Silikon<\/td>\n<\/tr>\n<tr>\n<td>Temperaturbereich<\/td>\n<td>-60\u00b0 bis + 315 \u00b0<\/td>\n<\/tr>\n<tr>\n<td>Inhalt<\/td>\n<td>70ml<\/td>\n<\/tr>\n<\/table>\n<\/p><\/div>\n<p>                <span style=\"font-size:1px;color:white\">LKW, NFZ, Nutzfahrzeug, PKW, Dichtung, Dichtmasse, Silikon, Spaltabdeckend, vulkanisieren, dauerelastisch, Motor, Getriebe, Achsen, \u00d6lwanne, Kr\u00fcmmer, Ansaugkr\u00fcmmer, Beh\u00e4lter, K\u00fchlwasserbeh\u00e4lter, Differential, Motorkopf, Motorkopfhaube, Zylinderkopf, Zylinderkopfhaube, Kopfhaube, Achsabdeckung, Thermostatgeh\u00e4use, Steuergeh\u00e4use, Flanschverbindung, Scheinwerfer, R\u00fcckleuchte, Batteriekasten<\/span><\/p>\n<h4>OE &amp; OEM Referenznummern:<\/h4>\n<p><a href=\"https:\/\/lkw-teile-truckmotive.de\/products\/036.164\">036.164<\/a>, <a href=\"https:\/\/lkw-teile-truckmotive.de\/products\/036.163\">036.163<\/a>, <a href=\"https:\/\/lkw-teile-truckmotive.de\/products\/71713687\">71713687<\/a>, <a href=\"https:\/\/lkw-teile-truckmotive.de\/products\/71753861\">71753861<\/a>, <a href=\"https:\/\/lkw-teile-truckmotive.de\/products\/001+989+61+20+10\">001 989 61 20 10<\/a>, <a href=\"https:\/\/lkw-teile-truckmotive.de\/products\/90+511+124\">90 511 124<\/a>, <a href=\"https:\/\/lkw-teile-truckmotive.de\/products\/90+543+772\">90 543 772<\/a>, <a href=\"https:\/\/lkw-teile-truckmotive.de\/products\/93+160+373\">93 160 373<\/a>, <a href=\"https:\/\/lkw-teile-truckmotive.de\/products\/93+160+951\">93 160 951<\/a>, <a href=\"https:\/\/lkw-teile-truckmotive.de\/products\/93+165+267\">93 165 267<\/a><\/p>\n<p><span style=\"font-size:12px\"><b>Hinweis: <\/b><br \/>Alle aufgef\u00fchrten Marken, Referenzen sowie Vergleichsnummern dienen lediglich dem Vergleichszweck.<br \/>\nDie angebotenen Artikel sind, sofern nicht anders angegeben, Nachbauteile in Erstausr\u00fcsterqualit\u00e4t.<\/span><\/p>\n<details>\n<summary style=\"cursor: pointer;color: #06c;font-size: 15px\">Herstellerinformation<\/summary>\n<div class=\"manufacturer-info\" style=\"padding: 10px;border: 1px solid #888;margin-top: 10px;background-color: #f9f9f9\">\n<p><b>ElringKlinger AG<\/b><br \/>Max-Eyth-Stra\u00dfe 2<br \/>DE-72581 Dettingen\/Erms &#8211; DE<br \/>Tel.: +49 7123 724-0<br \/>Mail: info@elringklinger.de<\/p>\n<\/p><\/div>\n<\/details><\/div>\n","protected":false},"excerpt":{"rendered":"<div style=\"font-size:15px\">\n<p style=\"font-size:17px;color:black\"><b>Lieferumfang:<\/b><\/p>\n<p style=\"padding-top:6px\">1x Elring Dirko grau<\/p>\n<p><\/br><\/p>\n<p style=\"font-size:17px;color:black\"><b>Passend f\u00fcr<\/b><\/p>\n<ul style=\"padding-top:6px\">\n<li>Universal einsetzbar<\/li>\n<\/ul>\n<p><span style=\"font-size:12px\">Das Ersatzteil passt unter anderem f\u00fcr die oben genannten Modelle. Bitte pr\u00fcfen Sie die Ersatzteil-Nummer, um eine Fehlbestellung zu vermeiden. Nicht sicher, ob das Teil passt? Kontaktieren Sie uns!<\/span><\/p>\n<\/div>\n","protected":false},"featured_media":171821,"comment_status":"open","ping_status":"closed","template":"","meta":[],"_links":{"self":[{"href":"https:\/\/lkw-teile-truckmotive.de\/index.php\/wp-json\/wp\/v2\/product\/48299"}],"collection":[{"href":"https:\/\/lkw-teile-truckmotive.de\/index.php\/wp-json\/wp\/v2\/product"}],"about":[{"href":"https:\/\/lkw-teile-truckmotive.de\/index.php\/wp-json\/wp\/v2\/types\/product"}],"replies":[{"embeddable":true,"href":"https:\/\/lkw-teile-truckmotive.de\/index.php\/wp-json\/wp\/v2\/comments?post=48299"}],"wp:featuredmedia":[{"embeddable":true,"href":"https:\/\/lkw-teile-truckmotive.de\/index.php\/wp-json\/wp\/v2\/media\/171821"}],"wp:attachment":[{"href":"https:\/\/lkw-teile-truckmotive.de\/index.php\/wp-json\/wp\/v2\/media?parent=48299"}],"curies":[{"name":"wp","href":"https:\/\/api.w.org\/{rel}","templated":true}]}}