{"id":48333,"date":"2021-12-03T01:11:47","date_gmt":"2021-12-03T00:11:47","guid":{"rendered":"https:\/\/lkw-teile-truckmotive.de\/index.php\/produkt\/deckel-adbluetank-mit-schluesseln-d60mm-mit-schluessel-passend-fuer-scania-volvo-renault"},"modified":"2026-02-12T16:01:13","modified_gmt":"2026-02-12T15:01:13","slug":"deckel-adbluetank-mit-schluesseln-d60mm-mit-schluessel-passend-fuer-scania-volvo-renault","status":"publish","type":"product","link":"https:\/\/lkw-teile-truckmotive.de\/index.php\/produkt\/deckel-adbluetank-mit-schluesseln-d60mm-mit-schluessel-passend-fuer-scania-volvo-renault","title":{"rendered":"Deckel Adbluetank mit Schl\u00fcsseln D=60mm mit Schl\u00fcssel passend f\u00fcr Scania, Volvo, Renault"},"content":{"rendered":"<div style=\"font-size:15px\">\n<h4>Deckel Adbluetank mit Schl\u00fcsseln D=60mm mit Schl\u00fcssel passend f\u00fcr Scania, Volvo, Renault<\/h4>\n<div class=\"table_info\">\n<p>Original Teblox Adblue Tankdeckel<\/p>\n<table>\n<tr>\n<td>f\u00fcr Tankstutzendurchmesser<\/td>\n<td>60mm<\/td>\n<\/tr>\n<tr>\n<td>Schl\u00fcsselanzahl<\/td>\n<td>2<\/td>\n<\/tr>\n<tr>\n<td>mit Sicherheitskette<\/td>\n<td>ja<\/td>\n<\/tr>\n<\/table>\n<\/p><\/div>\n<p>                <span style=\"font-size:1px;color:white\">Harnstoff, Einspritzung, Tankdeckel, Harnstoffeinspritzung, AdBlue<\/span><\/p>\n<h4>OE &amp; OEM Referenznummern:<\/h4>\n<p><a href=\"https:\/\/lkw-teile-truckmotive.de\/products\/41272013\">41272013<\/a>, <a href=\"https:\/\/lkw-teile-truckmotive.de\/products\/500025779\">500025779<\/a>, <a href=\"https:\/\/lkw-teile-truckmotive.de\/products\/41298191\">41298191<\/a>, <a href=\"https:\/\/lkw-teile-truckmotive.de\/products\/41298639\">41298639<\/a>, <a href=\"https:\/\/lkw-teile-truckmotive.de\/products\/21075529\">21075529<\/a>, <a href=\"https:\/\/lkw-teile-truckmotive.de\/products\/20703186\">20703186<\/a>, <a href=\"https:\/\/lkw-teile-truckmotive.de\/products\/7420740695\">7420740695<\/a>, <a href=\"https:\/\/lkw-teile-truckmotive.de\/products\/7420926022\">7420926022<\/a>, <a href=\"https:\/\/lkw-teile-truckmotive.de\/products\/20926021\">20926021<\/a>, <a href=\"https:\/\/lkw-teile-truckmotive.de\/products\/21106301\">21106301<\/a>, <a href=\"https:\/\/lkw-teile-truckmotive.de\/products\/21075530\">21075530<\/a><\/p>\n<p><span style=\"font-size:12px\"><b>Hinweis: <\/b><br \/>Alle aufgef\u00fchrten Marken, Referenzen sowie Vergleichsnummern dienen lediglich dem Vergleichszweck.<br \/>\nDie angebotenen Artikel sind, sofern nicht anders angegeben, Nachbauteile in Erstausr\u00fcsterqualit\u00e4t.<\/span><\/p>\n<details>\n<summary style=\"cursor: pointer;color: #06c;font-size: 15px\">Herstellerinformation<\/summary>\n<div class=\"manufacturer-info\" style=\"padding: 10px;border: 1px solid #888;margin-top: 10px;background-color: #f9f9f9\">\n<p><b>Truckmotive GmbH<\/b><br \/>Welschenkamp 18<br \/>DE-47138 Duisburg &#8211; DE<br \/>Tel.: <br \/>Mail: hallo@truckmotive.de<\/p>\n<\/p><\/div>\n<\/details><\/div>\n","protected":false},"excerpt":{"rendered":"<div style=\"font-size:15px\">\n<p style=\"font-size:17px;color:black\"><b>Lieferumfang:<\/b><\/p>\n<p style=\"padding-top:6px\">1x Adblue Tankdeckel \u00d860mm<\/p>\n<p><\/br><\/p>\n<p style=\"font-size:17px;color:black\"><b>Passend f\u00fcr<\/b><\/p>\n<ul style=\"padding-top:6px\">\n<li>Scania<\/li>\n<li>Volvo<\/li>\n<li>Renault<\/li>\n<\/ul>\n<p><span style=\"font-size:12px\">Das Ersatzteil passt unter anderem f\u00fcr die oben genannten Modelle. Bitte pr\u00fcfen Sie die Ersatzteil-Nummer, um eine Fehlbestellung zu vermeiden. Nicht sicher, ob das Teil passt? Kontaktieren Sie uns!<\/span><\/p>\n<\/div>\n","protected":false},"featured_media":174606,"comment_status":"open","ping_status":"closed","template":"","meta":[],"_links":{"self":[{"href":"https:\/\/lkw-teile-truckmotive.de\/index.php\/wp-json\/wp\/v2\/product\/48333"}],"collection":[{"href":"https:\/\/lkw-teile-truckmotive.de\/index.php\/wp-json\/wp\/v2\/product"}],"about":[{"href":"https:\/\/lkw-teile-truckmotive.de\/index.php\/wp-json\/wp\/v2\/types\/product"}],"replies":[{"embeddable":true,"href":"https:\/\/lkw-teile-truckmotive.de\/index.php\/wp-json\/wp\/v2\/comments?post=48333"}],"wp:featuredmedia":[{"embeddable":true,"href":"https:\/\/lkw-teile-truckmotive.de\/index.php\/wp-json\/wp\/v2\/media\/174606"}],"wp:attachment":[{"href":"https:\/\/lkw-teile-truckmotive.de\/index.php\/wp-json\/wp\/v2\/media?parent=48333"}],"curies":[{"name":"wp","href":"https:\/\/api.w.org\/{rel}","templated":true}]}}