{"id":48335,"date":"2021-12-03T01:11:50","date_gmt":"2021-12-03T00:11:50","guid":{"rendered":"https:\/\/lkw-teile-truckmotive.de\/index.php\/produkt\/4-76e-1l-praeparat-bremsenreiniger-kupplungsreiniger-500ml-universal-einsetzbar"},"modified":"2024-02-06T10:05:15","modified_gmt":"2024-02-06T09:05:15","slug":"4-76e-1l-praeparat-bremsenreiniger-kupplungsreiniger-500ml-universal-einsetzbar","status":"publish","type":"product","link":"https:\/\/lkw-teile-truckmotive.de\/index.php\/produkt\/4-76e-1l-praeparat-bremsenreiniger-kupplungsreiniger-500ml-universal-einsetzbar","title":{"rendered":"(5.47\u20ac\/1l) Pr\u00e4parat Bremsenreiniger Kupplungsreiniger 500ML universal einsetzbar"},"content":{"rendered":"<div style=\"font-size:15px\">\n<h4>Pr\u00e4parat Bremsenreiniger Kupplungsreiniger 500ML universal einsetzbar<\/h4>\n<div class=\"table_info\">\n<p>Original TEXTAR Bremsen \/ Kupplungs-Reiniger<\/p>\n<table>\n<tr>\n<td>Inhalt<\/td>\n<td>500ml<\/td>\n<\/tr>\n<tr>\n<td>Gebindeart<\/td>\n<td>Spr\u00fchdose<\/td>\n<\/tr>\n<\/table>\n<\/p><\/div>\n<p>                <span style=\"font-size:1px;color:white\">LKW, NFZ, Nutzfahrzeug, Ersatzteil, Reparatur, Austausch, Wartung, Bremsen, Reiniger, Kupplung, Getriebe, \u00d6l, Fett, Anlasser, entz\u00fcndlich, Textar, Bremsenreiniger, Gebinde, Spray, Spr\u00fchdose, PKW, Motorrad, Fahrrad, Maschinen, Werkzeug, reinigen, s\u00e4ubern, entfetten, universal, universell<\/span><\/p>\n<h4>OE &amp; OEM Referenznummern:<\/h4>\n<p><a href=\"https:\/\/lkw-teile-truckmotive.de\/products\/96000200\">96000200<\/a><\/p>\n<p><span style=\"font-size:12px\"><b>Hinweis: <\/b><br \/>Alle aufgef\u00fchrten Marken, Referenzen sowie Vergleichsnummern dienen lediglich dem Vergleichszweck.<br \/>\nDie angebotenen Artikel sind, sofern nicht anders angegeben, Nachbauteile in Erstausr\u00fcsterqualit\u00e4t.<\/span><\/p>\n<\/p><\/div>\n","protected":false},"excerpt":{"rendered":"<div style=\"font-size:15px\">\n<p style=\"font-size:17px;color:black\"><b>Lieferumfang:<\/b><\/p>\n<p style=\"padding-top:6px\">1x Textar Bremsenreiniger 500ml<\/p>\n<p><\/br><\/p>\n<p style=\"font-size:17px;color:black\"><b>Passend f\u00fcr<\/b><\/p>\n<ul style=\"padding-top:6px\">\n<li>Universell einsetzbar<\/li>\n<\/ul>\n<p><span style=\"font-size:12px\">Das Ersatzteil passt unter anderem f\u00fcr die oben genannten Modelle. Bitte pr\u00fcfen Sie die Ersatzteil-Nummer, um eine Fehlbestellung zu vermeiden. Nicht sicher, ob das Teil passt? Kontaktieren Sie uns!<\/span><\/p>\n<\/div>\n","protected":false},"featured_media":108032,"comment_status":"open","ping_status":"closed","template":"","meta":[],"_links":{"self":[{"href":"https:\/\/lkw-teile-truckmotive.de\/index.php\/wp-json\/wp\/v2\/product\/48335"}],"collection":[{"href":"https:\/\/lkw-teile-truckmotive.de\/index.php\/wp-json\/wp\/v2\/product"}],"about":[{"href":"https:\/\/lkw-teile-truckmotive.de\/index.php\/wp-json\/wp\/v2\/types\/product"}],"replies":[{"embeddable":true,"href":"https:\/\/lkw-teile-truckmotive.de\/index.php\/wp-json\/wp\/v2\/comments?post=48335"}],"wp:featuredmedia":[{"embeddable":true,"href":"https:\/\/lkw-teile-truckmotive.de\/index.php\/wp-json\/wp\/v2\/media\/108032"}],"wp:attachment":[{"href":"https:\/\/lkw-teile-truckmotive.de\/index.php\/wp-json\/wp\/v2\/media?parent=48335"}],"curies":[{"name":"wp","href":"https:\/\/api.w.org\/{rel}","templated":true}]}}