{"id":48358,"date":"2021-12-03T01:12:32","date_gmt":"2021-12-03T00:12:32","guid":{"rendered":"https:\/\/lkw-teile-truckmotive.de\/index.php\/produkt\/schluessel-drehmomentverstaerker-4200nm-mit-stecknuss-32mm-und-33mm-universal-einsetzbar"},"modified":"2025-05-11T19:04:27","modified_gmt":"2025-05-11T17:04:27","slug":"schluessel-drehmomentverstaerker-4200nm-mit-stecknuss-32mm-und-33mm-universal-einsetzbar","status":"publish","type":"product","link":"https:\/\/lkw-teile-truckmotive.de\/index.php\/produkt\/schluessel-drehmomentverstaerker-4200nm-mit-stecknuss-32mm-und-33mm-universal-einsetzbar","title":{"rendered":"Schl\u00fcssel Drehmomentverst\u00e4rker 4200NM mit Stecknuss 32mm und 33mm universal einsetzbar"},"content":{"rendered":"<div style=\"font-size:15px\">\n<h4>Schl\u00fcssel Drehmomentverst\u00e4rker 4200NM mit Stecknuss 32mm und 33mm universal einsetzbar<\/h4>\n<div class=\"table_info\">\n<p>Zum L\u00f6sen festsitzender Radmuttern bei LKW und Transportern<br \/>\n<font color=\"red\">ACHTUNG:<\/font> Nur zum L\u00f6sen verwenden. Die 1:56-fache \u00dcbersetzung f\u00fchrt sonst zu Sch\u00e4den an Schrauben, Gewinden und Muttern. Selbst hochfeste oder verrostete Radschrauben werden einfach gel\u00f6st.<br \/>\nOriginal Teblox Drehmomentverst\u00e4rker Satz<\/p>\n<table>\n<tr>\n<td>Innenvierkantantrieb<\/td>\n<td>1&#8243; (25.4mm)<\/td>\n<\/tr>\n<tr>\n<td>Drehmoment<\/td>\n<td>4200Nm<\/td>\n<\/tr>\n<tr>\n<td>\u00dcbersetzung<\/td>\n<td>1:56<\/td>\n<\/tr>\n<tr>\n<td>Verl\u00e4ngerung<\/td>\n<td>1<\/td>\n<\/tr>\n<tr>\n<td>Drehmomentverst\u00e4rker<\/td>\n<td>1<\/td>\n<\/tr>\n<tr>\n<td>Handkurbel<\/td>\n<td>1<\/td>\n<\/tr>\n<tr>\n<td>Stecknuss<\/td>\n<td>1x 32mm<\/td>\n<\/tr>\n<tr>\n<td>Stecknuss<\/td>\n<td>1x 33mm<\/td>\n<\/tr>\n<tr>\n<td>Koffer<\/td>\n<td>1<\/td>\n<\/tr>\n<tr>\n<td>Gewicht inkl. Koffer<\/td>\n<td>7520g<\/td>\n<\/tr>\n<\/table>\n<\/p><\/div>\n<p>                <span style=\"font-size:1px;color:white\">LKW, NFZ, Nutzfahrzeug, Reparatur, Wartung, Ersatz, Teil, Austausch, Ersatzteil, l\u00f6sen, Schl\u00fcssel, Drehmoment, Drehmomentschl\u00fcssel, Gewinde, Vierkantantrieb, Nm, 4200, Stecknuss, Koffer, universal, universell<\/span><\/p>\n<h4>OE &amp; OEM Referenznummern:<\/h4>\n<p><a href=\"https:\/\/lkw-teile-truckmotive.de\/products\/keine\">keine<\/a><\/p>\n<p><span style=\"font-size:12px\"><b>Hinweis: <\/b><br \/>Alle aufgef\u00fchrten Marken, Referenzen sowie Vergleichsnummern dienen lediglich dem Vergleichszweck.<br \/>\nDie angebotenen Artikel sind, sofern nicht anders angegeben, Nachbauteile in Erstausr\u00fcsterqualit\u00e4t.<\/span><\/p>\n<details>\n<summary style=\"cursor: pointer;color: #06c;font-size: 15px\">Herstellerinformation<\/summary>\n<div class=\"manufacturer-info\" style=\"padding: 10px;border: 1px solid #888;margin-top: 10px;background-color: #f9f9f9\">\n<p><b>Truckmotive GmbH<\/b><br \/>Welschenkamp 18<br \/>DE-47138 Duisburg &#8211; DE<br \/>Tel.: <br \/>Mail: hallo@truckmotive.de<\/p>\n<\/p><\/div>\n<\/details><\/div>\n","protected":false},"excerpt":{"rendered":"<div style=\"font-size:15px\">\n<p style=\"font-size:17px;color:black\"><b>Lieferumfang:<\/b><\/p>\n<p style=\"padding-top:6px\">1x Set Drehmomentverst\u00e4rker<\/p>\n<p><\/br><\/p>\n<p style=\"font-size:17px;color:black\"><b>Passend f\u00fcr<\/b><\/p>\n<ul style=\"padding-top:6px\">\n<li>universal einsetzbar<\/li>\n<\/ul>\n<p><span style=\"font-size:12px\">Das Ersatzteil passt unter anderem f\u00fcr die oben genannten Modelle. Bitte pr\u00fcfen Sie die Ersatzteil-Nummer, um eine Fehlbestellung zu vermeiden. Nicht sicher, ob das Teil passt? Kontaktieren Sie uns!<\/span><\/p>\n<\/div>\n","protected":false},"featured_media":152885,"comment_status":"open","ping_status":"closed","template":"","meta":[],"_links":{"self":[{"href":"https:\/\/lkw-teile-truckmotive.de\/index.php\/wp-json\/wp\/v2\/product\/48358"}],"collection":[{"href":"https:\/\/lkw-teile-truckmotive.de\/index.php\/wp-json\/wp\/v2\/product"}],"about":[{"href":"https:\/\/lkw-teile-truckmotive.de\/index.php\/wp-json\/wp\/v2\/types\/product"}],"replies":[{"embeddable":true,"href":"https:\/\/lkw-teile-truckmotive.de\/index.php\/wp-json\/wp\/v2\/comments?post=48358"}],"wp:featuredmedia":[{"embeddable":true,"href":"https:\/\/lkw-teile-truckmotive.de\/index.php\/wp-json\/wp\/v2\/media\/152885"}],"wp:attachment":[{"href":"https:\/\/lkw-teile-truckmotive.de\/index.php\/wp-json\/wp\/v2\/media?parent=48358"}],"curies":[{"name":"wp","href":"https:\/\/api.w.org\/{rel}","templated":true}]}}