{"id":69103,"date":"2022-06-10T12:18:08","date_gmt":"2022-06-10T10:18:08","guid":{"rendered":"https:\/\/lkw-teile-truckmotive.de\/index.php\/produkt\/gluehkerze-ansaugkruemmer-gf002-24v-passend-fuer-man-tga-tgl-tgm-tgs-tgx-mercedes-o-lk"},"modified":"2026-03-15T14:43:34","modified_gmt":"2026-03-15T13:43:34","slug":"gluehkerze-ansaugkruemmer-gf002-24v-passend-fuer-man-tga-tgl-tgm-tgs-tgx-mercedes-o-lk","status":"publish","type":"product","link":"https:\/\/lkw-teile-truckmotive.de\/index.php\/produkt\/gluehkerze-ansaugkruemmer-gf002-24v-passend-fuer-man-tga-tgl-tgm-tgs-tgx-mercedes-o-lk","title":{"rendered":"Gl\u00fchkerze Ansaugkr\u00fcmmer BorgWarner BERU GF002 24V passend f\u00fcr MAN TGA, TGL, TGM, TGS, TGX, Mercedes O, LK"},"content":{"rendered":"<div style=\"font-size:15px\">\n<h4>Gl\u00fchkerze Ansaugkr\u00fcmmer BorgWarner BERU GF002 24V passend f\u00fcr MAN TGA, TGL, TGM, TGS, TGX, Mercedes O, LK<\/h4>\n<div class=\"table_info\">\n<p>Original Beru GF002 Gl\u00fchkerze<\/p>\n<table>\n<tbody>\n<tr>\n<td>Spannung<\/td>\n<td>24V<\/td>\n<\/tr>\n<tr>\n<td>Stromst\u00e4rke<\/td>\n<td>14A<\/td>\n<\/tr>\n<tr>\n<td>Schl\u00fcsselweite<\/td>\n<td>21\/24<\/td>\n<\/tr>\n<tr>\n<td>Gewindema\u00df<\/td>\n<td>M20 x 1,5<\/td>\n<\/tr>\n<tr>\n<td>Ausf\u00fchrung<\/td>\n<td>Flammgl\u00fchkerze<\/td>\n<\/tr>\n<tr>\n<td>Anzugsdrehmoment [Nm]<\/td>\n<td>20<\/td>\n<\/tr>\n<tr>\n<td>L\u00e4nge<\/td>\n<td>100mm<\/td>\n<\/tr>\n<\/tbody>\n<\/table>\n<\/p><\/div>\n<p>                <span style=\"font-size:1px;color:white\">Gl\u00fchkerze, Standheizung, Heizung, Einbau, Ersatzteil, Reparatur, Heizung, Kerze, Flammgl\u00fchkerze, Ansaugkr\u00fcmmer, 14A, 24V<\/span><\/p>\n<h4>OE &amp; OEM Referenznummern:<\/h4>\n<p><a href=\"https:\/\/lkw-teile-truckmotive.de\/products\/3641590401\">3641590401<\/a>, <a href=\"https:\/\/lkw-teile-truckmotive.de\/products\/9061590101\">9061590101<\/a>, <a href=\"https:\/\/lkw-teile-truckmotive.de\/products\/51268030027\">51268030027<\/a>, <a href=\"https:\/\/lkw-teile-truckmotive.de\/products\/51268030032\">51268030032<\/a>, <a href=\"https:\/\/lkw-teile-truckmotive.de\/products\/51268030041\">51268030041<\/a>, <a href=\"https:\/\/lkw-teile-truckmotive.de\/products\/3661590301\">3661590301<\/a>, <a href=\"https:\/\/lkw-teile-truckmotive.de\/products\/3661590201\">3661590201<\/a>, <a href=\"https:\/\/lkw-teile-truckmotive.de\/products\/3661590401\">3661590401<\/a>, <a href=\"https:\/\/lkw-teile-truckmotive.de\/products\/3641590301\">3641590301<\/a>, <a href=\"https:\/\/lkw-teile-truckmotive.de\/products\/GF002\">GF002<\/a><\/p>\n<p><span style=\"font-size:12px\"><b>Hinweis: <\/b><br \/>Alle aufgef\u00fchrten Marken, Referenzen sowie Vergleichsnummern dienen lediglich dem Vergleichszweck.<br \/>\nDie angebotenen Artikel sind, sofern nicht anders angegeben, Nachbauteile in Erstausr\u00fcsterqualit\u00e4t.<\/span><\/p>\n<details>\n<summary style=\"cursor: pointer;color: #06c;font-size: 15px\">Herstellerinformation<\/summary>\n<div class=\"manufacturer-info\" style=\"padding: 10px;border: 1px solid #888;margin-top: 10px;background-color: #f9f9f9\">\n<p>N.A.<\/p>\n<\/p><\/div>\n<\/details><\/div>\n","protected":false},"excerpt":{"rendered":"<div style=\"font-size:15px\">\n<p style=\"font-size:17px;color:black\"><b>Lieferumfang:<\/b><\/p>\n<p style=\"padding-top:6px\">1x Gl\u00fchkerze Ansaugkr\u00fcmmer<\/p>\n<p><\/br><\/p>\n<p style=\"font-size:17px;color:black\"><b>Passend f\u00fcr<\/b><\/p>\n<ul style=\"padding-top:6px\">\n<li>MAN F90, G90, M90, F2000, L2000, M2000, NG, NL, SG, SL, TGA, TGL, TGM, TGS, TGX<\/li>\n<li>Mercedes-Benz LK, LN, O<\/li>\n<\/ul>\n<p><span style=\"font-size:12px\">Das Ersatzteil passt unter anderem f\u00fcr die oben genannten Modelle. Bitte pr\u00fcfen Sie die Ersatzteil-Nummer, um eine Fehlbestellung zu vermeiden. Nicht sicher, ob das Teil passt? Kontaktieren Sie uns!<\/span><\/p>\n<\/div>\n","protected":false},"featured_media":176990,"comment_status":"open","ping_status":"closed","template":"","meta":[],"_links":{"self":[{"href":"https:\/\/lkw-teile-truckmotive.de\/index.php\/wp-json\/wp\/v2\/product\/69103"}],"collection":[{"href":"https:\/\/lkw-teile-truckmotive.de\/index.php\/wp-json\/wp\/v2\/product"}],"about":[{"href":"https:\/\/lkw-teile-truckmotive.de\/index.php\/wp-json\/wp\/v2\/types\/product"}],"replies":[{"embeddable":true,"href":"https:\/\/lkw-teile-truckmotive.de\/index.php\/wp-json\/wp\/v2\/comments?post=69103"}],"wp:featuredmedia":[{"embeddable":true,"href":"https:\/\/lkw-teile-truckmotive.de\/index.php\/wp-json\/wp\/v2\/media\/176990"}],"wp:attachment":[{"href":"https:\/\/lkw-teile-truckmotive.de\/index.php\/wp-json\/wp\/v2\/media?parent=69103"}],"curies":[{"name":"wp","href":"https:\/\/api.w.org\/{rel}","templated":true}]}}