{"id":69678,"date":"2022-06-24T08:34:05","date_gmt":"2022-06-24T06:34:05","guid":{"rendered":"https:\/\/lkw-teile-truckmotive.de\/index.php\/produkt\/ventil-vierkreisschutzventil-vgl-9347022500-passend-fuer-mercedes-iveco"},"modified":"2025-05-11T18:15:47","modified_gmt":"2025-05-11T16:15:47","slug":"ventil-vierkreisschutzventil-vgl-9347022500-passend-fuer-mercedes-iveco","status":"publish","type":"product","link":"https:\/\/lkw-teile-truckmotive.de\/index.php\/produkt\/ventil-vierkreisschutzventil-vgl-9347022500-passend-fuer-mercedes-iveco","title":{"rendered":"Ventil Vierkreisschutzventil vgl. 9347022500 passend f\u00fcr Mercedes, Iveco"},"content":{"rendered":"<div style=\"font-size:15px\">\n<h4>Ventil Vierkreisschutzventil vgl. 9347022500 passend f\u00fcr Mercedes, Iveco<\/h4>\n<div class=\"table_info\">\n<p>Teblox Mehrkreisschutzventil &#8211; Vierkreisschutzventil<\/p>\n<table>\n<tr>\n<td>Betriebsdruck <\/td>\n<td>20 Bar<\/td>\n<\/tr>\n<tr>\n<td>\u00d6ffnungsdruck<\/td>\n<td>7 bar<\/td>\n<\/tr>\n<tr>\n<td>Schlie\u00dfdruck<\/td>\n<td>6.7 bar<\/td>\n<\/tr>\n<tr>\n<td>Gewindema\u00df 1<\/td>\n<td>M16 x 1.5<\/td>\n<\/tr>\n<tr>\n<td>Gewindema\u00df 2<\/td>\n<td>M22 x 1.5<\/td>\n<\/tr>\n<\/table>\n<\/p><\/div>\n<p>                <span style=\"font-size:1px;color:white\">LKW, NFZ, Ersatz, Teil, Ersatzteil, Austausch, Reparatur, Wartung, \u00dcberholung, Bremse, Anh\u00e4nger, Druckluftbremse, Drucksicherung, Bremskreise, Druckabfall, 4-Kreis-Schutzventil, DAF, Renault, K\u00f6gel, Scania, Mercedes<\/span><\/p>\n<h4>OE &amp; OEM Referenznummern:<\/h4>\n<p><a href=\"https:\/\/lkw-teile-truckmotive.de\/products\/9347022500\">9347022500<\/a>, <a href=\"https:\/\/lkw-teile-truckmotive.de\/products\/0034315006\">0034315006<\/a>, <a href=\"https:\/\/lkw-teile-truckmotive.de\/products\/0670766\">0670766<\/a>, <a href=\"https:\/\/lkw-teile-truckmotive.de\/products\/0024319106\">0024319106<\/a>, <a href=\"https:\/\/lkw-teile-truckmotive.de\/products\/1506418\">1506418<\/a>, <a href=\"https:\/\/lkw-teile-truckmotive.de\/products\/42085657\">42085657<\/a>, <a href=\"https:\/\/lkw-teile-truckmotive.de\/products\/0670766R\">0670766R<\/a>, <a href=\"https:\/\/lkw-teile-truckmotive.de\/products\/42078368\">42078368<\/a>, <a href=\"https:\/\/lkw-teile-truckmotive.de\/products\/0014319306\">0014319306<\/a>, <a href=\"https:\/\/lkw-teile-truckmotive.de\/products\/5021170357\">5021170357<\/a>, <a href=\"https:\/\/lkw-teile-truckmotive.de\/products\/0024310206\">0024310206<\/a>, <a href=\"https:\/\/lkw-teile-truckmotive.de\/products\/0024314006\">0024314006<\/a>, <a href=\"https:\/\/lkw-teile-truckmotive.de\/products\/670766A\">670766A<\/a>, <a href=\"https:\/\/lkw-teile-truckmotive.de\/products\/0024310106\">0024310106<\/a>, <a href=\"https:\/\/lkw-teile-truckmotive.de\/products\/670766R\">670766R<\/a>, <a href=\"https:\/\/lkw-teile-truckmotive.de\/products\/0014318906\">0014318906<\/a>, <a href=\"https:\/\/lkw-teile-truckmotive.de\/products\/0014318706\">0014318706<\/a>, <a href=\"https:\/\/lkw-teile-truckmotive.de\/products\/1935499\">1935499<\/a>, <a href=\"https:\/\/lkw-teile-truckmotive.de\/products\/42079915\">42079915<\/a>, <a href=\"https:\/\/lkw-teile-truckmotive.de\/products\/42085658\">42085658<\/a>, <a href=\"https:\/\/lkw-teile-truckmotive.de\/products\/0001142531\">0001142531<\/a>, <a href=\"https:\/\/lkw-teile-truckmotive.de\/products\/0024312706\">0024312706<\/a>, <a href=\"https:\/\/lkw-teile-truckmotive.de\/products\/670766\">670766<\/a>, <a href=\"https:\/\/lkw-teile-truckmotive.de\/products\/314028\">314028<\/a><\/p>\n<p><span style=\"font-size:12px\"><b>Hinweis: <\/b><br \/>Alle aufgef\u00fchrten Marken, Referenzen sowie Vergleichsnummern dienen lediglich dem Vergleichszweck.<br \/>\nDie angebotenen Artikel sind, sofern nicht anders angegeben, Nachbauteile in Erstausr\u00fcsterqualit\u00e4t.<\/span><\/p>\n<details>\n<summary style=\"cursor: pointer;color: #06c;font-size: 15px\">Herstellerinformation<\/summary>\n<div class=\"manufacturer-info\" style=\"padding: 10px;border: 1px solid #888;margin-top: 10px;background-color: #f9f9f9\">\n<p><b>Truckmotive GmbH<\/b><br \/>Welschenkamp 18<br \/>DE-47138 Duisburg &#8211; DE<br \/>Tel.: <br \/>Mail: hallo@truckmotive.de<\/p>\n<\/p><\/div>\n<\/details><\/div>\n","protected":false},"excerpt":{"rendered":"<div style=\"font-size:15px\">\n<p style=\"font-size:17px;color:black\"><b>Lieferumfang:<\/b><\/p>\n<p style=\"padding-top:6px\">1x Vierkreisschutzventil<\/p>\n<p><\/br><\/p>\n<p style=\"font-size:17px;color:black\"><b>Passend f\u00fcr<\/b><\/p>\n<ul style=\"padding-top:6px\">\n<li>Iveco MK, P\/PA-Huabenfahrzeuge<\/li>\n<li>Mercedes-Benz LK2, LN2, NG, O, SK<\/li>\n<\/ul>\n<p><span style=\"font-size:12px\">Das Ersatzteil passt unter anderem f\u00fcr die oben genannten Modelle. Bitte pr\u00fcfen Sie die Ersatzteil-Nummer, um eine Fehlbestellung zu vermeiden. Nicht sicher, ob das Teil passt? Kontaktieren Sie uns!<\/span><\/p>\n<\/div>\n","protected":false},"featured_media":151683,"comment_status":"open","ping_status":"closed","template":"","meta":[],"_links":{"self":[{"href":"https:\/\/lkw-teile-truckmotive.de\/index.php\/wp-json\/wp\/v2\/product\/69678"}],"collection":[{"href":"https:\/\/lkw-teile-truckmotive.de\/index.php\/wp-json\/wp\/v2\/product"}],"about":[{"href":"https:\/\/lkw-teile-truckmotive.de\/index.php\/wp-json\/wp\/v2\/types\/product"}],"replies":[{"embeddable":true,"href":"https:\/\/lkw-teile-truckmotive.de\/index.php\/wp-json\/wp\/v2\/comments?post=69678"}],"wp:featuredmedia":[{"embeddable":true,"href":"https:\/\/lkw-teile-truckmotive.de\/index.php\/wp-json\/wp\/v2\/media\/151683"}],"wp:attachment":[{"href":"https:\/\/lkw-teile-truckmotive.de\/index.php\/wp-json\/wp\/v2\/media?parent=69678"}],"curies":[{"name":"wp","href":"https:\/\/api.w.org\/{rel}","templated":true}]}}