{"id":70135,"date":"2022-07-08T22:23:05","date_gmt":"2022-07-08T20:23:05","guid":{"rendered":"https:\/\/lkw-teile-truckmotive.de\/index.php\/produkt\/oelwanne-passend-fuer-volvo-fh-12-fh-16-fm-12-fm-d12d"},"modified":"2026-01-19T16:16:11","modified_gmt":"2026-01-19T15:16:11","slug":"oelwanne-passend-fuer-volvo-fh-12-fh-16-fm-12-fm-d12d","status":"publish","type":"product","link":"https:\/\/lkw-teile-truckmotive.de\/index.php\/produkt\/oelwanne-passend-fuer-volvo-fh-12-fh-16-fm-12-fm-d12d","title":{"rendered":"\u00d6lwanne passend f\u00fcr Volvo FH 12, FH 16, FM 12, FM D12D"},"content":{"rendered":"<div style=\"font-size:15px\">\n<h4>\u00d6lwanne passend f\u00fcr Volvo FH 12, FH 16, FM 12, FM D12D<\/h4>\n<div class=\"table_info\">\n<p>Original Teblox \u00d6lwanne<\/p>\n<table>\n<tr>\n<td>Material<\/td>\n<td>Kunststoff<\/td>\n<\/tr>\n<\/table>\n<\/p><\/div>\n<p>                <span style=\"font-size:1px;color:white\">\u00d6lwanne, Wanne, \u00d6l, 10W40, Dichtung, \u00d6lfilter, \u00d6lwechsel, Volvo FH12, FH16, FM12, FM, D12D<\/span><\/p>\n<h4>OE &amp; OEM Referenznummern:<\/h4>\n<p><a href=\"https:\/\/lkw-teile-truckmotive.de\/products\/20464249\">20464249<\/a>, <a href=\"https:\/\/lkw-teile-truckmotive.de\/products\/20488239\">20488239<\/a>, <a href=\"https:\/\/lkw-teile-truckmotive.de\/products\/20573505\">20573505<\/a>, <a href=\"https:\/\/lkw-teile-truckmotive.de\/products\/20589651\">20589651<\/a>, <a href=\"https:\/\/lkw-teile-truckmotive.de\/products\/20702520\">20702520<\/a>, <a href=\"https:\/\/lkw-teile-truckmotive.de\/products\/8130171\">8130171<\/a><\/p>\n<p><span style=\"font-size:12px\"><b>Hinweis: <\/b><br \/>Alle aufgef\u00fchrten Marken, Referenzen sowie Vergleichsnummern dienen lediglich dem Vergleichszweck.<br \/>\nDie angebotenen Artikel sind, sofern nicht anders angegeben, Nachbauteile in Erstausr\u00fcsterqualit\u00e4t.<\/span><\/p>\n<details>\n<summary style=\"cursor: pointer;color: #06c;font-size: 15px\">Herstellerinformation<\/summary>\n<div class=\"manufacturer-info\" style=\"padding: 10px;border: 1px solid #888;margin-top: 10px;background-color: #f9f9f9\">\n<p><b>Truckmotive GmbH<\/b><br \/>Welschenkamp 18<br \/>DE-47138 Duisburg &#8211; DE<br \/>Tel.: <br \/>Mail: hallo@truckmotive.de<\/p>\n<\/p><\/div>\n<\/details><\/div>\n","protected":false},"excerpt":{"rendered":"<div style=\"font-size:15px\">\n<p style=\"font-size:17px;color:black\"><b>Lieferumfang:<\/b><\/p>\n<p style=\"padding-top:6px\">1x \u00d6lwanne<\/p>\n<p><\/br><\/p>\n<p style=\"font-size:17px;color:black\"><b>Passend f\u00fcr<\/b><\/p>\n<ul style=\"padding-top:6px\">\n<li>Volvo FH 12, FH 16, FM 12, FM<\/li>\n<\/ul>\n<p><span style=\"font-size:12px\">Das Ersatzteil passt unter anderem f\u00fcr die oben genannten Modelle. Bitte pr\u00fcfen Sie die Ersatzteil-Nummer, um eine Fehlbestellung zu vermeiden. Nicht sicher, ob das Teil passt? Kontaktieren Sie uns!<\/span><\/p>\n<\/div>\n","protected":false},"featured_media":172527,"comment_status":"open","ping_status":"closed","template":"","meta":[],"_links":{"self":[{"href":"https:\/\/lkw-teile-truckmotive.de\/index.php\/wp-json\/wp\/v2\/product\/70135"}],"collection":[{"href":"https:\/\/lkw-teile-truckmotive.de\/index.php\/wp-json\/wp\/v2\/product"}],"about":[{"href":"https:\/\/lkw-teile-truckmotive.de\/index.php\/wp-json\/wp\/v2\/types\/product"}],"replies":[{"embeddable":true,"href":"https:\/\/lkw-teile-truckmotive.de\/index.php\/wp-json\/wp\/v2\/comments?post=70135"}],"wp:featuredmedia":[{"embeddable":true,"href":"https:\/\/lkw-teile-truckmotive.de\/index.php\/wp-json\/wp\/v2\/media\/172527"}],"wp:attachment":[{"href":"https:\/\/lkw-teile-truckmotive.de\/index.php\/wp-json\/wp\/v2\/media?parent=70135"}],"curies":[{"name":"wp","href":"https:\/\/api.w.org\/{rel}","templated":true}]}}