{"id":70142,"date":"2022-07-08T22:31:04","date_gmt":"2022-07-08T20:31:04","guid":{"rendered":"https:\/\/lkw-teile-truckmotive.de\/index.php\/produkt\/oelwanne-passend-fuer-renault-serie-c-t-premium-volvo-fm-dxi-9-11-d9-11"},"modified":"2025-05-11T17:02:50","modified_gmt":"2025-05-11T15:02:50","slug":"oelwanne-passend-fuer-renault-serie-c-t-premium-volvo-fm-dxi-9-11-d9-11","status":"publish","type":"product","link":"https:\/\/lkw-teile-truckmotive.de\/index.php\/produkt\/oelwanne-passend-fuer-renault-serie-c-t-premium-volvo-fm-dxi-9-11-d9-11","title":{"rendered":"\u00d6lwanne passend f\u00fcr Renault Serie C, T, Premium, Volvo FM DXI 9, 11, D9, 11"},"content":{"rendered":"<div style=\"font-size:15px\">\n<h4>\u00d6lwanne passend f\u00fcr Renault Serie C, T, Premium, Volvo FM DXI 9, 11, D9, 11<\/h4>\n<div class=\"table_info\">\n<p>Original Teblox \u00d6lwanne<\/p>\n<table>\n<tr>\n<td>Material<\/td>\n<td>Kunststoff<\/td>\n<\/tr>\n<\/table>\n<\/p><\/div>\n<p>                <span style=\"font-size:1px;color:white\">\u00d6lwanne, Wanne, \u00d6l, 10W40, Dichtung, \u00d6lfilter, \u00d6lwechselMercedes, Volvo Renault, Serie C, Serie T, Premium, FM, DXI9, DXI11, D9, D11<\/span><\/p>\n<h4>OE &amp; OEM Referenznummern:<\/h4>\n<p><a href=\"https:\/\/lkw-teile-truckmotive.de\/products\/20801538\">20801538<\/a>, <a href=\"https:\/\/lkw-teile-truckmotive.de\/products\/22242776\">22242776<\/a>, <a href=\"https:\/\/lkw-teile-truckmotive.de\/products\/7420801538\">7420801538<\/a>, <a href=\"https:\/\/lkw-teile-truckmotive.de\/products\/7422242776\">7422242776<\/a><\/p>\n<p><span style=\"font-size:12px\"><b>Hinweis: <\/b><br \/>Alle aufgef\u00fchrten Marken, Referenzen sowie Vergleichsnummern dienen lediglich dem Vergleichszweck.<br \/>\nDie angebotenen Artikel sind, sofern nicht anders angegeben, Nachbauteile in Erstausr\u00fcsterqualit\u00e4t.<\/span><\/p>\n<details>\n<summary style=\"cursor: pointer;color: #06c;font-size: 15px\">Herstellerinformation<\/summary>\n<div class=\"manufacturer-info\" style=\"padding: 10px;border: 1px solid #888;margin-top: 10px;background-color: #f9f9f9\">\n<p><b>Truckmotive GmbH<\/b><br \/>Welschenkamp 18<br \/>DE-47138 Duisburg &#8211; DE<br \/>Tel.: <br \/>Mail: hallo@truckmotive.de<\/p>\n<\/p><\/div>\n<\/details><\/div>\n","protected":false},"excerpt":{"rendered":"<div style=\"font-size:15px\">\n<p style=\"font-size:17px;color:black\"><b>Lieferumfang:<\/b><\/p>\n<p style=\"padding-top:6px\">1x \u00d6lwanne<\/p>\n<p><\/br><\/p>\n<p style=\"font-size:17px;color:black\"><b>Passend f\u00fcr<\/b><\/p>\n<ul style=\"padding-top:6px\">\n<li>Renault Serie C, Serie T<\/li>\n<li>Renault Premium<\/li>\n<li>Volvo FM<\/li>\n<\/ul>\n<p><span style=\"font-size:12px\">Das Ersatzteil passt unter anderem f\u00fcr die oben genannten Modelle. Bitte pr\u00fcfen Sie die Ersatzteil-Nummer, um eine Fehlbestellung zu vermeiden. Nicht sicher, ob das Teil passt? Kontaktieren Sie uns!<\/span><\/p>\n<\/div>\n","protected":false},"featured_media":150159,"comment_status":"open","ping_status":"closed","template":"","meta":[],"_links":{"self":[{"href":"https:\/\/lkw-teile-truckmotive.de\/index.php\/wp-json\/wp\/v2\/product\/70142"}],"collection":[{"href":"https:\/\/lkw-teile-truckmotive.de\/index.php\/wp-json\/wp\/v2\/product"}],"about":[{"href":"https:\/\/lkw-teile-truckmotive.de\/index.php\/wp-json\/wp\/v2\/types\/product"}],"replies":[{"embeddable":true,"href":"https:\/\/lkw-teile-truckmotive.de\/index.php\/wp-json\/wp\/v2\/comments?post=70142"}],"wp:featuredmedia":[{"embeddable":true,"href":"https:\/\/lkw-teile-truckmotive.de\/index.php\/wp-json\/wp\/v2\/media\/150159"}],"wp:attachment":[{"href":"https:\/\/lkw-teile-truckmotive.de\/index.php\/wp-json\/wp\/v2\/media?parent=70142"}],"curies":[{"name":"wp","href":"https:\/\/api.w.org\/{rel}","templated":true}]}}