{"id":72501,"date":"2022-08-29T16:00:05","date_gmt":"2022-08-29T14:00:05","guid":{"rendered":"https:\/\/lkw-teile-truckmotive.de\/index.php\/produkt\/zentralausruecker-drucklager-kupplung-passt-fuer-mercedes-atego-axor-man-l2000"},"modified":"2025-05-11T17:26:27","modified_gmt":"2025-05-11T15:26:27","slug":"zentralausruecker-drucklager-kupplung-passt-fuer-mercedes-atego-axor-man-l2000","status":"publish","type":"product","link":"https:\/\/lkw-teile-truckmotive.de\/index.php\/produkt\/zentralausruecker-drucklager-kupplung-passt-fuer-mercedes-atego-axor-man-l2000","title":{"rendered":"Zentralausr\u00fccker Drucklager Kupplung passt f\u00fcr Mercedes Atego Axor MAN L2000"},"content":{"rendered":"<div style=\"font-size:15px\">\n<h4>Zentralausr\u00fccker Drucklager Kupplung passt f\u00fcr Mercedes Atego Axor MAN L2000<\/h4>\n<div class=\"table_info\">\n<p>Teblox Zentralausr\u00fccker &#8211; Kupplung<\/p>\n<table>\n<tbody>\n<tr>\n<td>Zus\u00e4tzliche Info<\/td>\n<td>ohne Sensor<\/td>\n<\/tr>\n<tr>\n<td>Material<\/td>\n<td>Aluminium<\/td>\n<\/tr>\n<tr>\n<td>F\u00fcllmedium<\/td>\n<td>Bremsfl\u00fcssigkeit<\/td>\n<\/tr>\n<tr>\n<td>Gewicht<\/td>\n<td>2270g<\/td>\n<\/tr>\n<tr>\n<td>Bohrung-\u00d8<\/td>\n<td>51mm<\/td>\n<\/tr>\n<\/tbody>\n<\/table>\n<\/p><\/div>\n<p>                <span style=\"font-size:1px;color:white\">LKW, NFZ, Lager, Ausr\u00fccker, Ausr\u00fccklager, Kupplung, Kupplungslager, Zentralausr\u00fccker, Drucklager, Gangwechsel, kuppeln, Kraftfluss, Bremsfl\u00fcssigkeit, Aluminium, 51mm, MAN, Mercedes, Atego, Tourino<\/span><\/p>\n<h4>OE &amp; OEM Referenznummern:<\/h4>\n<p><a href=\"https:\/\/lkw-teile-truckmotive.de\/products\/ZA5108.3.2\">ZA5108.3.2<\/a>, <a href=\"https:\/\/lkw-teile-truckmotive.de\/products\/ZA510832\">ZA510832<\/a>, <a href=\"https:\/\/lkw-teile-truckmotive.de\/products\/81305500091\">81305500091<\/a>, <a href=\"https:\/\/lkw-teile-truckmotive.de\/products\/0022502715\">0022502715<\/a>, <a href=\"https:\/\/lkw-teile-truckmotive.de\/products\/0022540320\">0022540320<\/a>, <a href=\"https:\/\/lkw-teile-truckmotive.de\/products\/A0022505115\">A0022505115<\/a>, <a href=\"https:\/\/lkw-teile-truckmotive.de\/products\/A0022503115\">A0022503115<\/a>, <a href=\"https:\/\/lkw-teile-truckmotive.de\/products\/0022502915\">0022502915<\/a>, <a href=\"https:\/\/lkw-teile-truckmotive.de\/products\/A0022540320\">A0022540320<\/a>, <a href=\"https:\/\/lkw-teile-truckmotive.de\/products\/A0022502915\">A0022502915<\/a>, <a href=\"https:\/\/lkw-teile-truckmotive.de\/products\/81305506101\">81305506101<\/a>, <a href=\"https:\/\/lkw-teile-truckmotive.de\/products\/41700-T1219\">41700-T1219<\/a>, <a href=\"https:\/\/lkw-teile-truckmotive.de\/products\/A0002500420\">A0002500420<\/a>, <a href=\"https:\/\/lkw-teile-truckmotive.de\/products\/0002543020\">0002543020<\/a>, <a href=\"https:\/\/lkw-teile-truckmotive.de\/products\/0022502115\">0022502115<\/a>, <a href=\"https:\/\/lkw-teile-truckmotive.de\/products\/0022501915\">0022501915<\/a>, <a href=\"https:\/\/lkw-teile-truckmotive.de\/products\/0022506615\">0022506615<\/a>, <a href=\"https:\/\/lkw-teile-truckmotive.de\/products\/A0022506615\">A0022506615<\/a>, <a href=\"https:\/\/lkw-teile-truckmotive.de\/products\/A0002540420\">A0002540420<\/a>, <a href=\"https:\/\/lkw-teile-truckmotive.de\/products\/0022503115\">0022503115<\/a>, <a href=\"https:\/\/lkw-teile-truckmotive.de\/products\/0022502215\">0022502215<\/a>, <a href=\"https:\/\/lkw-teile-truckmotive.de\/products\/3095402\">3095402<\/a>, <a href=\"https:\/\/lkw-teile-truckmotive.de\/products\/0002540320\">0002540320<\/a>, <a href=\"https:\/\/lkw-teile-truckmotive.de\/products\/81307166101\">81307166101<\/a>, <a href=\"https:\/\/lkw-teile-truckmotive.de\/products\/0002540420\">0002540420<\/a>, <a href=\"https:\/\/lkw-teile-truckmotive.de\/products\/81305500105\">81305500105<\/a>, <a href=\"https:\/\/lkw-teile-truckmotive.de\/products\/20376130\">20376130<\/a>, <a href=\"https:\/\/lkw-teile-truckmotive.de\/products\/X8882824\">X8882824<\/a>, <a href=\"https:\/\/lkw-teile-truckmotive.de\/products\/0002500420\">0002500420<\/a>, <a href=\"https:\/\/lkw-teile-truckmotive.de\/products\/0022505115\">0022505115<\/a>, <a href=\"https:\/\/lkw-teile-truckmotive.de\/products\/A0022540420\">A0022540420<\/a>, <a href=\"https:\/\/lkw-teile-truckmotive.de\/products\/3952876\">3952876<\/a>, <a href=\"https:\/\/lkw-teile-truckmotive.de\/products\/3953503\">3953503<\/a>, <a href=\"https:\/\/lkw-teile-truckmotive.de\/products\/0022540420\">0022540420<\/a>, <a href=\"https:\/\/lkw-teile-truckmotive.de\/products\/A0022501915\">A0022501915<\/a>, <a href=\"https:\/\/lkw-teile-truckmotive.de\/products\/A0002540320\">A0002540320<\/a>, <a href=\"https:\/\/lkw-teile-truckmotive.de\/products\/A0002543020\">A0002543020<\/a>, <a href=\"https:\/\/lkw-teile-truckmotive.de\/products\/A0022502115\">A0022502115<\/a>, <a href=\"https:\/\/lkw-teile-truckmotive.de\/products\/A0022502715\">A0022502715<\/a>, <a href=\"https:\/\/lkw-teile-truckmotive.de\/products\/A0022502215\">A0022502215<\/a>, <a href=\"https:\/\/lkw-teile-truckmotive.de\/products\/ZA510832\">ZA510832<\/a><\/p>\n<p><span style=\"font-size:12px\"><b>Hinweis: <\/b><br \/>Alle aufgef\u00fchrten Marken, Referenzen sowie Vergleichsnummern dienen lediglich dem Vergleichszweck.<br \/>\nDie angebotenen Artikel sind, sofern nicht anders angegeben, Nachbauteile in Erstausr\u00fcsterqualit\u00e4t.<\/span><\/p>\n<details>\n<summary style=\"cursor: pointer;color: #06c;font-size: 15px\">Herstellerinformation<\/summary>\n<div class=\"manufacturer-info\" style=\"padding: 10px;border: 1px solid #888;margin-top: 10px;background-color: #f9f9f9\">\n<p><b>Truckmotive GmbH<\/b><br \/>Welschenkamp 18<br \/>DE-47138 Duisburg &#8211; DE<br \/>Tel.: <br \/>Mail: hallo@truckmotive.de<\/p>\n<\/p><\/div>\n<\/details><\/div>\n","protected":false},"excerpt":{"rendered":"<div style=\"font-size:15px\">\n<p style=\"font-size:17px;color:black\"><b>Lieferumfang:<\/b><\/p>\n<p style=\"padding-top:6px\">1x Zentralausr\u00fccker<\/p>\n<p><\/br><\/p>\n<p style=\"font-size:17px;color:black\"><b>Passend f\u00fcr<\/b><\/p>\n<ul style=\"padding-top:6px\">\n<li>MAN L2000, M2000 L, M2000 M<\/li>\n<li>Mercedes-Benz Atego, Atego 2, Axor, Tourino<\/li>\n<\/ul>\n<p><span style=\"font-size:12px\">Das Ersatzteil passt unter anderem f\u00fcr die oben genannten Modelle. Bitte pr\u00fcfen Sie die Ersatzteil-Nummer, um eine Fehlbestellung zu vermeiden. Nicht sicher, ob das Teil passt? Kontaktieren Sie uns!<\/span><\/p>\n<\/div>\n","protected":false},"featured_media":150409,"comment_status":"open","ping_status":"closed","template":"","meta":[],"_links":{"self":[{"href":"https:\/\/lkw-teile-truckmotive.de\/index.php\/wp-json\/wp\/v2\/product\/72501"}],"collection":[{"href":"https:\/\/lkw-teile-truckmotive.de\/index.php\/wp-json\/wp\/v2\/product"}],"about":[{"href":"https:\/\/lkw-teile-truckmotive.de\/index.php\/wp-json\/wp\/v2\/types\/product"}],"replies":[{"embeddable":true,"href":"https:\/\/lkw-teile-truckmotive.de\/index.php\/wp-json\/wp\/v2\/comments?post=72501"}],"wp:featuredmedia":[{"embeddable":true,"href":"https:\/\/lkw-teile-truckmotive.de\/index.php\/wp-json\/wp\/v2\/media\/150409"}],"wp:attachment":[{"href":"https:\/\/lkw-teile-truckmotive.de\/index.php\/wp-json\/wp\/v2\/media?parent=72501"}],"curies":[{"name":"wp","href":"https:\/\/api.w.org\/{rel}","templated":true}]}}