{"id":72506,"date":"2022-08-29T16:01:06","date_gmt":"2022-08-29T14:01:06","guid":{"rendered":"https:\/\/lkw-teile-truckmotive.de\/index.php\/produkt\/zentralausruecker-drucklager-kupplung-passend-fuer-mercedes-benz-atego-axor-econic"},"modified":"2025-05-11T17:25:24","modified_gmt":"2025-05-11T15:25:24","slug":"zentralausruecker-drucklager-kupplung-passend-fuer-mercedes-benz-atego-axor-econic","status":"publish","type":"product","link":"https:\/\/lkw-teile-truckmotive.de\/index.php\/produkt\/zentralausruecker-drucklager-kupplung-passend-fuer-mercedes-benz-atego-axor-econic","title":{"rendered":"Zentralausr\u00fccker Drucklager Kupplung passend f\u00fcr Mercedes-Benz Atego Axor Econic"},"content":{"rendered":"<div style=\"font-size:15px\">\n<h4>Zentralausr\u00fccker Drucklager Kupplung passend f\u00fcr Mercedes-Benz Atego Axor Econic<\/h4>\n<div class=\"table_info\">\n<p>Teblox Zentralausr\u00fccker &#8211; Kupplung<\/p>\n<table>\n<tbody>\n<tr>\n<td>Zus\u00e4tzliche Info<\/td>\n<td>ohne Sensor<\/td>\n<\/tr>\n<tr>\n<td>Material<\/td>\n<td>Aluminium<\/td>\n<\/tr>\n<tr>\n<td>F\u00fcllmedium<\/td>\n<td>Mineral\u00f6l<\/td>\n<\/tr>\n<tr>\n<td>Gewicht<\/td>\n<td>2320g<\/td>\n<\/tr>\n<tr>\n<td>Bohrung-\u00d8<\/td>\n<td>51mm<\/td>\n<\/tr>\n<\/tbody>\n<\/table>\n<\/p><\/div>\n<p>                <span style=\"font-size:1px;color:white\">KW, NFZ, Lager, Ausr\u00fccker, Ausr\u00fccklager, Kupplung, Kupplungslager, Zentralausr\u00fccker, Drucklager, Gangwechsel, kuppeln, Kraftfluss, Mineral\u00f6l, Aluminium, 51mm, Econic, Zetros, Benz, hydraulisch, <\/span><\/p>\n<h4>OE &amp; OEM Referenznummern:<\/h4>\n<p><a href=\"https:\/\/lkw-teile-truckmotive.de\/products\/MZA5108.3.2\">MZA5108.3.2<\/a>, <a href=\"https:\/\/lkw-teile-truckmotive.de\/products\/MZA510832\">MZA510832<\/a>, <a href=\"https:\/\/lkw-teile-truckmotive.de\/products\/0022505515\">0022505515<\/a>, <a href=\"https:\/\/lkw-teile-truckmotive.de\/products\/A0022507315\">A0022507315<\/a><\/p>\n<p><span style=\"font-size:12px\"><b>Hinweis: <\/b><br \/>Alle aufgef\u00fchrten Marken, Referenzen sowie Vergleichsnummern dienen lediglich dem Vergleichszweck.<br \/>\nDie angebotenen Artikel sind, sofern nicht anders angegeben, Nachbauteile in Erstausr\u00fcsterqualit\u00e4t.<\/span><\/p>\n<details>\n<summary style=\"cursor: pointer;color: #06c;font-size: 15px\">Herstellerinformation<\/summary>\n<div class=\"manufacturer-info\" style=\"padding: 10px;border: 1px solid #888;margin-top: 10px;background-color: #f9f9f9\">\n<p><b>Truckmotive GmbH<\/b><br \/>Welschenkamp 18<br \/>DE-47138 Duisburg &#8211; DE<br \/>Tel.: <br \/>Mail: hallo@truckmotive.de<\/p>\n<\/p><\/div>\n<\/details><\/div>\n","protected":false},"excerpt":{"rendered":"<div style=\"font-size:15px\">\n<p style=\"font-size:17px;color:black\"><b>Lieferumfang:<\/b><\/p>\n<p style=\"padding-top:6px\">1x Zentralausr\u00fccker<\/p>\n<p><\/br><\/p>\n<p style=\"font-size:17px;color:black\"><b>Passend f\u00fcr<\/b><\/p>\n<ul style=\"padding-top:6px\">\n<li>Mercedes-Benz Atego, Atego 2, Axor 2, Econic, Zetros<\/li>\n<\/ul>\n<p><span style=\"font-size:12px\">Das Ersatzteil passt unter anderem f\u00fcr die oben genannten Modelle. Bitte pr\u00fcfen Sie die Ersatzteil-Nummer, um eine Fehlbestellung zu vermeiden. Nicht sicher, ob das Teil passt? Kontaktieren Sie uns!<\/span><\/p>\n<\/div>\n","protected":false},"featured_media":150373,"comment_status":"open","ping_status":"closed","template":"","meta":[],"_links":{"self":[{"href":"https:\/\/lkw-teile-truckmotive.de\/index.php\/wp-json\/wp\/v2\/product\/72506"}],"collection":[{"href":"https:\/\/lkw-teile-truckmotive.de\/index.php\/wp-json\/wp\/v2\/product"}],"about":[{"href":"https:\/\/lkw-teile-truckmotive.de\/index.php\/wp-json\/wp\/v2\/types\/product"}],"replies":[{"embeddable":true,"href":"https:\/\/lkw-teile-truckmotive.de\/index.php\/wp-json\/wp\/v2\/comments?post=72506"}],"wp:featuredmedia":[{"embeddable":true,"href":"https:\/\/lkw-teile-truckmotive.de\/index.php\/wp-json\/wp\/v2\/media\/150373"}],"wp:attachment":[{"href":"https:\/\/lkw-teile-truckmotive.de\/index.php\/wp-json\/wp\/v2\/media?parent=72506"}],"curies":[{"name":"wp","href":"https:\/\/api.w.org\/{rel}","templated":true}]}}