{"id":72534,"date":"2022-08-29T16:36:04","date_gmt":"2022-08-29T14:36:04","guid":{"rendered":"https:\/\/lkw-teile-truckmotive.de\/index.php\/produkt\/tank-bremsfluessigkeit-passend-fuer-schaltbetaetigung-steuergeraet-getriebe-fuer-mercedes-benz-actros-atego-axor"},"modified":"2025-05-11T17:57:24","modified_gmt":"2025-05-11T15:57:24","slug":"tank-bremsfluessigkeit-passend-fuer-schaltbetaetigung-steuergeraet-getriebe-fuer-mercedes-benz-actros-atego-axor","status":"publish","type":"product","link":"https:\/\/lkw-teile-truckmotive.de\/index.php\/produkt\/tank-bremsfluessigkeit-passend-fuer-schaltbetaetigung-steuergeraet-getriebe-fuer-mercedes-benz-actros-atego-axor","title":{"rendered":"Tank Bremsfl\u00fcssigkeit passend f\u00fcr Schaltbet\u00e4tigung Steuerger\u00e4t Getriebe f\u00fcr Mercedes-Benz Actros Atego Axor"},"content":{"rendered":"<div style=\"font-size:15px\">\n<h4>Tank Bremsfl\u00fcssigkeit passend f\u00fcr Schaltbet\u00e4tigung Steuerger\u00e4t Getriebe f\u00fcr Mercedes-Benz Actros Atego Axor<\/h4>\n<div class=\"table_info\">\n<p>Teblox Tank Steuerger\u00e4t &#8211; Schaltbet\u00e4tigung<\/p>\n<table>\n<tbody>\n<tr>\n<td>Gewicht<\/td>\n<td>720g<\/td>\n<\/tr>\n<tr>\n<td>F\u00fcllmedium<\/td>\n<td>Bremsfl\u00fcssigkeit<\/td>\n<\/tr>\n<tr>\n<td>f\u00fcr Steuerger\u00e4te<\/td>\n<td>0002604098, 0002607198, 626321AM<\/td>\n<\/tr>\n<\/tbody>\n<\/table>\n<\/p><\/div>\n<p>                <span style=\"font-size:1px;color:white\">LKW, NFZ, Ersatz, Ersatzteil, Hydraulik, Pneumatik, Hydropneumatisch, Getriebe, Schaltung, Automatik, Schalthebel, Schaltbet\u00e4tigung, Schaltger\u00e4t, Atego, Actros, HPS, MP2, MP3, Axor, Tank<\/span><\/p>\n<h4>OE &amp; OEM Referenznummern:<\/h4>\n<p><a href=\"https:\/\/lkw-teile-truckmotive.de\/products\/626077AM\">626077AM<\/a>, <a href=\"https:\/\/lkw-teile-truckmotive.de\/products\/0002680794\">0002680794<\/a>, <a href=\"https:\/\/lkw-teile-truckmotive.de\/products\/002600194\">002600194<\/a>, <a href=\"https:\/\/lkw-teile-truckmotive.de\/products\/0002604098\">0002604098<\/a>, <a href=\"https:\/\/lkw-teile-truckmotive.de\/products\/0002607198\">0002607198<\/a>, <a href=\"https:\/\/lkw-teile-truckmotive.de\/products\/626321AM\">626321AM<\/a><\/p>\n<p><span style=\"font-size:12px\"><b>Hinweis: <\/b><br \/>Alle aufgef\u00fchrten Marken, Referenzen sowie Vergleichsnummern dienen lediglich dem Vergleichszweck.<br \/>\nDie angebotenen Artikel sind, sofern nicht anders angegeben, Nachbauteile in Erstausr\u00fcsterqualit\u00e4t.<\/span><\/p>\n<details>\n<summary style=\"cursor: pointer;color: #06c;font-size: 15px\">Herstellerinformation<\/summary>\n<div class=\"manufacturer-info\" style=\"padding: 10px;border: 1px solid #888;margin-top: 10px;background-color: #f9f9f9\">\n<p><b>Truckmotive GmbH<\/b><br \/>Welschenkamp 18<br \/>DE-47138 Duisburg &#8211; DE<br \/>Tel.: <br \/>Mail: hallo@truckmotive.de<\/p>\n<\/p><\/div>\n<\/details><\/div>\n","protected":false},"excerpt":{"rendered":"<div style=\"font-size:15px\">\n<p style=\"font-size:17px;color:black\"><b>Lieferumfang:<\/b><\/p>\n<p style=\"padding-top:6px\">1x Tank<\/p>\n<p><\/br><\/p>\n<p style=\"font-size:17px;color:black\"><b>Passend f\u00fcr<\/b><\/p>\n<ul style=\"padding-top:6px\">\n<li>Mercedes-Benz Actros, Atego, Axor 2, Actros 2, Actros 3<\/li>\n<\/ul>\n<p><span style=\"font-size:12px\">Das Ersatzteil passt unter anderem f\u00fcr die oben genannten Modelle. Bitte pr\u00fcfen Sie die Ersatzteil-Nummer, um eine Fehlbestellung zu vermeiden. Nicht sicher, ob das Teil passt? Kontaktieren Sie uns!<\/span><\/p>\n<\/div>\n","protected":false},"featured_media":151135,"comment_status":"open","ping_status":"closed","template":"","meta":[],"_links":{"self":[{"href":"https:\/\/lkw-teile-truckmotive.de\/index.php\/wp-json\/wp\/v2\/product\/72534"}],"collection":[{"href":"https:\/\/lkw-teile-truckmotive.de\/index.php\/wp-json\/wp\/v2\/product"}],"about":[{"href":"https:\/\/lkw-teile-truckmotive.de\/index.php\/wp-json\/wp\/v2\/types\/product"}],"replies":[{"embeddable":true,"href":"https:\/\/lkw-teile-truckmotive.de\/index.php\/wp-json\/wp\/v2\/comments?post=72534"}],"wp:featuredmedia":[{"embeddable":true,"href":"https:\/\/lkw-teile-truckmotive.de\/index.php\/wp-json\/wp\/v2\/media\/151135"}],"wp:attachment":[{"href":"https:\/\/lkw-teile-truckmotive.de\/index.php\/wp-json\/wp\/v2\/media?parent=72534"}],"curies":[{"name":"wp","href":"https:\/\/api.w.org\/{rel}","templated":true}]}}