{"id":92790,"date":"2023-08-07T11:51:05","date_gmt":"2023-08-07T09:51:05","guid":{"rendered":"https:\/\/lkw-teile-truckmotive.de\/index.php\/produkt\/ventil-druckventil-kraftstoff-common-rail-man-tga-s-x-12r-bosch"},"modified":"2025-05-11T17:11:40","modified_gmt":"2025-05-11T15:11:40","slug":"ventil-druckventil-kraftstoff-common-rail-man-tga-s-x-12r-bosch","status":"publish","type":"product","link":"https:\/\/lkw-teile-truckmotive.de\/index.php\/produkt\/ventil-druckventil-kraftstoff-common-rail-man-tga-s-x-12r-bosch","title":{"rendered":"Ventil Druckbegrenzungsventil BOSCH 1110010028 Common-Rail-System passt f\u00fcr Volvo MAN"},"content":{"rendered":"<div style=\"font-size:15px\">\n<h4>Ventil Druckbegrenzungsventil BOSCH 1110010028 Common-Rail-System passt f\u00fcr Volvo MAN<\/h4>\n<div class=\"table_info\">\n<p>BOSCH 1110010028 Druckbegrenzungsventil Common-Rail-System<\/p>\n<table>\n<tbody>\n<tr>\n<td>Gewindema\u00df<\/td>\n<td>M20 x 1,5<\/td>\n<\/tr>\n<tr>\n<td>Schl\u00fcsselweite<\/td>\n<td>27<\/td>\n<\/tr>\n<\/tbody>\n<\/table>\n<\/p><\/div>\n<p>                <span style=\"font-size:1px;color:white\">LKW, NFZ, Nutzfahrzeug, Reparatur, Wartung, Ersatz, Teil, Austausch, Ersatzteil, \u00dcberholung, Ventil, \u00dcberdruckventil, Sicherheitsventil, Druckbegrenzungsventil, \u00dcberdruckabsicherung, Pumpendruck<\/span><\/p>\n<h4>OE &amp; OEM Referenznummern:<\/h4>\n<p><a href=\"https:\/\/lkw-teile-truckmotive.de\/products\/3588337\">3588337<\/a>, <a href=\"https:\/\/lkw-teile-truckmotive.de\/products\/3884350\">3884350<\/a>, <a href=\"https:\/\/lkw-teile-truckmotive.de\/products\/51103040291\">51103040291<\/a>, <a href=\"https:\/\/lkw-teile-truckmotive.de\/products\/7420793590\">7420793590<\/a>, <a href=\"https:\/\/lkw-teile-truckmotive.de\/products\/504088436\">504088436<\/a>, <a href=\"https:\/\/lkw-teile-truckmotive.de\/products\/20793590\">20793590<\/a>, <a href=\"https:\/\/lkw-teile-truckmotive.de\/products\/51103040278\">51103040278<\/a>, <a href=\"https:\/\/lkw-teile-truckmotive.de\/products\/42562997\">42562997<\/a>, <a href=\"https:\/\/lkw-teile-truckmotive.de\/products\/1110010022\">1110010022<\/a><\/p>\n<p><span style=\"font-size:12px\"><b>Hinweis: <\/b><br \/>Alle aufgef\u00fchrten Marken, Referenzen sowie Vergleichsnummern dienen lediglich dem Vergleichszweck.<br \/>\nDie angebotenen Artikel sind, sofern nicht anders angegeben, Nachbauteile in Erstausr\u00fcsterqualit\u00e4t.<\/span><\/p>\n<details>\n<summary style=\"cursor: pointer;color: #06c;font-size: 15px\">Herstellerinformation<\/summary>\n<div class=\"manufacturer-info\" style=\"padding: 10px;border: 1px solid #888;margin-top: 10px;background-color: #f9f9f9\">\n<p><b>Robert Bosch GmbH<\/b><br \/>Robert-Bosch-Platz 1<br \/>DE-70839 Gerlingen-Schillerh\u00f6he &#8211; DE<br \/>Tel.: +49 711 400 40990<br \/>Mail: kontakt@bosch.de<\/p>\n<\/p><\/div>\n<\/details><\/div>\n","protected":false},"excerpt":{"rendered":"<div style=\"font-size:15px\">\n<p style=\"font-size:17px;color:black\"><b>Lieferumfang:<\/b><\/p>\n<p style=\"padding-top:6px\">1x Druckbegrenzungsventil Common-Rail-System<\/p>\n<p><\/br><\/p>\n<p style=\"font-size:17px;color:black\"><b>Passend f\u00fcr<\/b><\/p>\n<ul style=\"padding-top:6px\">\n<li>VOLVO FE, FL II, FL III, FE II<\/li>\n<li>MAN TGL, TGM, TGX<\/li>\n<\/ul>\n<p><span style=\"font-size:12px\">Das Ersatzteil passt unter anderem f\u00fcr die oben genannten Modelle. Bitte pr\u00fcfen Sie die Ersatzteil-Nummer, um eine Fehlbestellung zu vermeiden. Nicht sicher, ob das Teil passt? Kontaktieren Sie uns!<\/span><\/p>\n<\/div>\n","protected":false},"featured_media":150249,"comment_status":"open","ping_status":"closed","template":"","meta":[],"_links":{"self":[{"href":"https:\/\/lkw-teile-truckmotive.de\/index.php\/wp-json\/wp\/v2\/product\/92790"}],"collection":[{"href":"https:\/\/lkw-teile-truckmotive.de\/index.php\/wp-json\/wp\/v2\/product"}],"about":[{"href":"https:\/\/lkw-teile-truckmotive.de\/index.php\/wp-json\/wp\/v2\/types\/product"}],"replies":[{"embeddable":true,"href":"https:\/\/lkw-teile-truckmotive.de\/index.php\/wp-json\/wp\/v2\/comments?post=92790"}],"wp:featuredmedia":[{"embeddable":true,"href":"https:\/\/lkw-teile-truckmotive.de\/index.php\/wp-json\/wp\/v2\/media\/150249"}],"wp:attachment":[{"href":"https:\/\/lkw-teile-truckmotive.de\/index.php\/wp-json\/wp\/v2\/media?parent=92790"}],"curies":[{"name":"wp","href":"https:\/\/api.w.org\/{rel}","templated":true}]}}