{"id":92869,"date":"2023-08-08T11:18:06","date_gmt":"2023-08-08T09:18:06","guid":{"rendered":"https:\/\/lkw-teile-truckmotive.de\/index.php\/produkt\/lager-ausruecklager-kupplungslager-kzisz-5-passend-fuer-daf-cf-cf75-cf85-xf-xf95-xf105-man-tga-tgl-tgm-tgs-tgx"},"modified":"2026-04-15T15:25:24","modified_gmt":"2026-04-15T13:25:24","slug":"lager-ausruecklager-kupplungslager-kzisz-5-passend-fuer-daf-cf-cf75-cf85-xf-xf95-xf105-man-tga-tgl-tgm-tgs-tgx","status":"publish","type":"product","link":"https:\/\/lkw-teile-truckmotive.de\/index.php\/produkt\/lager-ausruecklager-kupplungslager-kzisz-5-passend-fuer-daf-cf-cf75-cf85-xf-xf95-xf105-man-tga-tgl-tgm-tgs-tgx","title":{"rendered":"Lager Ausr\u00fccklager Kupplungslager Sachs 3151000493 KZISZ-5 passend f\u00fcr DAF CF, CF75, CF85, XF, XF95, XF105, MAN TGA, TGL, TGM, TGS, TGX"},"content":{"rendered":"<div style=\"font-size:15px\">\n<h4>Lager Ausr\u00fccklager Kupplungslager Sachs 3151000493 KZISZ-5 passend f\u00fcr DAF CF, CF75, CF85, XF, XF95, XF105, MAN TGA, TGL, TGM, TGS, TGX<\/h4>\n<div class=\"table_info\">\n<p>Original SACHS Ausr\u00fccklager<\/p>\n<table>\n<tr>\n<td>Kenngr\u00f6\u00dfe<\/td>\n<td>KZISZ-5<\/td>\n<\/tr>\n<tr>\n<td>Erg\u00e4nzende Info<\/td>\n<td>f\u00fcr Ausr\u00fccklager mit Rollen<\/td>\n<\/tr>\n<\/table>\n<\/p><\/div>\n<p>                <span style=\"font-size:1px;color:white\">LKW, NFZ, Nutzfahrzeug, Reparatur, Wartung, Ersatz, Teil, Austausch, Ersatzteil, \u00dcberholung, Lager, Ausr\u00fccklager, Rollen, KZISZ-5, Ausr\u00fccker, Zentralausr\u00fccker, Kupplung, Motor, Getriebe, Ausr\u00fcckhebel, Gangwechsel, Einkuppeln, Auskuppeln, DAF, Renault, Volvo, MAN, SACHS<\/span><\/p>\n<h4>OE &amp; OEM Referenznummern:<\/h4>\n<p><a href=\"https:\/\/lkw-teile-truckmotive.de\/products\/503138923\">503138923<\/a>, <a href=\"https:\/\/lkw-teile-truckmotive.de\/products\/81305500249\">81305500249<\/a>, <a href=\"https:\/\/lkw-teile-truckmotive.de\/products\/81305500264\">81305500264<\/a>, <a href=\"https:\/\/lkw-teile-truckmotive.de\/products\/1686642\">1686642<\/a>, <a href=\"https:\/\/lkw-teile-truckmotive.de\/products\/504237895\">504237895<\/a>, <a href=\"https:\/\/lkw-teile-truckmotive.de\/products\/0032508015\">0032508015<\/a>, <a href=\"https:\/\/lkw-teile-truckmotive.de\/products\/504385080\">504385080<\/a>, <a href=\"https:\/\/lkw-teile-truckmotive.de\/products\/81305500255\">81305500255<\/a>, <a href=\"https:\/\/lkw-teile-truckmotive.de\/products\/500024666\">500024666<\/a>, <a href=\"https:\/\/lkw-teile-truckmotive.de\/products\/10492338\">10492338<\/a>, <a href=\"https:\/\/lkw-teile-truckmotive.de\/products\/81324120006\">81324120006<\/a>, <a href=\"https:\/\/lkw-teile-truckmotive.de\/products\/7485127008\">7485127008<\/a>, <a href=\"https:\/\/lkw-teile-truckmotive.de\/products\/1746150\">1746150<\/a>, <a href=\"https:\/\/lkw-teile-truckmotive.de\/products\/81305500270\">81305500270<\/a>, <a href=\"https:\/\/lkw-teile-truckmotive.de\/products\/81305500118\">81305500118<\/a>, <a href=\"https:\/\/lkw-teile-truckmotive.de\/products\/1912687\">1912687<\/a>, <a href=\"https:\/\/lkw-teile-truckmotive.de\/products\/503138923\">503138923<\/a>, <a href=\"https:\/\/lkw-teile-truckmotive.de\/products\/504264338\">504264338<\/a>, <a href=\"https:\/\/lkw-teile-truckmotive.de\/products\/7485137875\">7485137875<\/a>, <a href=\"https:\/\/lkw-teile-truckmotive.de\/products\/1822487\">1822487<\/a>, <a href=\"https:\/\/lkw-teile-truckmotive.de\/products\/1822997\">1822997<\/a>, <a href=\"https:\/\/lkw-teile-truckmotive.de\/products\/81305500251\">81305500251<\/a>, <a href=\"https:\/\/lkw-teile-truckmotive.de\/products\/1830316\">1830316<\/a>, <a href=\"https:\/\/lkw-teile-truckmotive.de\/products\/0032502215\">0032502215<\/a>, <a href=\"https:\/\/lkw-teile-truckmotive.de\/products\/504385080\">504385080<\/a>, <a href=\"https:\/\/lkw-teile-truckmotive.de\/products\/504237895\">504237895<\/a>, <a href=\"https:\/\/lkw-teile-truckmotive.de\/products\/81605500264\">81605500264<\/a>, <a href=\"https:\/\/lkw-teile-truckmotive.de\/products\/1697725\">1697725<\/a>, <a href=\"https:\/\/lkw-teile-truckmotive.de\/products\/0002543208\">0002543208<\/a>, <a href=\"https:\/\/lkw-teile-truckmotive.de\/products\/0032508315\">0032508315<\/a>, <a href=\"https:\/\/lkw-teile-truckmotive.de\/products\/3151000493\">3151000493<\/a>, <a href=\"https:\/\/lkw-teile-truckmotive.de\/products\/500117110\">500117110<\/a>, <a href=\"https:\/\/lkw-teile-truckmotive.de\/products\/81305500288\">81305500288<\/a><\/p>\n<p><span style=\"font-size:12px\"><b>Hinweis: <\/b><br \/>Alle aufgef\u00fchrten Marken, Referenzen sowie Vergleichsnummern dienen lediglich dem Vergleichszweck.<br \/>\nDie angebotenen Artikel sind, sofern nicht anders angegeben, Nachbauteile in Erstausr\u00fcsterqualit\u00e4t.<\/span><\/p>\n<details>\n<summary style=\"cursor: pointer;color: #06c;font-size: 15px\">Herstellerinformation<\/summary>\n<div class=\"manufacturer-info\" style=\"padding: 10px;border: 1px solid #888;margin-top: 10px;background-color: #f9f9f9\">\n<p><b>SACHS PRODUCTS GmbH<\/b><br \/>Robert-Bosch-Str.1<br \/>DE-78234 Engen &#8211; DE<br \/>Tel.: +49 7733 503 99 10<br \/>Mail: info@sachs-engineering.de<\/p>\n<\/p><\/div>\n<\/details><\/div>\n","protected":false},"excerpt":{"rendered":"<div style=\"font-size:15px\">\n<p style=\"font-size:17px;color:black\"><b>Lieferumfang:<\/b><\/p>\n<p style=\"padding-top:6px\">1x Ausr\u00fccklager<\/p>\n<p><\/br><\/p>\n<p style=\"font-size:17px;color:black\"><b>Passend f\u00fcr<\/b><\/p>\n<ul style=\"padding-top:6px\">\n<li>DAF CF, CF75, CF85, XF, XF95, XF105<\/li>\n<li>Iveco EuroCargo 5, Stralis, Trakker<\/li>\n<li>Volvo B7<\/li>\n<li>MAN TGA, TGL, TGM, TGS, TGX<\/li>\n<li>MAN Lion\u00b4s Coach, Star, City<\/li>\n<\/ul>\n<p><span style=\"font-size:12px\">Das Ersatzteil passt unter anderem f\u00fcr die oben genannten Modelle. Bitte pr\u00fcfen Sie die Ersatzteil-Nummer, um eine Fehlbestellung zu vermeiden. Nicht sicher, ob das Teil passt? Kontaktieren Sie uns!<\/span><\/p>\n<\/div>\n","protected":false},"featured_media":178887,"comment_status":"open","ping_status":"closed","template":"","meta":[],"_links":{"self":[{"href":"https:\/\/lkw-teile-truckmotive.de\/index.php\/wp-json\/wp\/v2\/product\/92869"}],"collection":[{"href":"https:\/\/lkw-teile-truckmotive.de\/index.php\/wp-json\/wp\/v2\/product"}],"about":[{"href":"https:\/\/lkw-teile-truckmotive.de\/index.php\/wp-json\/wp\/v2\/types\/product"}],"replies":[{"embeddable":true,"href":"https:\/\/lkw-teile-truckmotive.de\/index.php\/wp-json\/wp\/v2\/comments?post=92869"}],"wp:featuredmedia":[{"embeddable":true,"href":"https:\/\/lkw-teile-truckmotive.de\/index.php\/wp-json\/wp\/v2\/media\/178887"}],"wp:attachment":[{"href":"https:\/\/lkw-teile-truckmotive.de\/index.php\/wp-json\/wp\/v2\/media?parent=92869"}],"curies":[{"name":"wp","href":"https:\/\/api.w.org\/{rel}","templated":true}]}}