{"id":92926,"date":"2023-08-09T09:40:06","date_gmt":"2023-08-09T07:40:06","guid":{"rendered":"https:\/\/lkw-teile-truckmotive.de\/index.php\/produkt\/ventil-schnellloeseventil-9735000380-rapid"},"modified":"2025-05-11T18:18:57","modified_gmt":"2025-05-11T16:18:57","slug":"ventil-schnellloeseventil-9735000380-rapid","status":"publish","type":"product","link":"https:\/\/lkw-teile-truckmotive.de\/index.php\/produkt\/ventil-schnellloeseventil-9735000380-rapid","title":{"rendered":"Ventil Schnelll\u00f6seventil Arbeitsventil vgl. 9735000380 passt f\u00fcr diverse Fahrzeuge"},"content":{"rendered":"<div style=\"font-size:15px\">\n<h4>Ventil Schnelll\u00f6seventil Arbeitsventil vgl. 9735000380 passt f\u00fcr diverse Fahrzeuge<\/h4>\n<div class=\"table_info\">\n<p>Schnellarbeitsventil<\/p>\n<table>\n<tbody>\n<tr>\n<td>Gewindema\u00df 1<\/td>\n<td>M16 x 1,5<\/td>\n<\/tr>\n<tr>\n<td>Gewindema\u00df 2<\/td>\n<td>M22 x 1,5<\/td>\n<\/tr>\n<tr>\n<td>Betriebsdruck max.<\/td>\n<td>12 bar<\/td>\n<\/tr>\n<\/tbody>\n<\/table>\n<\/p><\/div>\n<p>                <span style=\"font-size:1px;color:white\">LKW, NFZ, Ersatz, Teil, Ersatzteil, Austausch, Reparatur, Wartung, \u00dcberholung, Schnelll\u00f6seventil, Bremse, Betriebsbremse, Entl\u00fcftungsventil, Ventil, Schnellarbeitsventil, DAF, MAN, Scania, Fruehauf, Renault, M16, M22, 12bar, Rapid, Auflieger, Trailer, Anh\u00e4nger<\/span><\/p>\n<h4>OE &amp; OEM Referenznummern:<\/h4>\n<p><a href=\"https:\/\/lkw-teile-truckmotive.de\/products\/N2509990170\">N2509990170<\/a>, <a href=\"https:\/\/lkw-teile-truckmotive.de\/products\/1504911\">1504911<\/a>, <a href=\"https:\/\/lkw-teile-truckmotive.de\/products\/1738495\">1738495<\/a>, <a href=\"https:\/\/lkw-teile-truckmotive.de\/products\/5021170468\">5021170468<\/a>, <a href=\"https:\/\/lkw-teile-truckmotive.de\/products\/9735000380\">9735000380<\/a>, <a href=\"https:\/\/lkw-teile-truckmotive.de\/products\/1504911\">1504911<\/a>, <a href=\"https:\/\/lkw-teile-truckmotive.de\/products\/356022011\">356022011<\/a>, <a href=\"https:\/\/lkw-teile-truckmotive.de\/products\/F00142402\">F00142402<\/a><\/p>\n<p><span style=\"font-size:12px\"><b>Hinweis: <\/b><br \/>Alle aufgef\u00fchrten Marken, Referenzen sowie Vergleichsnummern dienen lediglich dem Vergleichszweck.<br \/>\nDie angebotenen Artikel sind, sofern nicht anders angegeben, Nachbauteile in Erstausr\u00fcsterqualit\u00e4t.<\/span><\/p>\n<details>\n<summary style=\"cursor: pointer;color: #06c;font-size: 15px\">Herstellerinformation<\/summary>\n<div class=\"manufacturer-info\" style=\"padding: 10px;border: 1px solid #888;margin-top: 10px;background-color: #f9f9f9\">\n<p><b>Truckmotive GmbH<\/b><br \/>Welschenkamp 18<br \/>DE-47138 Duisburg &#8211; DE<br \/>Tel.: <br \/>Mail: hallo@truckmotive.de<\/p>\n<\/p><\/div>\n<\/details><\/div>\n","protected":false},"excerpt":{"rendered":"<div style=\"font-size:15px\">\n<p style=\"font-size:17px;color:black\"><b>Lieferumfang:<\/b><\/p>\n<p style=\"padding-top:6px\">1x Schnelll\u00f6seventil<\/p>\n<p><\/br><\/p>\n<p style=\"font-size:17px;color:black\"><b>Passend f\u00fcr<\/b><\/p>\n<ul style=\"padding-top:6px\">\n<li>Passend f\u00fcr diverse Auflieger\/Trailer u.a. DAF, MAN, Scania, Fruehauf, Renault<\/li>\n<\/ul>\n<p><span style=\"font-size:12px\">Das Ersatzteil passt unter anderem f\u00fcr die oben genannten Modelle. Bitte pr\u00fcfen Sie die Ersatzteil-Nummer, um eine Fehlbestellung zu vermeiden. Nicht sicher, ob das Teil passt? Kontaktieren Sie uns!<\/span><\/p>\n<\/div>\n","protected":false},"featured_media":151805,"comment_status":"open","ping_status":"closed","template":"","meta":[],"_links":{"self":[{"href":"https:\/\/lkw-teile-truckmotive.de\/index.php\/wp-json\/wp\/v2\/product\/92926"}],"collection":[{"href":"https:\/\/lkw-teile-truckmotive.de\/index.php\/wp-json\/wp\/v2\/product"}],"about":[{"href":"https:\/\/lkw-teile-truckmotive.de\/index.php\/wp-json\/wp\/v2\/types\/product"}],"replies":[{"embeddable":true,"href":"https:\/\/lkw-teile-truckmotive.de\/index.php\/wp-json\/wp\/v2\/comments?post=92926"}],"wp:featuredmedia":[{"embeddable":true,"href":"https:\/\/lkw-teile-truckmotive.de\/index.php\/wp-json\/wp\/v2\/media\/151805"}],"wp:attachment":[{"href":"https:\/\/lkw-teile-truckmotive.de\/index.php\/wp-json\/wp\/v2\/media?parent=92926"}],"curies":[{"name":"wp","href":"https:\/\/api.w.org\/{rel}","templated":true}]}}