{"id":92929,"date":"2023-08-09T09:48:05","date_gmt":"2023-08-09T07:48:05","guid":{"rendered":"https:\/\/lkw-teile-truckmotive.de\/index.php\/produkt\/ventil-anhaengersteuerventil-9730093000-mandaf-cf-lf45-rapid"},"modified":"2025-05-11T18:19:44","modified_gmt":"2025-05-11T16:19:44","slug":"ventil-anhaengersteuerventil-9730093000-mandaf-cf-lf45-rapid","status":"publish","type":"product","link":"https:\/\/lkw-teile-truckmotive.de\/index.php\/produkt\/ventil-anhaengersteuerventil-9730093000-mandaf-cf-lf45-rapid","title":{"rendered":"Ventil Anh\u00e4ngersteuerventil vgl. 9730093000 passt f\u00fcr MAN E2000 F2000 DAF 95XF XF95"},"content":{"rendered":"<div style=\"font-size:15px\">\n<h4>Ventil Anh\u00e4ngersteuerventil vgl. 9730093000 passt f\u00fcr MAN E2000 F2000 DAF 95XF XF95<\/h4>\n<div class=\"table_info\">\n<p>Anh\u00e4ngersteuerventil<br \/>\nQualitativ hochwertiger Nachbauartikel<\/p>\n<table>\n<tbody>\n<tr>\n<td>Voreilung<\/td>\n<td>0.2 bar<\/td>\n<\/tr>\n<tr>\n<td>Betriebsdruck max.<\/td>\n<td>10 bar<\/td>\n<\/tr>\n<tr>\n<td>Gewindema\u00df 1<\/td>\n<td>M16 x 1.5<\/td>\n<\/tr>\n<tr>\n<td>Gewindema\u00df 2<\/td>\n<td>M22 x 1.5<\/td>\n<\/tr>\n<\/tbody>\n<\/table>\n<\/p><\/div>\n<p>                <span style=\"font-size:1px;color:white\">LKW, NFZ, Ersatz, Ersatzteil, Austausch, Reparatur, Wartung, \u00dcberholung, Anh\u00e4nger, Ventil, Steuerung, Anh\u00e4ngersteuerventil, Drucksteuerventil, Druck, Bremsventil, Anh\u00e4ngerbremsventil, Steuerventil, DAF 95XF, DAF XF95, DAF LF45, MAN E2000, MAN F2000, <\/span><\/p>\n<h4>OE &amp; OEM Referenznummern:<\/h4>\n<p><a href=\"https:\/\/lkw-teile-truckmotive.de\/products\/1505477\">1505477<\/a>, <a href=\"https:\/\/lkw-teile-truckmotive.de\/products\/1339396\">1339396<\/a>, <a href=\"https:\/\/lkw-teile-truckmotive.de\/products\/1339396R\">1339396R<\/a>, <a href=\"https:\/\/lkw-teile-truckmotive.de\/products\/1339396A\">1339396A<\/a>, <a href=\"https:\/\/lkw-teile-truckmotive.de\/products\/1450726R\">1450726R<\/a>, <a href=\"https:\/\/lkw-teile-truckmotive.de\/products\/82523016015\">82523016015<\/a>, <a href=\"https:\/\/lkw-teile-truckmotive.de\/products\/5021170462\">5021170462<\/a>, <a href=\"https:\/\/lkw-teile-truckmotive.de\/products\/1450726A\">1450726A<\/a>, <a href=\"https:\/\/lkw-teile-truckmotive.de\/products\/1259855\">1259855<\/a>, <a href=\"https:\/\/lkw-teile-truckmotive.de\/products\/1259855R\">1259855R<\/a>, <a href=\"https:\/\/lkw-teile-truckmotive.de\/products\/1259855A\">1259855A<\/a>, <a href=\"https:\/\/lkw-teile-truckmotive.de\/products\/1450726\">1450726<\/a>, <a href=\"https:\/\/lkw-teile-truckmotive.de\/products\/AC599A\">AC599A<\/a><\/p>\n<p><span style=\"font-size:12px\"><b>Hinweis: <\/b><br \/>Alle aufgef\u00fchrten Marken, Referenzen sowie Vergleichsnummern dienen lediglich dem Vergleichszweck.<br \/>\nDie angebotenen Artikel sind, sofern nicht anders angegeben, Nachbauteile in Erstausr\u00fcsterqualit\u00e4t.<\/span><\/p>\n<details>\n<summary style=\"cursor: pointer;color: #06c;font-size: 15px\">Herstellerinformation<\/summary>\n<div class=\"manufacturer-info\" style=\"padding: 10px;border: 1px solid #888;margin-top: 10px;background-color: #f9f9f9\">\n<p><b>Truckmotive GmbH<\/b><br \/>Welschenkamp 18<br \/>DE-47138 Duisburg &#8211; DE<br \/>Tel.: <br \/>Mail: hallo@truckmotive.de<\/p>\n<\/p><\/div>\n<\/details><\/div>\n","protected":false},"excerpt":{"rendered":"<div style=\"font-size:15px\">\n<p style=\"font-size:17px;color:black\"><b>Lieferumfang:<\/b><\/p>\n<p style=\"padding-top:6px\">1x Anh\u00e4ngersteuerventil<\/p>\n<p><\/br><\/p>\n<p style=\"font-size:17px;color:black\"><b>Passend f\u00fcr<\/b><\/p>\n<ul style=\"padding-top:6px\">\n<li>DAF 65, 65CF, 75, 75CF, 85, 85CF, 95, 95XF, LF45, XF95<\/li>\n<li>MAN E2000, F2000<\/li>\n<\/ul>\n<p><span style=\"font-size:12px\">Das Ersatzteil passt unter anderem f\u00fcr die oben genannten Modelle. Bitte pr\u00fcfen Sie die Ersatzteil-Nummer, um eine Fehlbestellung zu vermeiden. Nicht sicher, ob das Teil passt? Kontaktieren Sie uns!<\/span><\/p>\n<\/div>\n","protected":false},"featured_media":151837,"comment_status":"open","ping_status":"closed","template":"","meta":[],"_links":{"self":[{"href":"https:\/\/lkw-teile-truckmotive.de\/index.php\/wp-json\/wp\/v2\/product\/92929"}],"collection":[{"href":"https:\/\/lkw-teile-truckmotive.de\/index.php\/wp-json\/wp\/v2\/product"}],"about":[{"href":"https:\/\/lkw-teile-truckmotive.de\/index.php\/wp-json\/wp\/v2\/types\/product"}],"replies":[{"embeddable":true,"href":"https:\/\/lkw-teile-truckmotive.de\/index.php\/wp-json\/wp\/v2\/comments?post=92929"}],"wp:featuredmedia":[{"embeddable":true,"href":"https:\/\/lkw-teile-truckmotive.de\/index.php\/wp-json\/wp\/v2\/media\/151837"}],"wp:attachment":[{"href":"https:\/\/lkw-teile-truckmotive.de\/index.php\/wp-json\/wp\/v2\/media?parent=92929"}],"curies":[{"name":"wp","href":"https:\/\/api.w.org\/{rel}","templated":true}]}}