{"id":94304,"date":"2023-08-25T22:28:48","date_gmt":"2023-08-25T20:28:48","guid":{"rendered":"https:\/\/lkw-teile-truckmotive.de\/index.php\/produkt\/geblaese-passend-fuer-man-tga-tgl-tgs-tgm-tgx"},"modified":"2026-03-24T13:28:20","modified_gmt":"2026-03-24T12:28:20","slug":"geblaese-passend-fuer-man-tga-tgl-tgs-tgm-tgx","status":"publish","type":"product","link":"https:\/\/lkw-teile-truckmotive.de\/index.php\/produkt\/geblaese-passend-fuer-man-tga-tgl-tgs-tgm-tgx","title":{"rendered":"Gebl\u00e4se Innenraumgebl\u00e4se 24V passend f\u00fcr MAN TGA, TGL, TGS, TGM, TGX"},"content":{"rendered":"<div style=\"font-size:15px\">\n<h4>Gebl\u00e4se Innenraumgebl\u00e4se 24V passend f\u00fcr MAN TGA, TGL, TGS, TGM, TGX<\/h4>\n<div class=\"table_info\">\n<p>Heizungsgebl\u00e4se &#8211; Innenraumgebl\u00e4se<br \/>\nQualitativ hochwertiger Nachbauartikel<\/p>\n<table>\n<tr>\n<td>Spannung<\/td>\n<td>24V<\/td>\n<\/tr>\n<tr>\n<td>Geh\u00e4usetyp<\/td>\n<td>Kunststoffgeh\u00e4use<\/td>\n<\/tr>\n<\/table>\n<\/p><\/div>\n<p>                <span style=\"font-size:1px;color:white\">Gebl\u00e4se, Heizung, InnenInnenraumgebl\u00e4se, Heizungsgebl\u00e4se, heizen, <\/span><\/p>\n<h4>OE &amp; OEM Referenznummern:<\/h4>\n<p><a href=\"https:\/\/lkw-teile-truckmotive.de\/products\/81619309086\">81619309086<\/a>, <a href=\"https:\/\/lkw-teile-truckmotive.de\/products\/81619306098\">81619306098<\/a>, <a href=\"https:\/\/lkw-teile-truckmotive.de\/products\/81619306083\">81619306083<\/a>, <a href=\"https:\/\/lkw-teile-truckmotive.de\/products\/81619306079\">81619306079<\/a>, <a href=\"https:\/\/lkw-teile-truckmotive.de\/products\/81619306101\">81619306101<\/a>, <a href=\"https:\/\/lkw-teile-truckmotive.de\/products\/81619306089\">81619306089<\/a>, <a href=\"https:\/\/lkw-teile-truckmotive.de\/products\/81619306086\">81619306086<\/a>, <a href=\"https:\/\/lkw-teile-truckmotive.de\/products\/8EW009158-151\">8EW009158-151<\/a>, <a href=\"https:\/\/lkw-teile-truckmotive.de\/products\/AB38000P\">AB38000P<\/a>, <a href=\"https:\/\/lkw-teile-truckmotive.de\/products\/87133\">87133<\/a>, <a href=\"https:\/\/lkw-teile-truckmotive.de\/products\/34141\">34141<\/a><\/p>\n<p><span style=\"font-size:12px\"><b>Hinweis: <\/b><br \/>Alle aufgef\u00fchrten Marken, Referenzen sowie Vergleichsnummern dienen lediglich dem Vergleichszweck.<br \/>\nDie angebotenen Artikel sind, sofern nicht anders angegeben, Nachbauteile in Erstausr\u00fcsterqualit\u00e4t.<\/span><\/p>\n<details>\n<summary style=\"cursor: pointer;color: #06c;font-size: 15px\">Herstellerinformation<\/summary>\n<div class=\"manufacturer-info\" style=\"padding: 10px;border: 1px solid #888;margin-top: 10px;background-color: #f9f9f9\">\n<p><b>Truckmotive GmbH<\/b><br \/>Welschenkamp 18<br \/>DE-47138 Duisburg &#8211; DE<br \/>Tel.: <br \/>Mail: hallo@truckmotive.de<\/p>\n<\/p><\/div>\n<\/details><\/div>\n","protected":false},"excerpt":{"rendered":"<div style=\"font-size:15px\">\n<p style=\"font-size:17px;color:black\"><b>Lieferumfang:<\/b><\/p>\n<p style=\"padding-top:6px\">1x Innenraumgebl\u00e4se<\/p>\n<p><\/br><\/p>\n<p style=\"font-size:17px;color:black\"><b>Passend f\u00fcr<\/b><\/p>\n<ul style=\"padding-top:6px\">\n<li>MAN TGA, TGL, TGS, TGM, TGX<\/li>\n<\/ul>\n<p><span style=\"font-size:12px\">Das Ersatzteil passt unter anderem f\u00fcr die oben genannten Modelle. Bitte pr\u00fcfen Sie die Ersatzteil-Nummer, um eine Fehlbestellung zu vermeiden. Nicht sicher, ob das Teil passt? Kontaktieren Sie uns!<\/span><\/p>\n<\/div>\n","protected":false},"featured_media":177693,"comment_status":"open","ping_status":"closed","template":"","meta":[],"_links":{"self":[{"href":"https:\/\/lkw-teile-truckmotive.de\/index.php\/wp-json\/wp\/v2\/product\/94304"}],"collection":[{"href":"https:\/\/lkw-teile-truckmotive.de\/index.php\/wp-json\/wp\/v2\/product"}],"about":[{"href":"https:\/\/lkw-teile-truckmotive.de\/index.php\/wp-json\/wp\/v2\/types\/product"}],"replies":[{"embeddable":true,"href":"https:\/\/lkw-teile-truckmotive.de\/index.php\/wp-json\/wp\/v2\/comments?post=94304"}],"wp:featuredmedia":[{"embeddable":true,"href":"https:\/\/lkw-teile-truckmotive.de\/index.php\/wp-json\/wp\/v2\/media\/177693"}],"wp:attachment":[{"href":"https:\/\/lkw-teile-truckmotive.de\/index.php\/wp-json\/wp\/v2\/media?parent=94304"}],"curies":[{"name":"wp","href":"https:\/\/api.w.org\/{rel}","templated":true}]}}