{"id":99203,"date":"2023-10-23T13:57:04","date_gmt":"2023-10-23T11:57:04","guid":{"rendered":"https:\/\/lkw-teile-truckmotive.de\/index.php\/produkt\/ventil-druckventil-kraftstoff-bosch-druckbegrenzungsventil-common-rail-system-1110010033-fuer-renault-trucks"},"modified":"2025-05-11T17:10:15","modified_gmt":"2025-05-11T15:10:15","slug":"ventil-druckventil-kraftstoff-bosch-druckbegrenzungsventil-common-rail-system-1110010033-fuer-renault-trucks","status":"publish","type":"product","link":"https:\/\/lkw-teile-truckmotive.de\/index.php\/produkt\/ventil-druckventil-kraftstoff-bosch-druckbegrenzungsventil-common-rail-system-1110010033-fuer-renault-trucks","title":{"rendered":"Ventil Druckventil BOSCH 1110010033 Druckbegrenzungsventil Common-Rail-System 1110010033 f\u00fcr Renault Trucks"},"content":{"rendered":"<div style=\"font-size:15px\">\n<h4>Ventil Druckventil BOSCH 1110010033 Druckbegrenzungsventil Common-Rail-System 1110010033 f\u00fcr Renault Trucks<\/h4>\n<div class=\"table_info\">\n<p>Original BOSCH 1110010033 Druckbegrenzungsventil &#8211; Common-Rail-System <\/p>\n<table>\n<tbody>\n<tr>\n<td>Funktion<\/td>\n<td>Gemischaufbereitung<\/td>\n<\/tr>\n<\/tbody>\n<\/table>\n<\/p><\/div>\n<p>                <span style=\"font-size:1px;color:white\">LKW, NFZ, Nutzfahrzeug, Reparatur, Wartung, Ersatz, Teil, Austausch, Ersatzteil, \u00dcberholung, Ventil, \u00dcberdruckventil, Sicherheitsventil, Druckbegrenzungsventil, Kraftstoff, Gasdruck, \u00dcberdruckabsicherung, Pumpendruck, Midlum, Kerax, Premium, Renault<\/span><\/p>\n<h4>OE &amp; OEM Referenznummern:<\/h4>\n<p><a href=\"https:\/\/lkw-teile-truckmotive.de\/products\/1110010033\">1110010033<\/a>, <a href=\"https:\/\/lkw-teile-truckmotive.de\/products\/F00R000756\">F00R000756<\/a>, <a href=\"https:\/\/lkw-teile-truckmotive.de\/products\/5001858409\">5001858409<\/a>, <a href=\"https:\/\/lkw-teile-truckmotive.de\/products\/5001858409\">5001858409<\/a><\/p>\n<p><span style=\"font-size:12px\"><b>Hinweis: <\/b><br \/>Alle aufgef\u00fchrten Marken, Referenzen sowie Vergleichsnummern dienen lediglich dem Vergleichszweck.<br \/>\nDie angebotenen Artikel sind, sofern nicht anders angegeben, Nachbauteile in Erstausr\u00fcsterqualit\u00e4t.<\/span><\/p>\n<details>\n<summary style=\"cursor: pointer;color: #06c;font-size: 15px\">Herstellerinformation<\/summary>\n<div class=\"manufacturer-info\" style=\"padding: 10px;border: 1px solid #888;margin-top: 10px;background-color: #f9f9f9\">\n<p><b>Robert Bosch GmbH<\/b><br \/>Robert-Bosch-Platz 1<br \/>DE-70839 Gerlingen-Schillerh\u00f6he &#8211; DE<br \/>Tel.: +49 711 400 40990<br \/>Mail: kontakt@bosch.de<\/p>\n<\/p><\/div>\n<\/details><\/div>\n","protected":false},"excerpt":{"rendered":"<div style=\"font-size:15px\">\n<p style=\"font-size:17px;color:black\"><b>Lieferumfang:<\/b><\/p>\n<p style=\"padding-top:6px\">1x Druckbegrenzungsventil<\/p>\n<p><\/br><\/p>\n<p style=\"font-size:17px;color:black\"><b>Passend f\u00fcr<\/b><\/p>\n<ul style=\"padding-top:6px\">\n<li>Renault Trucks Midlum, Kerax, Premium<\/li>\n<\/ul>\n<p><span style=\"font-size:12px\">Das Ersatzteil passt unter anderem f\u00fcr die oben genannten Modelle. Bitte pr\u00fcfen Sie die Ersatzteil-Nummer, um eine Fehlbestellung zu vermeiden. Nicht sicher, ob das Teil passt? Kontaktieren Sie uns!<\/span><\/p>\n<\/div>\n","protected":false},"featured_media":150233,"comment_status":"open","ping_status":"closed","template":"","meta":[],"_links":{"self":[{"href":"https:\/\/lkw-teile-truckmotive.de\/index.php\/wp-json\/wp\/v2\/product\/99203"}],"collection":[{"href":"https:\/\/lkw-teile-truckmotive.de\/index.php\/wp-json\/wp\/v2\/product"}],"about":[{"href":"https:\/\/lkw-teile-truckmotive.de\/index.php\/wp-json\/wp\/v2\/types\/product"}],"replies":[{"embeddable":true,"href":"https:\/\/lkw-teile-truckmotive.de\/index.php\/wp-json\/wp\/v2\/comments?post=99203"}],"wp:featuredmedia":[{"embeddable":true,"href":"https:\/\/lkw-teile-truckmotive.de\/index.php\/wp-json\/wp\/v2\/media\/150233"}],"wp:attachment":[{"href":"https:\/\/lkw-teile-truckmotive.de\/index.php\/wp-json\/wp\/v2\/media?parent=99203"}],"curies":[{"name":"wp","href":"https:\/\/api.w.org\/{rel}","templated":true}]}}