{"id":99339,"date":"2023-10-24T12:21:06","date_gmt":"2023-10-24T10:21:06","guid":{"rendered":"https:\/\/lkw-teile-truckmotive.de\/index.php\/produkt\/3-75e-1l-reinigungsmittel-alux-1l-zur-reinigung-und-konservierung-von-stark-verschmutzten-leichtmetallfelgen"},"modified":"2025-05-11T18:59:48","modified_gmt":"2025-05-11T16:59:48","slug":"3-75e-1l-reinigungsmittel-alux-1l-zur-reinigung-und-konservierung-von-stark-verschmutzten-leichtmetallfelgen","status":"publish","type":"product","link":"https:\/\/lkw-teile-truckmotive.de\/index.php\/produkt\/3-75e-1l-reinigungsmittel-alux-1l-zur-reinigung-und-konservierung-von-stark-verschmutzten-leichtmetallfelgen","title":{"rendered":"(3.75\u20ac\/1l) Reinigungsmittel Alux 1L, zur Reinigung und Konservierung von stark verschmutzten Leichtmetallfelgen"},"content":{"rendered":"<div style=\"font-size:15px\">\n<h4>Reinigungsmittel Alux 1L, zur Reinigung und Konservierung von stark verschmutzten Leichtmetallfelgen<\/h4>\n<div class=\"table_info\">\n<p>Konzentriertes Korrosionsschutz-Reinigungsmittel<br \/>\nzur zyklischen Reinigung von verschmutzten Aluminium-, Leichtmetallteilen sowie Elementen aus Edelstahl.<br \/>\nDas Reinigungsmittel entfernt den Bremsstaub, Flugrost und andere in der Luft befindliche Verschmutzungen.<br \/>\nSofortige Wirkung.<\/p>\n<table>\n<tr>Anwendung:<\/tr>\n<tr>\n<td>Leichtmetallfelgen, Aluminium-Bordw\u00e4nde, Radkappen, Verchromte Auspuff-Endrohre<\/td>\n<\/tr>\n<\/table>\n<p>Anwendungsweise:<br \/>\nDas Reinigungsmittel im Verh\u00e4ltnis von 1:3 bis 1:5 mit Wasser l\u00f6sen.<br \/>\nDie zu reinigende Fl\u00e4che einspr\u00fchen und mit einem Hochdruckreiniger absp\u00fclen.<\/p>\n<p><span style=\"color: green\"><em>PH-Wert:1<\/em><\/span><\/p>\n<p><span style=\"text-decoration: underline\"><strong>Gefahr!<\/strong><\/span><\/p>\n<p><img loading=\"lazy\" src=\"https:\/\/lkw-teile-truckmotive.de\/erp-files\/files\/other\/skull1cols3.jpg\" width=\"96px\" height=\"96px\" \/><br \/>\n<img loading=\"lazy\" src=\"https:\/\/lkw-teile-truckmotive.de\/erp-files\/files\/other\/acid1cols3.jpg\" width=\"96px\" height=\"96px\" \/><\/p>\n<p><strong>Gefahrenhinweise:<\/strong><\/p>\n<ul>\n<li>H314 Verursacht schwere Ver\u00e4tzungen der Haut und schwere Augensch\u00e4den.<\/li>\n<li>H318 Verursacht schwere Augensch\u00e4den.<\/li>\n<li>H301 Giftig bei Verschlucken.<\/li>\n<li>H310 Lebensgefahr bei Hautkontakt.<\/li>\n<li>H331 Giftig bei Einatmen.<\/li>\n<\/ul>\n<p><strong>Sicherheitshinweise:<\/strong> <\/p>\n<ul>\n<li>P270 Bei Gebrauch nicht essen, trinken oder rauchen.<\/li>\n<li>P271 Nur im Freien oder in gut bel\u00fcfteten R\u00e4umen verwenden.<\/li>\n<li>P280 Schutzhandschuhe\/Schutzkleidung\/Augenschutz\/Gesichtsschutz tragen.<\/li>\n<li>P301+P330+P331 BEI VERSCHLUCKEN: Mund aussp\u00fclen. KEIN Erbrechen herbeif\u00fchren.<\/li>\n<li>P303+P361+P353 BEI BER\u00dcHRUNG MIT DER HAUT (oder dem Haar): Alle kontaminierten<br \/>\nKleidungsst\u00fccke sofort ausziehen. Haut mit Wasser abwaschen [oder duschen].<\/li>\n<li>P301+P310 BEI VERSCHLUCKEN: Sofort GIFTINFORMATIONSZENTRUM\/Arzt\/\u2026 anrufen.<\/li>\n<li>P305+P351+P338 BEI KONTAKT MIT DEN AUGEN: Einige Minuten lang behutsam mit Wasser<br \/>\nsp\u00fclen. Eventuell vorhandene Kontaktlinsen nach M\u00f6glichkeit entfernen. Weiter<br \/>\nsp\u00fclen.\n<\/li>\n<li>P405 Unter Verschluss aufbewahren.<\/li>\n<\/ul>\n<\/p><\/div>\n<p>                <span style=\"font-size:1px;color:white\">Reiniger, Reinigung, L\u00f6sung, Konzentrat, Putzmittel, reinigen, putzen, s\u00e4ubern, wischen, auffrischen, entfernen, erhalten, gl\u00e4nzend, streifenfrei, s\u00e4ubern, Konservierung, Verschmutzung, zyklisch, Aluminium, Leichtmetall, Edelstahl, Flugrost, Felgen, Bordw\u00e4nde, Radkappen, Chrom, Auspuff, Endrohr, Hochdruckreiniger, Pflege<\/span><\/p>\n<h4>OE &amp; OEM Referenznummern:<\/h4>\n<p><a href=\"https:\/\/lkw-teile-truckmotive.de\/products\/WAA009A001AC000\">WAA009A001AC000<\/a><\/p>\n<p><span style=\"font-size:12px\"><b>Hinweis: <\/b><br \/>Alle aufgef\u00fchrten Marken, Referenzen sowie Vergleichsnummern dienen lediglich dem Vergleichszweck.<br \/>\nDie angebotenen Artikel sind, sofern nicht anders angegeben, Nachbauteile in Erstausr\u00fcsterqualit\u00e4t.<\/span><\/p>\n<details>\n<summary style=\"cursor: pointer;color: #06c;font-size: 15px\">Herstellerinformation<\/summary>\n<div class=\"manufacturer-info\" style=\"padding: 10px;border: 1px solid #888;margin-top: 10px;background-color: #f9f9f9\">\n<p>N.A.<\/p>\n<\/p><\/div>\n<\/details><\/div>\n","protected":false},"excerpt":{"rendered":"<div style=\"font-size:15px\">\n<p style=\"font-size:17px;color:black\"><b>Lieferumfang:<\/b><\/p>\n<p style=\"padding-top:6px\">1x Alux 1L<\/p>\n<p><\/br><\/p>\n<p style=\"font-size:17px;color:black\"><b>Passend f\u00fcr<\/b><\/p>\n<ul style=\"padding-top:6px\">\n<li>Leichtmetallfelgen, Aluminium-Bordw\u00e4nde<\/li>\n<li>Radkappen<\/li>\n<li>Verchromte Auspuff-Endrohre<\/li>\n<\/ul>\n<p><span style=\"font-size:12px\">Das Ersatzteil passt unter anderem f\u00fcr die oben genannten Modelle. Bitte pr\u00fcfen Sie die Ersatzteil-Nummer, um eine Fehlbestellung zu vermeiden. Nicht sicher, ob das Teil passt? Kontaktieren Sie uns!<\/span><\/p>\n<\/div>\n","protected":false},"featured_media":152778,"comment_status":"open","ping_status":"closed","template":"","meta":[],"_links":{"self":[{"href":"https:\/\/lkw-teile-truckmotive.de\/index.php\/wp-json\/wp\/v2\/product\/99339"}],"collection":[{"href":"https:\/\/lkw-teile-truckmotive.de\/index.php\/wp-json\/wp\/v2\/product"}],"about":[{"href":"https:\/\/lkw-teile-truckmotive.de\/index.php\/wp-json\/wp\/v2\/types\/product"}],"replies":[{"embeddable":true,"href":"https:\/\/lkw-teile-truckmotive.de\/index.php\/wp-json\/wp\/v2\/comments?post=99339"}],"wp:featuredmedia":[{"embeddable":true,"href":"https:\/\/lkw-teile-truckmotive.de\/index.php\/wp-json\/wp\/v2\/media\/152778"}],"wp:attachment":[{"href":"https:\/\/lkw-teile-truckmotive.de\/index.php\/wp-json\/wp\/v2\/media?parent=99339"}],"curies":[{"name":"wp","href":"https:\/\/api.w.org\/{rel}","templated":true}]}}