{"id":99446,"date":"2023-10-25T08:31:05","date_gmt":"2023-10-25T06:31:05","guid":{"rendered":"https:\/\/lkw-teile-truckmotive.de\/index.php\/produkt\/ventil-loeseventil-rot-passend-fuer-diverse-anhaenger-auflieger-trailer"},"modified":"2026-01-04T12:25:10","modified_gmt":"2026-01-04T11:25:10","slug":"ventil-loeseventil-rot-passend-fuer-diverse-anhaenger-auflieger-trailer","status":"publish","type":"product","link":"https:\/\/lkw-teile-truckmotive.de\/index.php\/produkt\/ventil-loeseventil-rot-passend-fuer-diverse-anhaenger-auflieger-trailer","title":{"rendered":"Ventil L\u00f6seventil rot passend f\u00fcr diverse Anh\u00e4nger Auflieger Trailer"},"content":{"rendered":"<div style=\"font-size:15px\">\n<h4>Ventil L\u00f6seventil rot passend f\u00fcr diverse Anh\u00e4nger Auflieger Trailer<\/h4>\n<div class=\"table_info\">\n<p>Teblox Schnelll\u00f6seventil<\/p>\n<table>\n<tr>\n<td>Gewindema\u00df<\/td>\n<td>M16 x 1.5mm<\/td>\n<\/tr>\n<tr>\n<td>max. Betriebsdruck<\/td>\n<td>8,5 Bar<\/td>\n<\/tr>\n<\/table>\n<\/p><\/div>\n<p>                <span style=\"font-size:1px;color:white\">LKW, NFZ, Ersatz, Teil, Ersatzteil, Austausch, Reparatur, Wartung, \u00dcberholung, Bremsventil, Anh\u00e4ngerbremsventil, Druckluftbremse,  Druckluftbremsanlage, Anh\u00e4nger, L\u00f6seventil, Auflieger, Trailer, rot, <\/span><\/p>\n<h4>OE &amp; OEM Referenznummern:<\/h4>\n<p><a href=\"https:\/\/lkw-teile-truckmotive.de\/products\/9630060030\">9630060030<\/a>, <a href=\"https:\/\/lkw-teile-truckmotive.de\/products\/867882\">867882<\/a>, <a href=\"https:\/\/lkw-teile-truckmotive.de\/products\/0867882\">0867882<\/a>, <a href=\"https:\/\/lkw-teile-truckmotive.de\/products\/010943\">010943<\/a>, <a href=\"https:\/\/lkw-teile-truckmotive.de\/products\/205137\">205137<\/a>, <a href=\"https:\/\/lkw-teile-truckmotive.de\/products\/M059438\">M059438<\/a>, <a href=\"https:\/\/lkw-teile-truckmotive.de\/products\/5810549\">5810549<\/a>, <a href=\"https:\/\/lkw-teile-truckmotive.de\/products\/5058105490\">5058105490<\/a>, <a href=\"https:\/\/lkw-teile-truckmotive.de\/products\/1133256\">1133256<\/a>, <a href=\"https:\/\/lkw-teile-truckmotive.de\/products\/503200201\">503200201<\/a>, <a href=\"https:\/\/lkw-teile-truckmotive.de\/products\/A05020219\">A05020219<\/a>, <a href=\"https:\/\/lkw-teile-truckmotive.de\/products\/5360-039\">5360-039<\/a>, <a href=\"https:\/\/lkw-teile-truckmotive.de\/products\/1795010\">1795010<\/a>, <a href=\"https:\/\/lkw-teile-truckmotive.de\/products\/0859815\">0859815<\/a>, <a href=\"https:\/\/lkw-teile-truckmotive.de\/products\/49501101001\">49501101001<\/a>, <a href=\"https:\/\/lkw-teile-truckmotive.de\/products\/1912350\">1912350<\/a><\/p>\n<p><span style=\"font-size:12px\"><b>Hinweis: <\/b><br \/>Alle aufgef\u00fchrten Marken, Referenzen sowie Vergleichsnummern dienen lediglich dem Vergleichszweck.<br \/>\nDie angebotenen Artikel sind, sofern nicht anders angegeben, Nachbauteile in Erstausr\u00fcsterqualit\u00e4t.<\/span><\/p>\n<details>\n<summary style=\"cursor: pointer;color: #06c;font-size: 15px\">Herstellerinformation<\/summary>\n<div class=\"manufacturer-info\" style=\"padding: 10px;border: 1px solid #888;margin-top: 10px;background-color: #f9f9f9\">\n<p><b>Truckmotive GmbH<\/b><br \/>Welschenkamp 18<br \/>DE-47138 Duisburg &#8211; DE<br \/>Tel.: <br \/>Mail: hallo@truckmotive.de<\/p>\n<\/p><\/div>\n<\/details><\/div>\n","protected":false},"excerpt":{"rendered":"<div style=\"font-size:15px\">\n<p style=\"font-size:17px;color:black\"><b>Lieferumfang:<\/b><\/p>\n<p style=\"padding-top:6px\">1x Schnelll\u00f6seventil<\/p>\n<p><\/br><\/p>\n<p style=\"font-size:17px;color:black\"><b>Passend f\u00fcr<\/b><\/p>\n<ul style=\"padding-top:6px\">\n<ul>\n<li>diverse Anh\u00e4nger\/Auflieger<\/li>\n<\/ul>\n<\/ul>\n<p><span style=\"font-size:12px\">Das Ersatzteil passt unter anderem f\u00fcr die oben genannten Modelle. Bitte pr\u00fcfen Sie die Ersatzteil-Nummer, um eine Fehlbestellung zu vermeiden. Nicht sicher, ob das Teil passt? Kontaktieren Sie uns!<\/span><\/p>\n<\/div>\n","protected":false},"featured_media":171413,"comment_status":"open","ping_status":"closed","template":"","meta":[],"_links":{"self":[{"href":"https:\/\/lkw-teile-truckmotive.de\/index.php\/wp-json\/wp\/v2\/product\/99446"}],"collection":[{"href":"https:\/\/lkw-teile-truckmotive.de\/index.php\/wp-json\/wp\/v2\/product"}],"about":[{"href":"https:\/\/lkw-teile-truckmotive.de\/index.php\/wp-json\/wp\/v2\/types\/product"}],"replies":[{"embeddable":true,"href":"https:\/\/lkw-teile-truckmotive.de\/index.php\/wp-json\/wp\/v2\/comments?post=99446"}],"wp:featuredmedia":[{"embeddable":true,"href":"https:\/\/lkw-teile-truckmotive.de\/index.php\/wp-json\/wp\/v2\/media\/171413"}],"wp:attachment":[{"href":"https:\/\/lkw-teile-truckmotive.de\/index.php\/wp-json\/wp\/v2\/media?parent=99446"}],"curies":[{"name":"wp","href":"https:\/\/api.w.org\/{rel}","templated":true}]}}