{"id":99636,"date":"2023-10-27T10:48:05","date_gmt":"2023-10-27T08:48:05","guid":{"rendered":"https:\/\/lkw-teile-truckmotive.de\/index.php\/produkt\/ventil-schnellloeseventil-mit-doppelabsperrung-vgl-9735000510-fuer-diverse-auflieger"},"modified":"2026-04-21T08:37:04","modified_gmt":"2026-04-21T06:37:04","slug":"ventil-schnellloeseventil-mit-doppelabsperrung-vgl-9735000510-fuer-diverse-auflieger","status":"publish","type":"product","link":"https:\/\/lkw-teile-truckmotive.de\/index.php\/produkt\/ventil-schnellloeseventil-mit-doppelabsperrung-vgl-9735000510-fuer-diverse-auflieger","title":{"rendered":"Ventil Schnelll\u00f6seventil mit Doppelabsperrung vgl. 9735000510 f\u00fcr diverse Auflieger"},"content":{"rendered":"<div style=\"font-size:15px\">\n<h4>Ventil Schnelll\u00f6seventil mit Doppelabsperrung vgl. 9735000510 f\u00fcr diverse Auflieger<\/h4>\n<div class=\"table_info\">\n<p>Teblox Schnelll\u00f6seventil &#8211; Schnellarbeitsventil<\/p>\n<table>\n<tr>\n<td>Betriebsdruck max.<\/td>\n<td>12 bar<\/td>\n<\/tr>\n<tr>\n<td>Gewindema\u00df 1<\/td>\n<td>M16 x 1.5<\/td>\n<\/tr>\n<tr>\n<td>Gewindema\u00df 2<\/td>\n<td>M22 x 1.5<\/td>\n<\/tr>\n<\/table>\n<\/p><\/div>\n<p>                <span style=\"font-size:1px;color:white\">LKW, NFZ, Nutzfahrzeug, Reparatur, Wartung, Ersatz, Teil, Austausch, Ersatzteil, \u00dcberholung, Ventil, Parkventil, Anh\u00e4nger, auflieger, Trailer, universal, universell, Druckluftbremse, Druckluftbremsanlage, L\u00f6seventil, Loeseventil, EBS, Schnelll\u00f6seventil<\/span><\/p>\n<h4>OE &amp; OEM Referenznummern:<\/h4>\n<p><a href=\"https:\/\/lkw-teile-truckmotive.de\/products\/9735000510\">9735000510<\/a>, <a href=\"https:\/\/lkw-teile-truckmotive.de\/products\/9735000517\">9735000517<\/a>, <a href=\"https:\/\/lkw-teile-truckmotive.de\/products\/5021170470\">5021170470<\/a>, <a href=\"https:\/\/lkw-teile-truckmotive.de\/products\/5815237\">5815237<\/a>, <a href=\"https:\/\/lkw-teile-truckmotive.de\/products\/N2521160028\">N2521160028<\/a>, <a href=\"https:\/\/lkw-teile-truckmotive.de\/products\/1505155\">1505155<\/a>, <a href=\"https:\/\/lkw-teile-truckmotive.de\/products\/339747\">339747<\/a>, <a href=\"https:\/\/lkw-teile-truckmotive.de\/products\/1788954\">1788954<\/a>, <a href=\"https:\/\/lkw-teile-truckmotive.de\/products\/350036211\">350036211<\/a><\/p>\n<p><span style=\"font-size:12px\"><b>Hinweis: <\/b><br \/>Alle aufgef\u00fchrten Marken, Referenzen sowie Vergleichsnummern dienen lediglich dem Vergleichszweck.<br \/>\nDie angebotenen Artikel sind, sofern nicht anders angegeben, Nachbauteile in Erstausr\u00fcsterqualit\u00e4t.<\/span><\/p>\n<details>\n<summary style=\"cursor: pointer;color: #06c;font-size: 15px\">Herstellerinformation<\/summary>\n<div class=\"manufacturer-info\" style=\"padding: 10px;border: 1px solid #888;margin-top: 10px;background-color: #f9f9f9\">\n<p><b>Truckmotive GmbH<\/b><br \/>Welschenkamp 18<br \/>DE-47138 Duisburg &#8211; DE<br \/>Tel.: <br \/>Mail: hallo@truckmotive.de<\/p>\n<\/p><\/div>\n<\/details><\/div>\n","protected":false},"excerpt":{"rendered":"<div style=\"font-size:15px\">\n<p style=\"font-size:17px;color:black\"><b>Lieferumfang:<\/b><\/p>\n<p style=\"padding-top:6px\">1x Schnelll\u00f6seventil<\/p>\n<p><\/br><\/p>\n<p style=\"font-size:17px;color:black\"><b>Passend f\u00fcr<\/b><\/p>\n<ul style=\"padding-top:6px\">\n<li>Diverse Auflieger\/Anh\u00e4nger<\/li>\n<\/ul>\n<p><span style=\"font-size:12px\">Das Ersatzteil passt unter anderem f\u00fcr die oben genannten Modelle. Bitte pr\u00fcfen Sie die Ersatzteil-Nummer, um eine Fehlbestellung zu vermeiden. Nicht sicher, ob das Teil passt? Kontaktieren Sie uns!<\/span><\/p>\n<\/div>\n","protected":false},"featured_media":179230,"comment_status":"open","ping_status":"closed","template":"","meta":[],"_links":{"self":[{"href":"https:\/\/lkw-teile-truckmotive.de\/index.php\/wp-json\/wp\/v2\/product\/99636"}],"collection":[{"href":"https:\/\/lkw-teile-truckmotive.de\/index.php\/wp-json\/wp\/v2\/product"}],"about":[{"href":"https:\/\/lkw-teile-truckmotive.de\/index.php\/wp-json\/wp\/v2\/types\/product"}],"replies":[{"embeddable":true,"href":"https:\/\/lkw-teile-truckmotive.de\/index.php\/wp-json\/wp\/v2\/comments?post=99636"}],"wp:featuredmedia":[{"embeddable":true,"href":"https:\/\/lkw-teile-truckmotive.de\/index.php\/wp-json\/wp\/v2\/media\/179230"}],"wp:attachment":[{"href":"https:\/\/lkw-teile-truckmotive.de\/index.php\/wp-json\/wp\/v2\/media?parent=99636"}],"curies":[{"name":"wp","href":"https:\/\/api.w.org\/{rel}","templated":true}]}}